{"id":93791,"date":"2021-02-21T21:47:47","date_gmt":"2021-02-21T21:47:47","guid":{"rendered":"https:\/\/www.autonvaraosahaku.fi\/?product=dr-motor-automotive-drm0262s-venttiilikopan-tiiviste"},"modified":"2021-02-21T21:47:48","modified_gmt":"2021-02-21T21:47:48","slug":"dr-motor-automotive-drm0262s-venttiilikopan-tiiviste","status":"publish","type":"product","link":"https:\/\/www.autonvaraosahaku.fi\/?product=dr-motor-automotive-drm0262s-venttiilikopan-tiiviste","title":{"rendered":"DR.MOTOR AUTOMOTIVE DRM0262S Venttiilikopan tiiviste"},"content":{"rendered":"<p>M\u00e4\u00e4r\u00e4: 4; MAZDA: 5 CR19,3 BK,6 Station Wagon GY,6 Kombi GH,6 Hatchback GG,6 GG,6 Schr\u00e4gheck GH,3 Stufenheck BK,6 GH; RF7J10508<\/p>\n","protected":false},"excerpt":{"rendered":"<p>DR.MOTOR AUTOMOTIVE Tiivistesarja, Vent. Koppa DRM0262S  MAZDA,5 CR19,3 BK,6 Station Wagon GY,6 Kombi GH,6 Hatchback GG,6 GG,6 Schr\u00e4gheck GH<\/p>\n","protected":false},"featured_media":0,"template":"","meta":{"site-sidebar-layout":"default","site-content-layout":"default","ast-global-header-display":"","ast-main-header-display":"","ast-hfb-above-header-display":"","ast-hfb-below-header-display":"","ast-hfb-mobile-header-display":"","site-post-title":"","ast-breadcrumbs-content":"","ast-featured-img":"","footer-sml-layout":"","theme-transparent-header-meta":"","adv-header-id-meta":"","stick-header-meta":"","header-above-stick-meta":"","header-main-stick-meta":"","header-below-stick-meta":""},"pwb-brand":[163],"product_cat":[44],"product_tag":[],"class_list":{"0":"post-93791","1":"product","2":"type-product","3":"status-publish","5":"pwb-brand-dr-motor-automotive","6":"product_cat-venttiilikopan-tiiviste","7":"desktop-align-left","8":"tablet-align-left","9":"mobile-align-left","11":"first","12":"instock","13":"product-type-external"},"brands":[{"id":163,"name":"DR.MOTOR AUTOMOTIVE","slug":"dr-motor-automotive"}],"_links":{"self":[{"href":"https:\/\/www.autonvaraosahaku.fi\/index.php?rest_route=\/wp\/v2\/product\/93791","targetHints":{"allow":["GET"]}}],"collection":[{"href":"https:\/\/www.autonvaraosahaku.fi\/index.php?rest_route=\/wp\/v2\/product"}],"about":[{"href":"https:\/\/www.autonvaraosahaku.fi\/index.php?rest_route=\/wp\/v2\/types\/product"}],"wp:attachment":[{"href":"https:\/\/www.autonvaraosahaku.fi\/index.php?rest_route=%2Fwp%2Fv2%2Fmedia&parent=93791"}],"wp:term":[{"taxonomy":"pwb-brand","embeddable":true,"href":"https:\/\/www.autonvaraosahaku.fi\/index.php?rest_route=%2Fwp%2Fv2%2Fpwb-brand&post=93791"},{"taxonomy":"product_cat","embeddable":true,"href":"https:\/\/www.autonvaraosahaku.fi\/index.php?rest_route=%2Fwp%2Fv2%2Fproduct_cat&post=93791"},{"taxonomy":"product_tag","embeddable":true,"href":"https:\/\/www.autonvaraosahaku.fi\/index.php?rest_route=%2Fwp%2Fv2%2Fproduct_tag&post=93791"}],"curies":[{"name":"wp","href":"https:\/\/api.w.org\/{rel}","templated":true}]}}