{"id":93796,"date":"2021-02-21T21:47:47","date_gmt":"2021-02-21T21:47:47","guid":{"rendered":"https:\/\/www.autonvaraosahaku.fi\/?product=mahle-original-lx-203-ilmansuodatin"},"modified":"2021-02-21T21:47:50","modified_gmt":"2021-02-21T21:47:50","slug":"mahle-original-lx-203-ilmansuodatin","status":"publish","type":"product","link":"https:\/\/www.autonvaraosahaku.fi\/?product=mahle-original-lx-203-ilmansuodatin","title":{"rendered":"MAHLE ORIGINAL LX 203 Ilmansuodatin"},"content":{"rendered":"<p>Suodatintyyppi: Suodatinpanos; Korkeus (mm): 52,5; Ulkol\u00e4pimitta [mm]: 272,0; Sis\u00e4l\u00e4pimitta 1 [mm]: 205,0; L\u00e4pimitta 4 [mm]: 217,0, 217,0; L\u00e4pimitta 3 [mm]: 205,0; Valmistusvuosi alkaen: 09\/1986; OPEL: CORSA B 73_, 78_, 79_,ASTRA F CC 53_, 54_, 58_, 59_,ASTRA F Caravan 51_, 52_,VECTRA A 86_, 87_,CORSA CLASSIC Stufenheck,ASTRA F 56_, 57_,KADETT E CC 33_, 34_, 43_, 44_,CORSA A CC 93_, 94_, 98_, 99_,KADETT C Coupe,MANTA B 58_, 59_,VECTRA A CC 88_, 89_,KADETT C,KADETT E Cabriolet 43B_,ASCONA B 81_, 86_, 87_, 88_,ASCONA C 81_, 86_, 87_, 88_,REKORD E 17_-19_, 11_, 14_, 16_,MANTA A 58_, 59_,CORSA A TR 91_, 92_, 96_, 97_,REKORD C,KADETT D 31_-34_, 41_-44_,KADETT E 39_, 49_,ASCONA C CC 84_, 89_,REKORD D,KADETT E Caravan 35_, 36_, 45_, 46_,ASCONA A 81_, 86_, 87_, 88_,MANTA B CC 53_, 55_,KADETT C City,CORSA B Utility Pick-up,REKORD C Coupe,REKORD E Caravan 61_, 66_, 67_,KADETT D 32_,37_,39, _42,REKORD D Coupe,KADETT C Caravan,REKORD C Caravan,KADETT D Caravan 35_, 36_, 45_, 46_,CORSA A Kasten,KADETT E Kasten 37_, 47_,REKORD D Caravan,ASCONA A Voyage 84_, 89_,KADETT E Combo 38_, 48_; VAUXHALL: ASTRA Mk II CC,CAVALIER Mk III 87,CAVALIER Mk III CC,CAVALIER Mk II CC,NOVA,NOVA CC,CARLTON Mk III; 1444L3, 1498439, 5000215, 5009226, 6G9T14014MBG, A700X9601AGA, A720X9601AGA, A810X9601NA, EFA85, 25062419, 3008022, 7998710, 0834801, 834257, 834270, 834801, 8960570, 93152971, 1444L3, 7998710, 93152971, VAF120, VAF490<\/p>\n","protected":false},"excerpt":{"rendered":"<p>MAHLE ORIGINAL Ilmansuodatin LX 203  OPEL,VAUXHALL,CORSA B 73_, 78_, 79_,ASTRA F CC 53_, 54_, 58_, 59_,ASTRA F Caravan 51_, 52_,VECTRA A 86_, 87_<\/p>\n","protected":false},"featured_media":0,"template":"","meta":{"site-sidebar-layout":"default","site-content-layout":"default","ast-global-header-display":"","ast-main-header-display":"","ast-hfb-above-header-display":"","ast-hfb-below-header-display":"","ast-hfb-mobile-header-display":"","site-post-title":"","ast-breadcrumbs-content":"","ast-featured-img":"","footer-sml-layout":"","theme-transparent-header-meta":"","adv-header-id-meta":"","stick-header-meta":"","header-above-stick-meta":"","header-main-stick-meta":"","header-below-stick-meta":""},"pwb-brand":[153],"product_cat":[31],"product_tag":[],"class_list":{"0":"post-93796","1":"product","2":"type-product","3":"status-publish","5":"pwb-brand-mahle-original","6":"product_cat-ilmansuodatin","7":"desktop-align-left","8":"tablet-align-left","9":"mobile-align-left","11":"first","12":"instock","13":"product-type-external"},"brands":[{"id":153,"name":"MAHLE ORIGINAL","slug":"mahle-original"}],"_links":{"self":[{"href":"https:\/\/www.autonvaraosahaku.fi\/index.php?rest_route=\/wp\/v2\/product\/93796","targetHints":{"allow":["GET"]}}],"collection":[{"href":"https:\/\/www.autonvaraosahaku.fi\/index.php?rest_route=\/wp\/v2\/product"}],"about":[{"href":"https:\/\/www.autonvaraosahaku.fi\/index.php?rest_route=\/wp\/v2\/types\/product"}],"wp:attachment":[{"href":"https:\/\/www.autonvaraosahaku.fi\/index.php?rest_route=%2Fwp%2Fv2%2Fmedia&parent=93796"}],"wp:term":[{"taxonomy":"pwb-brand","embeddable":true,"href":"https:\/\/www.autonvaraosahaku.fi\/index.php?rest_route=%2Fwp%2Fv2%2Fpwb-brand&post=93796"},{"taxonomy":"product_cat","embeddable":true,"href":"https:\/\/www.autonvaraosahaku.fi\/index.php?rest_route=%2Fwp%2Fv2%2Fproduct_cat&post=93796"},{"taxonomy":"product_tag","embeddable":true,"href":"https:\/\/www.autonvaraosahaku.fi\/index.php?rest_route=%2Fwp%2Fv2%2Fproduct_tag&post=93796"}],"curies":[{"name":"wp","href":"https:\/\/api.w.org\/{rel}","templated":true}]}}