{"id":93801,"date":"2021-02-21T21:47:47","date_gmt":"2021-02-21T21:47:47","guid":{"rendered":"https:\/\/www.autonvaraosahaku.fi\/?product=mahle-original-lx-486-ilmansuodatin"},"modified":"2021-02-21T21:47:52","modified_gmt":"2021-02-21T21:47:52","slug":"mahle-original-lx-486-ilmansuodatin","status":"publish","type":"product","link":"https:\/\/www.autonvaraosahaku.fi\/?product=mahle-original-lx-486-ilmansuodatin","title":{"rendered":"MAHLE ORIGINAL LX 486 Ilmansuodatin"},"content":{"rendered":"<p>Suodatintyyppi: Suodatinpanos; Korkeus (mm): 123,5; Ulkol\u00e4pimitta [mm]: 163,0; Sis\u00e4l\u00e4pimitta 1 [mm]: 119,0; L\u00e4pimitta 4 [mm]: 130,0, 130,0; L\u00e4pimitta 3 [mm]: 119,0; Valmistusvuoteen: 12\/1996; LADA: NIVA 2121; CITRO\u00cbN: BERLINGO MF,BERLINGO Kasten M_,XSARA N1,XSARA Break N2,XSARA Coupe N0,ZX N2,ZX Break N2,BX Break XB-_,C15 VD-_,C15 Kombi,XSARA Kasten,XSARA Kasten\/Schr\u00e4gheck; PEUGEOT: 306 Schr\u00e4gheck 7A, 7C, N3, N5,PARTNER Combispace 5F,205 II 20A\/C,PARTNER Kasten 5,306 Break 7E, N3, N5,306 7B, N3, N5,309 II 3C, 3A,306 Van N_, 7_,205 Kasten,PARTNER Pritsche\/Fahrgestell,306 Kasten\/Schr\u00e4gheck; 144484, 1444F5, 1444G0, 1444G1, 1444VF, 1444WH, 905605188, 9401444848, 95605128, 5012563, 5017034, 5017457, 860X9601BSA, 870X9601CMA, A840X9601UA, EFA355, 212151109100, 21215110910000, 144484, 1444F5, 1444G0, 1444G1, 1444VF, 1444WH, 144553, 144574, 144590, 9401444848<\/p>\n","protected":false},"excerpt":{"rendered":"<p>MAHLE ORIGINAL Ilmansuodatin LX 486  LADA,CITRO\u00cbN,PEUGEOT,NIVA 2121,BERLINGO MF,BERLINGO Kasten M_,XSARA N1,XSARA Break N2,XSARA Coupe N0,ZX N2<\/p>\n","protected":false},"featured_media":0,"template":"","meta":{"site-sidebar-layout":"default","site-content-layout":"default","ast-global-header-display":"","ast-main-header-display":"","ast-hfb-above-header-display":"","ast-hfb-below-header-display":"","ast-hfb-mobile-header-display":"","site-post-title":"","ast-breadcrumbs-content":"","ast-featured-img":"","footer-sml-layout":"","theme-transparent-header-meta":"","adv-header-id-meta":"","stick-header-meta":"","header-above-stick-meta":"","header-main-stick-meta":"","header-below-stick-meta":""},"pwb-brand":[153],"product_cat":[31],"product_tag":[],"class_list":{"0":"post-93801","1":"product","2":"type-product","3":"status-publish","5":"pwb-brand-mahle-original","6":"product_cat-ilmansuodatin","7":"desktop-align-left","8":"tablet-align-left","9":"mobile-align-left","11":"first","12":"instock","13":"product-type-external"},"brands":[{"id":153,"name":"MAHLE ORIGINAL","slug":"mahle-original"}],"_links":{"self":[{"href":"https:\/\/www.autonvaraosahaku.fi\/index.php?rest_route=\/wp\/v2\/product\/93801","targetHints":{"allow":["GET"]}}],"collection":[{"href":"https:\/\/www.autonvaraosahaku.fi\/index.php?rest_route=\/wp\/v2\/product"}],"about":[{"href":"https:\/\/www.autonvaraosahaku.fi\/index.php?rest_route=\/wp\/v2\/types\/product"}],"wp:attachment":[{"href":"https:\/\/www.autonvaraosahaku.fi\/index.php?rest_route=%2Fwp%2Fv2%2Fmedia&parent=93801"}],"wp:term":[{"taxonomy":"pwb-brand","embeddable":true,"href":"https:\/\/www.autonvaraosahaku.fi\/index.php?rest_route=%2Fwp%2Fv2%2Fpwb-brand&post=93801"},{"taxonomy":"product_cat","embeddable":true,"href":"https:\/\/www.autonvaraosahaku.fi\/index.php?rest_route=%2Fwp%2Fv2%2Fproduct_cat&post=93801"},{"taxonomy":"product_tag","embeddable":true,"href":"https:\/\/www.autonvaraosahaku.fi\/index.php?rest_route=%2Fwp%2Fv2%2Fproduct_tag&post=93801"}],"curies":[{"name":"wp","href":"https:\/\/api.w.org\/{rel}","templated":true}]}}