{"id":93805,"date":"2021-02-21T21:47:47","date_gmt":"2021-02-21T21:47:47","guid":{"rendered":"https:\/\/www.autonvaraosahaku.fi\/?product=mahle-original-kl-15-polttoainesuodatin"},"modified":"2021-02-21T21:47:53","modified_gmt":"2021-02-21T21:47:53","slug":"mahle-original-kl-15-polttoainesuodatin","status":"publish","type":"product","link":"https:\/\/www.autonvaraosahaku.fi\/?product=mahle-original-kl-15-polttoainesuodatin","title":{"rendered":"MAHLE ORIGINAL KL 15 Polttoainesuodatin"},"content":{"rendered":"<p>Suodatintyyppi: Letkusuodatin; Korkeus (mm): 143,5; Kopan l\u00e4pimitta (mm): 30; L\u00e4pimitta 1 [mm]: 34; L\u00e4pimitta 2 [mm]: 6,1; L\u00e4pimitta 3 [mm]: 6,1; Korkeus 1 (mm): 60,5; Polttoainej\u00e4rjestelm\u00e4: Vergaser; VW: TRANSPORTER IV Bus 70XB, 70XC, 7DB, 7DW,GOLF II 19E, 1G1,PASSAT Variant 3A5, 35I,GOLF I Cabriolet 155,TRANSPORTER III Bus,POLO 86C, 80,KAEFER,POLO Coupe 86C, 80,PASSAT 3A2, 35I,TRANSPORTER IV Pritsche\/Fahrgestell 70XD,SCIROCCO 53B,LT 28-35 I Kasten 281-363,GOLF I 17,LT 28-35 I Bus 281-363,CADDY I 14,JETTA II 19E, 1G2, 165,KAEFER Cabriolet 15,PASSAT Variant 32B,TRANSPORTER III Kasten,POLO CLASSIC 86C, 80,TRANSPORTER II Bus,LT 28-35 I Pritsche\/Fahrgestell 281-363,TRANSPORTER III Pritsche\/Fahrgestell,PASSAT 32B,LT 40-55 I Pritsche\/Fahrgestell 293-909,POLO 86,411412,SCIROCCO 53,SAFARI,1500,1600 Variant 36,ILTIS 183,JETTA I 16,1500,1600 31,DERBY 86C, 80,POLO Kasten 86CF,PASSAT 32,LT 40-55 I Kasten 291-512,DERBY 86,KARMANN GHIA Coupe 14, 34,1500,1600 Schr\u00e4gheck 31,PASSAT Stufenheck 32B,TRANSPORTER II Kasten,PASSAT Variant 33,SANTANA 32B,TRANSPORTER II Pritsche\/Fahrgestell; AUDI: 80 89, 89Q, 8A, B3,100 44, 44Q, C3,80 81, 85, B2,100 Avant 44, 44Q, C3,COUPE 81, 85,80 80, 82, B1,100 C1,100 Coupe C1,100 43, C2,50 86,100 Avant 43, C2,SUPER 90; LADA: 1200-1600,NOVA 2105,NOVA Kombi 2104,SAMARA Stufenheck 21099, 2115; SKODA: FAVORIT 781,FAVORIT Forman 785,FAVORIT Pick-up 787; HONDA: ACCORD VI Aerodeck CF; FORD: TRANSIT Bus V_ _,CAPRI III GECP,TRANSIT Kasten V_ _,TRANSIT Pritsche\/Fahrgestell V_ _,GRANADA GU,GRANADA Kombi GNU; RENAULT: RAPID Kasten F40_, G40_,17,15 130_; TRABANT: P 601,P 601 Universal,1.1,1.1 Universal,P 601 Tramp,P 601 Kasten,1.1 Tramp; NSU: RO 80; A810X9155DA, 131261275A, 191201511A, 251201511, 251201511C, 251201511G, 481209261, 803201511C, 803201511E, 803210151C<\/p>\n","protected":false},"excerpt":{"rendered":"<p>MAHLE ORIGINAL Polttoainesuodatin KL 15  VW,AUDI,LADA,TRANSPORTER IV Bus 70XB, 70XC, 7DB, 7DW,GOLF II 19E, 1G1,PASSAT Variant 3A5, 35I<\/p>\n","protected":false},"featured_media":0,"template":"","meta":{"site-sidebar-layout":"default","site-content-layout":"default","ast-global-header-display":"","ast-main-header-display":"","ast-hfb-above-header-display":"","ast-hfb-below-header-display":"","ast-hfb-mobile-header-display":"","site-post-title":"","ast-breadcrumbs-content":"","ast-featured-img":"","footer-sml-layout":"","theme-transparent-header-meta":"","adv-header-id-meta":"","stick-header-meta":"","header-above-stick-meta":"","header-main-stick-meta":"","header-below-stick-meta":""},"pwb-brand":[153],"product_cat":[29],"product_tag":[],"class_list":{"0":"post-93805","1":"product","2":"type-product","3":"status-publish","5":"pwb-brand-mahle-original","6":"product_cat-polttoainesuodatin","7":"desktop-align-left","8":"tablet-align-left","9":"mobile-align-left","11":"first","12":"instock","13":"product-type-external"},"brands":[{"id":153,"name":"MAHLE ORIGINAL","slug":"mahle-original"}],"_links":{"self":[{"href":"https:\/\/www.autonvaraosahaku.fi\/index.php?rest_route=\/wp\/v2\/product\/93805","targetHints":{"allow":["GET"]}}],"collection":[{"href":"https:\/\/www.autonvaraosahaku.fi\/index.php?rest_route=\/wp\/v2\/product"}],"about":[{"href":"https:\/\/www.autonvaraosahaku.fi\/index.php?rest_route=\/wp\/v2\/types\/product"}],"wp:attachment":[{"href":"https:\/\/www.autonvaraosahaku.fi\/index.php?rest_route=%2Fwp%2Fv2%2Fmedia&parent=93805"}],"wp:term":[{"taxonomy":"pwb-brand","embeddable":true,"href":"https:\/\/www.autonvaraosahaku.fi\/index.php?rest_route=%2Fwp%2Fv2%2Fpwb-brand&post=93805"},{"taxonomy":"product_cat","embeddable":true,"href":"https:\/\/www.autonvaraosahaku.fi\/index.php?rest_route=%2Fwp%2Fv2%2Fproduct_cat&post=93805"},{"taxonomy":"product_tag","embeddable":true,"href":"https:\/\/www.autonvaraosahaku.fi\/index.php?rest_route=%2Fwp%2Fv2%2Fproduct_tag&post=93805"}],"curies":[{"name":"wp","href":"https:\/\/api.w.org\/{rel}","templated":true}]}}