{"id":93814,"date":"2021-02-21T21:47:56","date_gmt":"2021-02-21T21:47:56","guid":{"rendered":"https:\/\/www.autonvaraosahaku.fi\/?product=luk-511-0285-10-kytkin-paasylinteri"},"modified":"2021-02-21T21:47:57","modified_gmt":"2021-02-21T21:47:57","slug":"luk-511-0285-10-kytkin-paasylinteri","status":"publish","type":"product","link":"https:\/\/www.autonvaraosahaku.fi\/?product=luk-511-0285-10-kytkin-paasylinteri","title":{"rendered":"LuK 511 0285 10 Kytkin p\u00e4\u00e4sylinteri"},"content":{"rendered":"<p>Vasen \/ oikea liikenne: f\u00fcr Linkslenker; RENAULT: CLIO III BR0\/1, CR0\/1,MODUS \/ GRAND MODUS F\/JP0_,CLIO Grandtour KR0\/1_,CLIO III Kasten SB_, SR_; 8200436137; P\u00e4\u00e4sylinteri, Kytkin<\/p>\n","protected":false},"excerpt":{"rendered":"<p>LuK Kytkin P\u00e4\u00e4sylinteri 511 0285 10 P\u00e4\u00e4sylinteri, Kytkin RENAULT,CLIO III BR0\/1, CR0\/1,MODUS \/ GRAND MODUS F\/JP0_,CLIO Grandtour KR0\/1_<\/p>\n","protected":false},"featured_media":0,"template":"","meta":{"site-sidebar-layout":"default","site-content-layout":"default","ast-global-header-display":"","ast-main-header-display":"","ast-hfb-above-header-display":"","ast-hfb-below-header-display":"","ast-hfb-mobile-header-display":"","site-post-title":"","ast-breadcrumbs-content":"","ast-featured-img":"","footer-sml-layout":"","theme-transparent-header-meta":"","adv-header-id-meta":"","stick-header-meta":"","header-above-stick-meta":"","header-main-stick-meta":"","header-below-stick-meta":""},"pwb-brand":[20],"product_cat":[239],"product_tag":[],"class_list":{"0":"post-93814","1":"product","2":"type-product","3":"status-publish","5":"pwb-brand-luk","6":"product_cat-kytkin-paasylinteri","7":"desktop-align-left","8":"tablet-align-left","9":"mobile-align-left","11":"first","12":"instock","13":"product-type-external"},"brands":[{"id":20,"name":"LuK","slug":"luk"}],"_links":{"self":[{"href":"https:\/\/www.autonvaraosahaku.fi\/index.php?rest_route=\/wp\/v2\/product\/93814","targetHints":{"allow":["GET"]}}],"collection":[{"href":"https:\/\/www.autonvaraosahaku.fi\/index.php?rest_route=\/wp\/v2\/product"}],"about":[{"href":"https:\/\/www.autonvaraosahaku.fi\/index.php?rest_route=\/wp\/v2\/types\/product"}],"wp:attachment":[{"href":"https:\/\/www.autonvaraosahaku.fi\/index.php?rest_route=%2Fwp%2Fv2%2Fmedia&parent=93814"}],"wp:term":[{"taxonomy":"pwb-brand","embeddable":true,"href":"https:\/\/www.autonvaraosahaku.fi\/index.php?rest_route=%2Fwp%2Fv2%2Fpwb-brand&post=93814"},{"taxonomy":"product_cat","embeddable":true,"href":"https:\/\/www.autonvaraosahaku.fi\/index.php?rest_route=%2Fwp%2Fv2%2Fproduct_cat&post=93814"},{"taxonomy":"product_tag","embeddable":true,"href":"https:\/\/www.autonvaraosahaku.fi\/index.php?rest_route=%2Fwp%2Fv2%2Fproduct_tag&post=93814"}],"curies":[{"name":"wp","href":"https:\/\/api.w.org\/{rel}","templated":true}]}}