{"id":93842,"date":"2021-02-21T21:48:04","date_gmt":"2021-02-21T21:48:04","guid":{"rendered":"https:\/\/www.autonvaraosahaku.fi\/?product=bosal-200-807-keskimmainen-aanenvaimennin"},"modified":"2021-02-21T21:48:08","modified_gmt":"2021-02-21T21:48:08","slug":"bosal-200-807-keskimmainen-aanenvaimennin","status":"publish","type":"product","link":"https:\/\/www.autonvaraosahaku.fi\/?product=bosal-200-807-keskimmainen-aanenvaimennin","title":{"rendered":"BOSAL 200-807 Keskimm\u00e4inen \u00e4\u00e4nenvaimennin"},"content":{"rendered":"<p>Katalysaattorimalli: f\u00fcr Fahrzeuge mit Katalysator; RENAULT: SC\u00c9NIC I JA0\/1_,MEGANE I BA0\/1_,MEGANE I Grandtour KA0\/1_,MEGANE I Classic LA0\/1_; 7700430050; Keski \u00c4\u00e4nenvaimennin,Keski\u00e4\u00e4nenvaimentaja<\/p>\n","protected":false},"excerpt":{"rendered":"<p>BOSAL Keskimm\u00e4inen \u00c4\u00e4nenvaimennin 200-807 Keski \u00c4\u00e4nenvaimennin,Keski\u00e4\u00e4nenvaimentaja RENAULT,SC\u00c9NIC I JA0\/1_,MEGANE I BA0\/1_,MEGANE I Grandtour KA0\/1_<\/p>\n","protected":false},"featured_media":0,"template":"","meta":{"site-sidebar-layout":"default","site-content-layout":"default","ast-global-header-display":"","ast-main-header-display":"","ast-hfb-above-header-display":"","ast-hfb-below-header-display":"","ast-hfb-mobile-header-display":"","site-post-title":"","ast-breadcrumbs-content":"","ast-featured-img":"","footer-sml-layout":"","theme-transparent-header-meta":"","adv-header-id-meta":"","stick-header-meta":"","header-above-stick-meta":"","header-main-stick-meta":"","header-below-stick-meta":""},"pwb-brand":[248],"product_cat":[212],"product_tag":[],"class_list":{"0":"post-93842","1":"product","2":"type-product","3":"status-publish","5":"pwb-brand-bosal","6":"product_cat-keskimmainen-aanenvaimennin","7":"desktop-align-left","8":"tablet-align-left","9":"mobile-align-left","11":"first","12":"instock","13":"product-type-external"},"brands":[{"id":248,"name":"BOSAL","slug":"bosal"}],"_links":{"self":[{"href":"https:\/\/www.autonvaraosahaku.fi\/index.php?rest_route=\/wp\/v2\/product\/93842","targetHints":{"allow":["GET"]}}],"collection":[{"href":"https:\/\/www.autonvaraosahaku.fi\/index.php?rest_route=\/wp\/v2\/product"}],"about":[{"href":"https:\/\/www.autonvaraosahaku.fi\/index.php?rest_route=\/wp\/v2\/types\/product"}],"wp:attachment":[{"href":"https:\/\/www.autonvaraosahaku.fi\/index.php?rest_route=%2Fwp%2Fv2%2Fmedia&parent=93842"}],"wp:term":[{"taxonomy":"pwb-brand","embeddable":true,"href":"https:\/\/www.autonvaraosahaku.fi\/index.php?rest_route=%2Fwp%2Fv2%2Fpwb-brand&post=93842"},{"taxonomy":"product_cat","embeddable":true,"href":"https:\/\/www.autonvaraosahaku.fi\/index.php?rest_route=%2Fwp%2Fv2%2Fproduct_cat&post=93842"},{"taxonomy":"product_tag","embeddable":true,"href":"https:\/\/www.autonvaraosahaku.fi\/index.php?rest_route=%2Fwp%2Fv2%2Fproduct_tag&post=93842"}],"curies":[{"name":"wp","href":"https:\/\/api.w.org\/{rel}","templated":true}]}}