{"id":93849,"date":"2021-02-21T21:48:04","date_gmt":"2021-02-21T21:48:04","guid":{"rendered":"https:\/\/www.autonvaraosahaku.fi\/?product=flennor-fg9908-hehkutulppa"},"modified":"2021-02-21T21:48:11","modified_gmt":"2021-02-21T21:48:11","slug":"flennor-fg9908-hehkutulppa","status":"publish","type":"product","link":"https:\/\/www.autonvaraosahaku.fi\/?product=flennor-fg9908-hehkutulppa","title":{"rendered":"FLENNOR FG9908 Hehkutulppa"},"content":{"rendered":"<p>Tarvittava kappalem\u00e4\u00e4r\u00e4: 4; MITSUBISHI: PAJERO II V3_W, V2_W, V4_W; ME201632, ME201638, ME202785, ME203583, ME203754, ME300970<\/p>\n","protected":false},"excerpt":{"rendered":"<p>FLENNOR Hehkutulppa FG9908  MITSUBISHI,PAJERO II V3_W, V2_W, V4_W<\/p>\n","protected":false},"featured_media":0,"template":"","meta":{"site-sidebar-layout":"default","site-content-layout":"default","ast-global-header-display":"","ast-main-header-display":"","ast-hfb-above-header-display":"","ast-hfb-below-header-display":"","ast-hfb-mobile-header-display":"","site-post-title":"","ast-breadcrumbs-content":"","ast-featured-img":"","footer-sml-layout":"","theme-transparent-header-meta":"","adv-header-id-meta":"","stick-header-meta":"","header-above-stick-meta":"","header-main-stick-meta":"","header-below-stick-meta":""},"pwb-brand":[513],"product_cat":[52],"product_tag":[],"class_list":{"0":"post-93849","1":"product","2":"type-product","3":"status-publish","5":"pwb-brand-flennor","6":"product_cat-hehkutulppa","7":"desktop-align-left","8":"tablet-align-left","9":"mobile-align-left","11":"first","12":"instock","13":"product-type-external"},"brands":[{"id":513,"name":"FLENNOR","slug":"flennor"}],"_links":{"self":[{"href":"https:\/\/www.autonvaraosahaku.fi\/index.php?rest_route=\/wp\/v2\/product\/93849","targetHints":{"allow":["GET"]}}],"collection":[{"href":"https:\/\/www.autonvaraosahaku.fi\/index.php?rest_route=\/wp\/v2\/product"}],"about":[{"href":"https:\/\/www.autonvaraosahaku.fi\/index.php?rest_route=\/wp\/v2\/types\/product"}],"wp:attachment":[{"href":"https:\/\/www.autonvaraosahaku.fi\/index.php?rest_route=%2Fwp%2Fv2%2Fmedia&parent=93849"}],"wp:term":[{"taxonomy":"pwb-brand","embeddable":true,"href":"https:\/\/www.autonvaraosahaku.fi\/index.php?rest_route=%2Fwp%2Fv2%2Fpwb-brand&post=93849"},{"taxonomy":"product_cat","embeddable":true,"href":"https:\/\/www.autonvaraosahaku.fi\/index.php?rest_route=%2Fwp%2Fv2%2Fproduct_cat&post=93849"},{"taxonomy":"product_tag","embeddable":true,"href":"https:\/\/www.autonvaraosahaku.fi\/index.php?rest_route=%2Fwp%2Fv2%2Fproduct_tag&post=93849"}],"curies":[{"name":"wp","href":"https:\/\/api.w.org\/{rel}","templated":true}]}}