{"id":93859,"date":"2021-02-21T21:48:12","date_gmt":"2021-02-21T21:48:12","guid":{"rendered":"https:\/\/www.autonvaraosahaku.fi\/?product=ferodo-ddf1624-jarrulevyt"},"modified":"2021-02-21T21:48:15","modified_gmt":"2021-02-21T21:48:15","slug":"ferodo-ddf1624-jarrulevyt","status":"publish","type":"product","link":"https:\/\/www.autonvaraosahaku.fi\/?product=ferodo-ddf1624-jarrulevyt","title":{"rendered":"FERODO DDF1624 Jarrulevyt"},"content":{"rendered":"<p>Korkeus (mm): 46; Paino [kg]: 15,3; Jarrulevytyyppi: Tuuletettu; Jarrulevyn paksuus (mm): 26; V\u00e4himm\u00e4ispaksuus (mm): 24,4; Ulkol\u00e4pimitta [mm]: 294; Reikien m\u00e4\u00e4r\u00e4: 5; keskitt\u00e4misl\u00e4pimitta [mm]: 69; Kiristysmomentti: 129; Reik\u00e4ympyr\u00e4-\u00d8 [mm]: 0; M\u00e4\u00e4r\u00e4yksikk\u00f6: Sarja; Korvaava tuote\/korvaava tiedote 2: ilman ruuveja; Pakkauspituus [cm]: 29,5; Pakkausleveys [cm]: 29,5; Pakkauskorkeus [mm]: 9,5; Tuotelinja: PREMIER; Asennuspuoli: Vorderachse; JEEP: COMPASS MK49,PATRIOT MK74; CHRYSLER: SEBRING JS,SEBRING Cabriolet JS; MITSUBISHI: ASX GA_W_; DODGE: CALIBER,AVENGER; 5105514AA, 15105514AA, 5105514AA, 15105514AA, 5105514AA, K05105514AA; Jarrulevy<\/p>\n","protected":false},"excerpt":{"rendered":"<p>FERODO Jarrulevyt DDF1624 Jarrulevy JEEP,CHRYSLER,MITSUBISHI,COMPASS MK49,PATRIOT MK74,SEBRING JS,SEBRING Cabriolet JS,ASX GA_W_,CALIBER,AVENGER<\/p>\n","protected":false},"featured_media":0,"template":"","meta":{"site-sidebar-layout":"default","site-content-layout":"default","ast-global-header-display":"","ast-main-header-display":"","ast-hfb-above-header-display":"","ast-hfb-below-header-display":"","ast-hfb-mobile-header-display":"","site-post-title":"","ast-breadcrumbs-content":"","ast-featured-img":"","footer-sml-layout":"","theme-transparent-header-meta":"","adv-header-id-meta":"","stick-header-meta":"","header-above-stick-meta":"","header-main-stick-meta":"","header-below-stick-meta":""},"pwb-brand":[298],"product_cat":[66],"product_tag":[],"class_list":{"0":"post-93859","1":"product","2":"type-product","3":"status-publish","5":"pwb-brand-ferodo","6":"product_cat-jarrulevyt","7":"desktop-align-left","8":"tablet-align-left","9":"mobile-align-left","11":"first","12":"instock","13":"product-type-external"},"brands":[{"id":298,"name":"FERODO","slug":"ferodo"}],"_links":{"self":[{"href":"https:\/\/www.autonvaraosahaku.fi\/index.php?rest_route=\/wp\/v2\/product\/93859","targetHints":{"allow":["GET"]}}],"collection":[{"href":"https:\/\/www.autonvaraosahaku.fi\/index.php?rest_route=\/wp\/v2\/product"}],"about":[{"href":"https:\/\/www.autonvaraosahaku.fi\/index.php?rest_route=\/wp\/v2\/types\/product"}],"wp:attachment":[{"href":"https:\/\/www.autonvaraosahaku.fi\/index.php?rest_route=%2Fwp%2Fv2%2Fmedia&parent=93859"}],"wp:term":[{"taxonomy":"pwb-brand","embeddable":true,"href":"https:\/\/www.autonvaraosahaku.fi\/index.php?rest_route=%2Fwp%2Fv2%2Fpwb-brand&post=93859"},{"taxonomy":"product_cat","embeddable":true,"href":"https:\/\/www.autonvaraosahaku.fi\/index.php?rest_route=%2Fwp%2Fv2%2Fproduct_cat&post=93859"},{"taxonomy":"product_tag","embeddable":true,"href":"https:\/\/www.autonvaraosahaku.fi\/index.php?rest_route=%2Fwp%2Fv2%2Fproduct_tag&post=93859"}],"curies":[{"name":"wp","href":"https:\/\/api.w.org\/{rel}","templated":true}]}}