{"id":93863,"date":"2021-02-21T21:48:12","date_gmt":"2021-02-21T21:48:12","guid":{"rendered":"https:\/\/www.autonvaraosahaku.fi\/?product=ferodo-ddf262-jarrulevyt"},"modified":"2021-02-21T21:48:17","modified_gmt":"2021-02-21T21:48:17","slug":"ferodo-ddf262-jarrulevyt","status":"publish","type":"product","link":"https:\/\/www.autonvaraosahaku.fi\/?product=ferodo-ddf262-jarrulevyt","title":{"rendered":"FERODO DDF262 Jarrulevyt"},"content":{"rendered":"<p>Korkeus (mm): 70; Paino [kg]: 17,09; Jarrulevytyyppi: Tuuletettu; Jarrulevyn paksuus (mm): 24; V\u00e4himm\u00e4ispaksuus (mm): 22; Ulkol\u00e4pimitta [mm]: 298; Reikien m\u00e4\u00e4r\u00e4: 5; keskitt\u00e4misl\u00e4pimitta [mm]: 101,6; Kiristysmomentti: 130; Reik\u00e4ympyr\u00e4-\u00d8 [mm]: 127; M\u00e4\u00e4r\u00e4yksikk\u00f6: Kappale; Korvaava tuote\/korvaava tiedote 2: ilman ruuveja; Pakkauspituus [cm]: 32; Pakkausleveys [cm]: 32; Pakkauskorkeus [mm]: 14; Tuotelinja: PREMIER; Valmistusvuosi alkaen: 12\/1989; LAND ROVER: DEFENDER Station Wagon LD,DISCOVERY II LJ, LT,DEFENDER Pick-up LD_,DEFENDER Cabrio LD,DISCOVERY I LJ, LG,RANGE ROVER I AE, AN, HAA, HAB, HAM, HBM, RE, RN,DEFENDER Pritsche\/Fahrgestell LD; FTC0902, FTC902, FTC902G, LR017952, FTC902; Jarrulevy<\/p>\n","protected":false},"excerpt":{"rendered":"<p>FERODO Jarrulevyt DDF262 Jarrulevy LAND ROVER,DEFENDER Station Wagon LD,DISCOVERY II LJ, LT,DEFENDER Pick-up LD_,DEFENDER Cabrio LD,DISCOVERY I LJ, LG<\/p>\n","protected":false},"featured_media":0,"template":"","meta":{"site-sidebar-layout":"default","site-content-layout":"default","ast-global-header-display":"","ast-main-header-display":"","ast-hfb-above-header-display":"","ast-hfb-below-header-display":"","ast-hfb-mobile-header-display":"","site-post-title":"","ast-breadcrumbs-content":"","ast-featured-img":"","footer-sml-layout":"","theme-transparent-header-meta":"","adv-header-id-meta":"","stick-header-meta":"","header-above-stick-meta":"","header-main-stick-meta":"","header-below-stick-meta":""},"pwb-brand":[298],"product_cat":[66],"product_tag":[],"class_list":{"0":"post-93863","1":"product","2":"type-product","3":"status-publish","5":"pwb-brand-ferodo","6":"product_cat-jarrulevyt","7":"desktop-align-left","8":"tablet-align-left","9":"mobile-align-left","11":"first","12":"instock","13":"product-type-external"},"brands":[{"id":298,"name":"FERODO","slug":"ferodo"}],"_links":{"self":[{"href":"https:\/\/www.autonvaraosahaku.fi\/index.php?rest_route=\/wp\/v2\/product\/93863","targetHints":{"allow":["GET"]}}],"collection":[{"href":"https:\/\/www.autonvaraosahaku.fi\/index.php?rest_route=\/wp\/v2\/product"}],"about":[{"href":"https:\/\/www.autonvaraosahaku.fi\/index.php?rest_route=\/wp\/v2\/types\/product"}],"wp:attachment":[{"href":"https:\/\/www.autonvaraosahaku.fi\/index.php?rest_route=%2Fwp%2Fv2%2Fmedia&parent=93863"}],"wp:term":[{"taxonomy":"pwb-brand","embeddable":true,"href":"https:\/\/www.autonvaraosahaku.fi\/index.php?rest_route=%2Fwp%2Fv2%2Fpwb-brand&post=93863"},{"taxonomy":"product_cat","embeddable":true,"href":"https:\/\/www.autonvaraosahaku.fi\/index.php?rest_route=%2Fwp%2Fv2%2Fproduct_cat&post=93863"},{"taxonomy":"product_tag","embeddable":true,"href":"https:\/\/www.autonvaraosahaku.fi\/index.php?rest_route=%2Fwp%2Fv2%2Fproduct_tag&post=93863"}],"curies":[{"name":"wp","href":"https:\/\/api.w.org\/{rel}","templated":true}]}}