{"id":93865,"date":"2021-02-21T21:48:12","date_gmt":"2021-02-21T21:48:12","guid":{"rendered":"https:\/\/www.autonvaraosahaku.fi\/?product=ferodo-ddf1558-jarrulevyt"},"modified":"2021-02-21T21:48:17","modified_gmt":"2021-02-21T21:48:17","slug":"ferodo-ddf1558-jarrulevyt","status":"publish","type":"product","link":"https:\/\/www.autonvaraosahaku.fi\/?product=ferodo-ddf1558-jarrulevyt","title":{"rendered":"FERODO DDF1558 Jarrulevyt"},"content":{"rendered":"<p>Korkeus (mm): 42; Paino [kg]: 7,02; Jarrulevytyyppi: Vakiomalli; Jarrulevyn paksuus (mm): 9; V\u00e4himm\u00e4ispaksuus (mm): 8; Ulkol\u00e4pimitta [mm]: 260; Reikien m\u00e4\u00e4r\u00e4: 5; keskitt\u00e4misl\u00e4pimitta [mm]: 64; Kiristysmomentti: 108; Reik\u00e4ympyr\u00e4-\u00d8 [mm]: 114,3; M\u00e4\u00e4r\u00e4yksikk\u00f6: Sarja; Korvaava tuote\/korvaava tiedote 2: ilman ruuveja; Pakkauspituus [cm]: 25,5; Pakkausleveys [cm]: 25,5; Pakkauskorkeus [mm]: 8,5; Tuotelinja: PREMIER; Asennuspuoli: Hinterachse; HONDA: CIVIC VIII Hatchback FN, FK,CIVIC VIII Stufenheck FD, FA,CIVIC IX Stufenheck FB, FG; 42510SMGE20, 42510SNAA00, 42510SNAA01, 42510SNEA00; Jarrulevy<\/p>\n","protected":false},"excerpt":{"rendered":"<p>FERODO Jarrulevyt DDF1558 Jarrulevy HONDA,CIVIC VIII Hatchback FN, FK,CIVIC VIII Stufenheck FD, FA,CIVIC IX Stufenheck FB, FG<\/p>\n","protected":false},"featured_media":0,"template":"","meta":{"site-sidebar-layout":"default","site-content-layout":"default","ast-global-header-display":"","ast-main-header-display":"","ast-hfb-above-header-display":"","ast-hfb-below-header-display":"","ast-hfb-mobile-header-display":"","site-post-title":"","ast-breadcrumbs-content":"","ast-featured-img":"","footer-sml-layout":"","theme-transparent-header-meta":"","adv-header-id-meta":"","stick-header-meta":"","header-above-stick-meta":"","header-main-stick-meta":"","header-below-stick-meta":""},"pwb-brand":[298],"product_cat":[66],"product_tag":[],"class_list":{"0":"post-93865","1":"product","2":"type-product","3":"status-publish","5":"pwb-brand-ferodo","6":"product_cat-jarrulevyt","7":"desktop-align-left","8":"tablet-align-left","9":"mobile-align-left","11":"first","12":"instock","13":"product-type-external"},"brands":[{"id":298,"name":"FERODO","slug":"ferodo"}],"_links":{"self":[{"href":"https:\/\/www.autonvaraosahaku.fi\/index.php?rest_route=\/wp\/v2\/product\/93865","targetHints":{"allow":["GET"]}}],"collection":[{"href":"https:\/\/www.autonvaraosahaku.fi\/index.php?rest_route=\/wp\/v2\/product"}],"about":[{"href":"https:\/\/www.autonvaraosahaku.fi\/index.php?rest_route=\/wp\/v2\/types\/product"}],"wp:attachment":[{"href":"https:\/\/www.autonvaraosahaku.fi\/index.php?rest_route=%2Fwp%2Fv2%2Fmedia&parent=93865"}],"wp:term":[{"taxonomy":"pwb-brand","embeddable":true,"href":"https:\/\/www.autonvaraosahaku.fi\/index.php?rest_route=%2Fwp%2Fv2%2Fpwb-brand&post=93865"},{"taxonomy":"product_cat","embeddable":true,"href":"https:\/\/www.autonvaraosahaku.fi\/index.php?rest_route=%2Fwp%2Fv2%2Fproduct_cat&post=93865"},{"taxonomy":"product_tag","embeddable":true,"href":"https:\/\/www.autonvaraosahaku.fi\/index.php?rest_route=%2Fwp%2Fv2%2Fproduct_tag&post=93865"}],"curies":[{"name":"wp","href":"https:\/\/api.w.org\/{rel}","templated":true}]}}