{"id":93879,"date":"2021-02-21T21:48:20","date_gmt":"2021-02-21T21:48:20","guid":{"rendered":"https:\/\/www.autonvaraosahaku.fi\/?product=master-sport-13046039942n-set-ms-jarrupalat"},"modified":"2021-02-21T21:48:24","modified_gmt":"2021-02-21T21:48:24","slug":"master-sport-13046039942n-set-ms-jarrupalat","status":"publish","type":"product","link":"https:\/\/www.autonvaraosahaku.fi\/?product=master-sport-13046039942n-set-ms-jarrupalat","title":{"rendered":"MASTER-SPORT 13046039942N-SET-MS Jarrupalat"},"content":{"rendered":"<p>Paksuus [mm]: 19,0; Jarruj\u00e4rjestelm\u00e4: Bosch; Leveys (mm): 136,8; Korkeus (mm): 52,0; Ruuvien m\u00e4\u00e4r\u00e4: 2; Kulumisenilmaisimen liitos: Ilman kulumisenilmaisinta, Ei kulumisenilmaisimelle; Korvaava tuote\/korvaava tiedote 2: Huudonvaimennuspellill\u00e4; Nettopaino [kg]: 1,44; Bruttopaino [kg]: 1,5; Asennuspuoli: Vorderachse; CITRO\u00cbN: BERLINGO MF,XSARA PICASSO N68,C2 JM_,C3 I FC_,C4 I LC_,DS3,BERLINGO Kasten M_,C3 Picasso,C3 II,XSARA N1,C4 Coupe LA_,XSARA Break N2,XSARA Coupe N0,DS3 Cabriolet,C2 ENTERPRISE,C-ELYSEE,C4 CACTUS,XSARA Kasten,C3 III SX,C3 AIRCROSS II,XSARA Kasten\/Schr\u00e4gheck; PEUGEOT: 206 Schr\u00e4gheck 2A\/C,206 CC 2D,207 WA_, WC_,307 SW 3H,307 3A\/C,207 SW WK_,206 SW 2E\/K,208,307 Break 3E,1007 KM_,PARTNER Combispace 5F,2008,PARTNER Kasten 5,207 Stufenheck,206 Stufenheck,301,207 Van,PARTNER Pritsche\/Fahrgestell,208 Kasten; DS: DS 3,DS 3 Cabriolet; 1610489680, 1611140680, 1611293980, 1614005880, 425218, 425240, 425330, 425342, 425423, 425475, E172558, 1610489680, 1611140680, 1611293980, 1613192280, 425221, 425238, 425239, 425259, 425276, 425338, 425341, 425423, 425475, 425486; Jarrupalasarja,Jarrupala, Levyjarru<\/p>\n","protected":false},"excerpt":{"rendered":"<p>MASTER-SPORT Jarrupalat Premium 13046039942N-SET-MS Jarrupalasarja,Jarrupala, Levyjarru CITRO\u00cbN,PEUGEOT,DS,BERLINGO MF,XSARA PICASSO N68,C2 JM_<\/p>\n","protected":false},"featured_media":0,"template":"","meta":{"site-sidebar-layout":"default","site-content-layout":"default","ast-global-header-display":"","ast-main-header-display":"","ast-hfb-above-header-display":"","ast-hfb-below-header-display":"","ast-hfb-mobile-header-display":"","site-post-title":"","ast-breadcrumbs-content":"","ast-featured-img":"","footer-sml-layout":"","theme-transparent-header-meta":"","adv-header-id-meta":"","stick-header-meta":"","header-above-stick-meta":"","header-main-stick-meta":"","header-below-stick-meta":""},"pwb-brand":[61],"product_cat":[100],"product_tag":[],"class_list":{"0":"post-93879","1":"product","2":"type-product","3":"status-publish","5":"pwb-brand-master-sport","6":"product_cat-jarrupalat","7":"desktop-align-left","8":"tablet-align-left","9":"mobile-align-left","11":"first","12":"instock","13":"product-type-external"},"brands":[{"id":61,"name":"MASTER-SPORT","slug":"master-sport"}],"_links":{"self":[{"href":"https:\/\/www.autonvaraosahaku.fi\/index.php?rest_route=\/wp\/v2\/product\/93879","targetHints":{"allow":["GET"]}}],"collection":[{"href":"https:\/\/www.autonvaraosahaku.fi\/index.php?rest_route=\/wp\/v2\/product"}],"about":[{"href":"https:\/\/www.autonvaraosahaku.fi\/index.php?rest_route=\/wp\/v2\/types\/product"}],"wp:attachment":[{"href":"https:\/\/www.autonvaraosahaku.fi\/index.php?rest_route=%2Fwp%2Fv2%2Fmedia&parent=93879"}],"wp:term":[{"taxonomy":"pwb-brand","embeddable":true,"href":"https:\/\/www.autonvaraosahaku.fi\/index.php?rest_route=%2Fwp%2Fv2%2Fpwb-brand&post=93879"},{"taxonomy":"product_cat","embeddable":true,"href":"https:\/\/www.autonvaraosahaku.fi\/index.php?rest_route=%2Fwp%2Fv2%2Fproduct_cat&post=93879"},{"taxonomy":"product_tag","embeddable":true,"href":"https:\/\/www.autonvaraosahaku.fi\/index.php?rest_route=%2Fwp%2Fv2%2Fproduct_tag&post=93879"}],"curies":[{"name":"wp","href":"https:\/\/api.w.org\/{rel}","templated":true}]}}