{"id":93885,"date":"2021-02-21T21:48:20","date_gmt":"2021-02-21T21:48:20","guid":{"rendered":"https:\/\/www.autonvaraosahaku.fi\/?product=ridex-82b0661-jarrulevyt"},"modified":"2021-02-21T21:48:26","modified_gmt":"2021-02-21T21:48:26","slug":"ridex-82b0661-jarrulevyt","status":"publish","type":"product","link":"https:\/\/www.autonvaraosahaku.fi\/?product=ridex-82b0661-jarrulevyt","title":{"rendered":"RIDEX 82B0661 Jarrulevyt"},"content":{"rendered":"<p>Asennuspuoli: Etuakseli, Vorderachse; Jarrulevytyyppi: Vakiomalli; L\u00e4pimitta [mm]: 237; Jarrulevyn paksuus (mm): 8; Reikien m\u00e4\u00e4r\u00e4: 3; Reik\u00e4ympyr\u00e4-\u00d8 [mm]: 98; Korvaava tuote\/korvaava tiedote 2: Ruuveilla; V\u00e4himm\u00e4ispaksuus (mm): 6; keskitt\u00e4misl\u00e4pimitta [mm]: 57; Korkeus (mm): 29; Kierremitta: 13,5; V\u00e4ri: Musta; Sis\u00e4l\u00e4pimitta [mm]: 124,5; PEUGEOT: 106 II 1,106 I 1A, 1C,106 Van 1_; CITRO\u00cbN: SAXO S0, S1,AX ZA-_; 169004, 4249C5, 95027199, 95638635, 95661810, 95661848, E169004, 4246F8, 4246G0, 4249C5, E169004; Jarrulevy<\/p>\n","protected":false},"excerpt":{"rendered":"<p>RIDEX Jarrulevyt 82B0661 Jarrulevy PEUGEOT,CITRO\u00cbN,106 II 1,106 I 1A, 1C,106 Van 1_,SAXO S0, S1,AX ZA-_<\/p>\n","protected":false},"featured_media":0,"template":"","meta":{"site-sidebar-layout":"default","site-content-layout":"default","ast-global-header-display":"","ast-main-header-display":"","ast-hfb-above-header-display":"","ast-hfb-below-header-display":"","ast-hfb-mobile-header-display":"","site-post-title":"","ast-breadcrumbs-content":"","ast-featured-img":"","footer-sml-layout":"","theme-transparent-header-meta":"","adv-header-id-meta":"","stick-header-meta":"","header-above-stick-meta":"","header-main-stick-meta":"","header-below-stick-meta":""},"pwb-brand":[157],"product_cat":[66],"product_tag":[],"class_list":{"0":"post-93885","1":"product","2":"type-product","3":"status-publish","5":"pwb-brand-ridex","6":"product_cat-jarrulevyt","7":"desktop-align-left","8":"tablet-align-left","9":"mobile-align-left","11":"first","12":"instock","13":"product-type-external"},"brands":[{"id":157,"name":"RIDEX","slug":"ridex"}],"_links":{"self":[{"href":"https:\/\/www.autonvaraosahaku.fi\/index.php?rest_route=\/wp\/v2\/product\/93885","targetHints":{"allow":["GET"]}}],"collection":[{"href":"https:\/\/www.autonvaraosahaku.fi\/index.php?rest_route=\/wp\/v2\/product"}],"about":[{"href":"https:\/\/www.autonvaraosahaku.fi\/index.php?rest_route=\/wp\/v2\/types\/product"}],"wp:attachment":[{"href":"https:\/\/www.autonvaraosahaku.fi\/index.php?rest_route=%2Fwp%2Fv2%2Fmedia&parent=93885"}],"wp:term":[{"taxonomy":"pwb-brand","embeddable":true,"href":"https:\/\/www.autonvaraosahaku.fi\/index.php?rest_route=%2Fwp%2Fv2%2Fpwb-brand&post=93885"},{"taxonomy":"product_cat","embeddable":true,"href":"https:\/\/www.autonvaraosahaku.fi\/index.php?rest_route=%2Fwp%2Fv2%2Fproduct_cat&post=93885"},{"taxonomy":"product_tag","embeddable":true,"href":"https:\/\/www.autonvaraosahaku.fi\/index.php?rest_route=%2Fwp%2Fv2%2Fproduct_tag&post=93885"}],"curies":[{"name":"wp","href":"https:\/\/api.w.org\/{rel}","templated":true}]}}