{"id":93891,"date":"2021-02-21T21:48:29","date_gmt":"2021-02-21T21:48:29","guid":{"rendered":"https:\/\/www.autonvaraosahaku.fi\/?product=meyle-100-103-0100-nokka-akselin-tiiviste"},"modified":"2021-02-21T21:48:29","modified_gmt":"2021-02-21T21:48:29","slug":"meyle-100-103-0100-nokka-akselin-tiiviste","status":"publish","type":"product","link":"https:\/\/www.autonvaraosahaku.fi\/?product=meyle-100-103-0100-nokka-akselin-tiiviste","title":{"rendered":"MEYLE 100 103 0100 Nokka akselin tiiviste"},"content":{"rendered":"<p>Ulkol\u00e4pimitta [mm]: 47; Sis\u00e4l\u00e4pimitta [mm]: 32; Korkeus (mm): 10; Asennuspuoli: Vaihteiston puoli; lis\u00e4tieto: ORIGINAL Quality; Valmistusvuoteen: 08\/1983; VW: GOLF III 1H1,GOLF II 19E, 1G1,PASSAT Variant 3A5, 35I,GOLF I Cabriolet 155,GOLF III Variant 1H5,POLO 86C, 80,POLO Coupe 86C, 80,PASSAT 3A2, 35I,CORRADO 53I,CADDY II Kasten 9K9A,VENTO 1H2,LT 28-35 I Kasten 281-363,GOLF I 17,CADDY I 14,LT 28-46 II Kasten 2DA, 2DD, 2DH,JETTA II 19E, 1G2, 165,PASSAT Variant 32B,LT 28-35 II Bus 2DB, 2DE, 2DK,POLO CLASSIC 86C, 80,LT 28-35 I Pritsche\/Fahrgestell 281-363,PASSAT 32B,POLO 86,JETTA I 16,DERBY 86C, 80,PASSAT 32,DERBY 86,PASSAT Variant 33; AUDI: A3 8L1,A4 8D2, B5,80 8C, B4,A6 4B2, C5,80 89, 89Q, 8A, B3,CABRIOLET 8G7, B4,100 4A, C4,A8 4D2, 4D8,100 44, 44Q, C3,A6 Avant 4A, C4,COUPE 89, 8B,80 81, 85, B2,100 Avant 4A, C4,100 Avant 44, 44Q, C3,COUPE 81, 85,V8 44_, 4C_,QUATTRO 85,200 44, 44Q,90 81, 85, B2; FORD: GALAXY WGR; SKODA: OCTAVIA Combi 1U5,OCTAVIA 1U2,FELICIA I 6U1,FELICIA II 6U1,FELICIA I Kombi 6U5,FELICIA II Kombi 6U5; SEAT: LEON 1M1,AROSA 6H,ALHAMBRA 7V8, 7V9,IBIZA II 6K1,CORDOBA 6K1, 6K2,CORDOBA Vario 6K1,TOLEDO I 1L,INCA 6K9; 026103085E, 068103085E, 1032523, 026103085E, 068103085E, 026103085E, 068103085E, 026103085E, 026103085F, 030103085A, 056103085B, 068103085A, 068103085E, 068103085Q; Akselitiiviste, Nokka-Akseli<\/p>\n","protected":false},"excerpt":{"rendered":"<p>MEYLE Nokka Akselin Tiiviste 100 103 0100 Akselitiiviste, Nokka-Akseli VW,AUDI,FORD,GOLF III 1H1,GOLF II 19E, 1G1,PASSAT Variant 3A5, 35I<\/p>\n","protected":false},"featured_media":0,"template":"","meta":{"site-sidebar-layout":"default","site-content-layout":"default","ast-global-header-display":"","ast-main-header-display":"","ast-hfb-above-header-display":"","ast-hfb-below-header-display":"","ast-hfb-mobile-header-display":"","site-post-title":"","ast-breadcrumbs-content":"","ast-featured-img":"","footer-sml-layout":"","theme-transparent-header-meta":"","adv-header-id-meta":"","stick-header-meta":"","header-above-stick-meta":"","header-main-stick-meta":"","header-below-stick-meta":""},"pwb-brand":[84],"product_cat":[122],"product_tag":[],"class_list":{"0":"post-93891","1":"product","2":"type-product","3":"status-publish","5":"pwb-brand-meyle","6":"product_cat-nokka-akselin-tiiviste","7":"desktop-align-left","8":"tablet-align-left","9":"mobile-align-left","11":"first","12":"instock","13":"product-type-external"},"brands":[{"id":84,"name":"MEYLE","slug":"meyle"}],"_links":{"self":[{"href":"https:\/\/www.autonvaraosahaku.fi\/index.php?rest_route=\/wp\/v2\/product\/93891","targetHints":{"allow":["GET"]}}],"collection":[{"href":"https:\/\/www.autonvaraosahaku.fi\/index.php?rest_route=\/wp\/v2\/product"}],"about":[{"href":"https:\/\/www.autonvaraosahaku.fi\/index.php?rest_route=\/wp\/v2\/types\/product"}],"wp:attachment":[{"href":"https:\/\/www.autonvaraosahaku.fi\/index.php?rest_route=%2Fwp%2Fv2%2Fmedia&parent=93891"}],"wp:term":[{"taxonomy":"pwb-brand","embeddable":true,"href":"https:\/\/www.autonvaraosahaku.fi\/index.php?rest_route=%2Fwp%2Fv2%2Fpwb-brand&post=93891"},{"taxonomy":"product_cat","embeddable":true,"href":"https:\/\/www.autonvaraosahaku.fi\/index.php?rest_route=%2Fwp%2Fv2%2Fproduct_cat&post=93891"},{"taxonomy":"product_tag","embeddable":true,"href":"https:\/\/www.autonvaraosahaku.fi\/index.php?rest_route=%2Fwp%2Fv2%2Fproduct_tag&post=93891"}],"curies":[{"name":"wp","href":"https:\/\/api.w.org\/{rel}","templated":true}]}}