{"id":93913,"date":"2021-02-21T21:48:37","date_gmt":"2021-02-21T21:48:37","guid":{"rendered":"https:\/\/www.autonvaraosahaku.fi\/?product=ridex-3229s0215-koiranluu"},"modified":"2021-02-21T21:48:38","modified_gmt":"2021-02-21T21:48:38","slug":"ridex-3229s0215-koiranluu","status":"publish","type":"product","link":"https:\/\/www.autonvaraosahaku.fi\/?product=ridex-3229s0215-koiranluu","title":{"rendered":"RIDEX 3229S0215 Koiranluu"},"content":{"rendered":"<p>Asennuspuoli: Etuakseli, vasen; Pituus (mm): 90; Tarvittava kappalem\u00e4\u00e4r\u00e4: 1; Tanko \/ tuki: Yhdystanko; Moottorinumero: APR; VW: GOLF IV 1J1,PASSAT Variant 3B6,PASSAT Variant 3B5,PASSAT 3B2,PASSAT 3B3; AUDI: A6 Avant 4F5, C6,A3 8L1,A4 8D2, B5,A4 Avant 8E5, B6,A6 Avant 4B5, C5,A4 Avant 8D5, B5,A4 8E2, B6,A6 4F2, C6,A6 4B2, C5,A4 Cabriolet 8H7, B6, 8HE, B7,CABRIOLET 8G7, B4,TT 8N3,A8 4E_,A8 4D2, 4D8,TT Roadster 8N9,A6 Avant 4A, C4,A6 4A, C4,COUPE 89, 8B,ALLROAD 4BH, C5,A8 4H_; SKODA: SUPERB 3U4,SUPERB 3T4; 8D0411317D, 8D0411317D, 8D0411317D; Kallistuksenvakaajan Yhdystanko,Tanko, Kallistuksenvaimennin<\/p>\n","protected":false},"excerpt":{"rendered":"<p>RIDEX Koiranluu 3229S0215 Kallistuksenvakaajan Yhdystanko,Tanko, Kallistuksenvaimennin VW,AUDI,SKODA,GOLF IV 1J1,PASSAT Variant 3B6,PASSAT Variant 3B5<\/p>\n","protected":false},"featured_media":0,"template":"","meta":{"site-sidebar-layout":"default","site-content-layout":"default","ast-global-header-display":"","ast-main-header-display":"","ast-hfb-above-header-display":"","ast-hfb-below-header-display":"","ast-hfb-mobile-header-display":"","site-post-title":"","ast-breadcrumbs-content":"","ast-featured-img":"","footer-sml-layout":"","theme-transparent-header-meta":"","adv-header-id-meta":"","stick-header-meta":"","header-above-stick-meta":"","header-main-stick-meta":"","header-below-stick-meta":""},"pwb-brand":[157],"product_cat":[38],"product_tag":[],"class_list":{"0":"post-93913","1":"product","2":"type-product","3":"status-publish","5":"pwb-brand-ridex","6":"product_cat-koiranluu","7":"desktop-align-left","8":"tablet-align-left","9":"mobile-align-left","11":"first","12":"instock","13":"product-type-external"},"brands":[{"id":157,"name":"RIDEX","slug":"ridex"}],"_links":{"self":[{"href":"https:\/\/www.autonvaraosahaku.fi\/index.php?rest_route=\/wp\/v2\/product\/93913","targetHints":{"allow":["GET"]}}],"collection":[{"href":"https:\/\/www.autonvaraosahaku.fi\/index.php?rest_route=\/wp\/v2\/product"}],"about":[{"href":"https:\/\/www.autonvaraosahaku.fi\/index.php?rest_route=\/wp\/v2\/types\/product"}],"wp:attachment":[{"href":"https:\/\/www.autonvaraosahaku.fi\/index.php?rest_route=%2Fwp%2Fv2%2Fmedia&parent=93913"}],"wp:term":[{"taxonomy":"pwb-brand","embeddable":true,"href":"https:\/\/www.autonvaraosahaku.fi\/index.php?rest_route=%2Fwp%2Fv2%2Fpwb-brand&post=93913"},{"taxonomy":"product_cat","embeddable":true,"href":"https:\/\/www.autonvaraosahaku.fi\/index.php?rest_route=%2Fwp%2Fv2%2Fproduct_cat&post=93913"},{"taxonomy":"product_tag","embeddable":true,"href":"https:\/\/www.autonvaraosahaku.fi\/index.php?rest_route=%2Fwp%2Fv2%2Fproduct_tag&post=93913"}],"curies":[{"name":"wp","href":"https:\/\/api.w.org\/{rel}","templated":true}]}}