{"id":9392,"date":"2021-02-21T14:05:45","date_gmt":"2021-02-21T14:05:45","guid":{"rendered":"https:\/\/www.autonvaraosahaku.fi\/?product=luk-415-0796-10-vauhtipyora"},"modified":"2021-02-21T14:05:46","modified_gmt":"2021-02-21T14:05:46","slug":"luk-415-0796-10-vauhtipyora","status":"publish","type":"product","link":"https:\/\/www.autonvaraosahaku.fi\/?product=luk-415-0796-10-vauhtipyora","title":{"rendered":"LuK 415 0796 10 Vauhtipy\u00f6r\u00e4"},"content":{"rendered":"<p>Vaihteistomalli: K\u00e4sivaihteisto; Kiinnitysreikien lukum\u00e4\u00e4r\u00e4: 8, 8; Lis\u00e4tarvike\/lis\u00e4tieto: Ohjauslaakerilla, Ohjauslaakerilla; suurin p\u00e4\u00e4st\u00f6kulma [Grad]: 19; Hammaslukum\u00e4\u00e4r\u00e4 (suurimman p\u00e4\u00e4st\u00f6kulman ilmoitus): 7; suurin heitto [mm]: 2,9; Korvaava tuote\/korvaava tiedote 2: Kaksoismassavauhtipy\u00f6r\u00e4 ilman kitka-ohjauslevy\u00e4; Vaihteistomalli: PK4; NISSAN: NV300 Kasten X82,NV300 Kombi X82; MERCEDES-BENZ: VITO Tourer W447,VITO Kasten W447,VITO Mixto W447; OPEL: VIVARO Combi,VIVARO Kasten,VIVARO Pritsche\/Fahrgestell; FIAT: TALENTO Kasten 296_,TALENTO Bus 296_,TALENTO Pritsche\/Fahrgestell 296_; RENAULT: TRAFIC III Kasten,TRAFIC III Bus,ESPACE V,GRAND SC\u00c9NIC IV R9_,SC\u00c9NIC IV J9_,TRAFIC III Pritsche\/Fahrgestell EG_; VAUXHALL: VIVARO Kasten,VIVARO Combi; 6000616523, 6000616523001, 6220300205, A6220300205, 1231000Q7A, 1231000Q7B, 4423033, 95517852, 123000636R, 123007270R, 123107183R, 4423033, 95517852<\/p>\n","protected":false},"excerpt":{"rendered":"<p>LuK Vauhtipy\u00f6r\u00e4 415 0796 10  NISSAN,MERCEDES-BENZ,OPEL,NV300 Kasten X82,NV300 Kombi X82,VITO Tourer W447,VITO Kasten W447,VITO Mixto W447,VIVARO Combi<\/p>\n","protected":false},"featured_media":0,"template":"","meta":{"site-sidebar-layout":"default","site-content-layout":"default","ast-global-header-display":"","ast-main-header-display":"","ast-hfb-above-header-display":"","ast-hfb-below-header-display":"","ast-hfb-mobile-header-display":"","site-post-title":"","ast-breadcrumbs-content":"","ast-featured-img":"","footer-sml-layout":"","theme-transparent-header-meta":"","adv-header-id-meta":"","stick-header-meta":"","header-above-stick-meta":"","header-main-stick-meta":"","header-below-stick-meta":""},"pwb-brand":[20],"product_cat":[68],"product_tag":[],"class_list":{"0":"post-9392","1":"product","2":"type-product","3":"status-publish","5":"pwb-brand-luk","6":"product_cat-vauhtipyora","7":"desktop-align-left","8":"tablet-align-left","9":"mobile-align-left","11":"first","12":"instock","13":"product-type-external"},"brands":[{"id":20,"name":"LuK","slug":"luk"}],"_links":{"self":[{"href":"https:\/\/www.autonvaraosahaku.fi\/index.php?rest_route=\/wp\/v2\/product\/9392","targetHints":{"allow":["GET"]}}],"collection":[{"href":"https:\/\/www.autonvaraosahaku.fi\/index.php?rest_route=\/wp\/v2\/product"}],"about":[{"href":"https:\/\/www.autonvaraosahaku.fi\/index.php?rest_route=\/wp\/v2\/types\/product"}],"wp:attachment":[{"href":"https:\/\/www.autonvaraosahaku.fi\/index.php?rest_route=%2Fwp%2Fv2%2Fmedia&parent=9392"}],"wp:term":[{"taxonomy":"pwb-brand","embeddable":true,"href":"https:\/\/www.autonvaraosahaku.fi\/index.php?rest_route=%2Fwp%2Fv2%2Fpwb-brand&post=9392"},{"taxonomy":"product_cat","embeddable":true,"href":"https:\/\/www.autonvaraosahaku.fi\/index.php?rest_route=%2Fwp%2Fv2%2Fproduct_cat&post=9392"},{"taxonomy":"product_tag","embeddable":true,"href":"https:\/\/www.autonvaraosahaku.fi\/index.php?rest_route=%2Fwp%2Fv2%2Fproduct_tag&post=9392"}],"curies":[{"name":"wp","href":"https:\/\/api.w.org\/{rel}","templated":true}]}}