{"id":93921,"date":"2021-02-21T21:48:37","date_gmt":"2021-02-21T21:48:37","guid":{"rendered":"https:\/\/www.autonvaraosahaku.fi\/?product=swag-10-94-5757-pyoranpultit"},"modified":"2021-02-21T21:48:41","modified_gmt":"2021-02-21T21:48:41","slug":"swag-10-94-5757-pyoranpultit","status":"publish","type":"product","link":"https:\/\/www.autonvaraosahaku.fi\/?product=swag-10-94-5757-pyoranpultit","title":{"rendered":"SWAG 10 94 5757 Py\u00f6r\u00e4npultit"},"content":{"rendered":"<p>Pituus (mm): 63; Ulkol\u00e4pimitta [mm]: 24,8; Ulkokierre [mm]: M14 x 1,5; Kierteen pituus (mm): 19; Laatu \/ luokka: 9.8; Avainv\u00e4li: 17; Ruuvikanta\/mutteriprofiili: Kuusioruuvi \/-mutteri; Py\u00f6r\u00e4n kiinnitys: Kuula istukka A\/G; Runkopituus [mm]: 23; V\u00e4ri: Musta; Materiaali: Ter\u00e4s; Ruuvin pituus ilman p\u00e4\u00e4t\u00e4: 48; Asennuspuoli: Taka-akseli, Etuakseli, Etuakseli; Ei vanteen koolle (tuuma): 17; MERCEDES-BENZ: GLK-CLASS X204,R-CLASS W251, V251,M-CLASS W166,S-CLASS W222, V222, X222,GL-CLASS X166,E-CLASS W213,GLC X253,E-CLASS T-Model S213,GLE W166,GLC Coupe C253,GLE Coupe C292,GLS X166,S-CLASS Coupe C217,E-CLASS Coupe C238,E-CLASS Cabriolet A238,S-CLASS Cabriolet A217,CLS C257,E-CLASS All-Terrain S213; 0009901807, 0009907607, A0009901807, A0009907607; Py\u00f6r\u00e4nruuvi<\/p>\n","protected":false},"excerpt":{"rendered":"<p>SWAG Py\u00f6r\u00e4npultit 10 94 5757 Py\u00f6r\u00e4nruuvi MERCEDES-BENZ,GLK-CLASS X204,R-CLASS W251, V251,M-CLASS W166,S-CLASS W222, V222, X222,GL-CLASS X166<\/p>\n","protected":false},"featured_media":0,"template":"","meta":{"site-sidebar-layout":"default","site-content-layout":"default","ast-global-header-display":"","ast-main-header-display":"","ast-hfb-above-header-display":"","ast-hfb-below-header-display":"","ast-hfb-mobile-header-display":"","site-post-title":"","ast-breadcrumbs-content":"","ast-featured-img":"","footer-sml-layout":"","theme-transparent-header-meta":"","adv-header-id-meta":"","stick-header-meta":"","header-above-stick-meta":"","header-main-stick-meta":"","header-below-stick-meta":""},"pwb-brand":[103],"product_cat":[51],"product_tag":[],"class_list":{"0":"post-93921","1":"product","2":"type-product","3":"status-publish","5":"pwb-brand-swag","6":"product_cat-pyoranpultit","7":"desktop-align-left","8":"tablet-align-left","9":"mobile-align-left","11":"first","12":"instock","13":"product-type-external"},"brands":[{"id":103,"name":"SWAG","slug":"swag"}],"_links":{"self":[{"href":"https:\/\/www.autonvaraosahaku.fi\/index.php?rest_route=\/wp\/v2\/product\/93921","targetHints":{"allow":["GET"]}}],"collection":[{"href":"https:\/\/www.autonvaraosahaku.fi\/index.php?rest_route=\/wp\/v2\/product"}],"about":[{"href":"https:\/\/www.autonvaraosahaku.fi\/index.php?rest_route=\/wp\/v2\/types\/product"}],"wp:attachment":[{"href":"https:\/\/www.autonvaraosahaku.fi\/index.php?rest_route=%2Fwp%2Fv2%2Fmedia&parent=93921"}],"wp:term":[{"taxonomy":"pwb-brand","embeddable":true,"href":"https:\/\/www.autonvaraosahaku.fi\/index.php?rest_route=%2Fwp%2Fv2%2Fpwb-brand&post=93921"},{"taxonomy":"product_cat","embeddable":true,"href":"https:\/\/www.autonvaraosahaku.fi\/index.php?rest_route=%2Fwp%2Fv2%2Fproduct_cat&post=93921"},{"taxonomy":"product_tag","embeddable":true,"href":"https:\/\/www.autonvaraosahaku.fi\/index.php?rest_route=%2Fwp%2Fv2%2Fproduct_tag&post=93921"}],"curies":[{"name":"wp","href":"https:\/\/api.w.org\/{rel}","templated":true}]}}