{"id":93923,"date":"2021-02-21T21:48:37","date_gmt":"2021-02-21T21:48:37","guid":{"rendered":"https:\/\/www.autonvaraosahaku.fi\/?product=ajusa-22008700-kierretulppa"},"modified":"2021-02-21T21:48:42","modified_gmt":"2021-02-21T21:48:42","slug":"ajusa-22008700-kierretulppa","status":"publish","type":"product","link":"https:\/\/www.autonvaraosahaku.fi\/?product=ajusa-22008700-kierretulppa","title":{"rendered":"AJUSA 22008700 Kierretulppa"},"content":{"rendered":"<p>Paksuus [mm]: 1,5; Sis\u00e4l\u00e4pimitta [mm]: 18; Ulkol\u00e4pimitta [mm]: 24; Rakennemalli: C30; MERCEDES-BENZ: VARIO Kasten\/Kombi,VARIO Pritsche\/Fahrgestell,VARIO Kipper,VARIO Bus,VARIO Triebkopf; VOLVO: V40 Kombi VW,V70 II SW,V50 MW,XC60,XC90 I,V70 I LV,S60 I,850 Kombi LW,V70 III BW,C30,S80 I TS, XY,V60,S40 II MS,XC70 CROSS COUNTRY,S40 I VS,C70 II Cabriolet,V40 Schr\u00e4gheck,XC70 II,S80 II AS,S60 II,C70 I Cabriolet,C70 I Coupe,850 LS,960 II Kombi 965,S70 LS,960 II 964,V90 Kombi,960 Kombi 965,960 964,S90,XC90 II,V90 II,S90 II,XC60 II,XC40 536; FORD: MONDEO IV Turnier BA7,FOCUS II DA_,KUGA I,MONDEO IV BA7,MONDEO IV Stufenheck BA7; RENAULT: LAGUNA I B56_, 556_,LAGUNA I Grandtour K56_,SAFRANE II B54_; PORSCHE: CAYENNE 955,BOXSTER 986,911 996,911 997,BOXSTER 987,CAYENNE,PANAMERA,911 Cabriolet 996,CAYMAN 987,911 Cabriolet 997,BOXSTER 981,911 991,356 Coupe,911 Targa 996,CAYMAN 981,911 Targa 997,356 Cabriolet\/Speedster,911 Cabriolet 991,BOXTER Spyder,911 Targa 991; 1386502, W712097S300, 9043018031, 977751, 977751, 9777510; Tiiviste, \u00d6ljynlaskutulppa<\/p>\n","protected":false},"excerpt":{"rendered":"<p>AJUSA \u00d6ljytulpan Tiiviste 22008700 Tiiviste, \u00d6ljynlaskutulppa MERCEDES-BENZ,VOLVO,FORD,VARIO Kasten\/Kombi,VARIO Pritsche\/Fahrgestell,VARIO Kipper<\/p>\n","protected":false},"featured_media":0,"template":"","meta":{"site-sidebar-layout":"default","site-content-layout":"default","ast-global-header-display":"","ast-main-header-display":"","ast-hfb-above-header-display":"","ast-hfb-below-header-display":"","ast-hfb-mobile-header-display":"","site-post-title":"","ast-breadcrumbs-content":"","ast-featured-img":"","footer-sml-layout":"","theme-transparent-header-meta":"","adv-header-id-meta":"","stick-header-meta":"","header-above-stick-meta":"","header-main-stick-meta":"","header-below-stick-meta":""},"pwb-brand":[211],"product_cat":[40],"product_tag":[],"class_list":{"0":"post-93923","1":"product","2":"type-product","3":"status-publish","5":"pwb-brand-ajusa","6":"product_cat-kierretulppa","7":"desktop-align-left","8":"tablet-align-left","9":"mobile-align-left","11":"first","12":"instock","13":"product-type-external"},"brands":[{"id":211,"name":"AJUSA","slug":"ajusa"}],"_links":{"self":[{"href":"https:\/\/www.autonvaraosahaku.fi\/index.php?rest_route=\/wp\/v2\/product\/93923","targetHints":{"allow":["GET"]}}],"collection":[{"href":"https:\/\/www.autonvaraosahaku.fi\/index.php?rest_route=\/wp\/v2\/product"}],"about":[{"href":"https:\/\/www.autonvaraosahaku.fi\/index.php?rest_route=\/wp\/v2\/types\/product"}],"wp:attachment":[{"href":"https:\/\/www.autonvaraosahaku.fi\/index.php?rest_route=%2Fwp%2Fv2%2Fmedia&parent=93923"}],"wp:term":[{"taxonomy":"pwb-brand","embeddable":true,"href":"https:\/\/www.autonvaraosahaku.fi\/index.php?rest_route=%2Fwp%2Fv2%2Fpwb-brand&post=93923"},{"taxonomy":"product_cat","embeddable":true,"href":"https:\/\/www.autonvaraosahaku.fi\/index.php?rest_route=%2Fwp%2Fv2%2Fproduct_cat&post=93923"},{"taxonomy":"product_tag","embeddable":true,"href":"https:\/\/www.autonvaraosahaku.fi\/index.php?rest_route=%2Fwp%2Fv2%2Fproduct_tag&post=93923"}],"curies":[{"name":"wp","href":"https:\/\/api.w.org\/{rel}","templated":true}]}}