{"id":93924,"date":"2021-02-21T21:48:37","date_gmt":"2021-02-21T21:48:37","guid":{"rendered":"https:\/\/www.autonvaraosahaku.fi\/?product=topran-110-079-jarrulevyt"},"modified":"2021-02-21T21:48:43","modified_gmt":"2021-02-21T21:48:43","slug":"topran-110-079-jarrulevyt","status":"publish","type":"product","link":"https:\/\/www.autonvaraosahaku.fi\/?product=topran-110-079-jarrulevyt","title":{"rendered":"TOPRAN 110 079 Jarrulevyt"},"content":{"rendered":"<p>Asennuspuoli: Taka-akseli; Jarrulevytyyppi: Vakiomalli; Ulkol\u00e4pimitta [mm]: 255; Napa-\u00d8 (mm): 150; keskitt\u00e4misl\u00e4pimitta [mm]: 65; Jarrulevyn paksuus (mm): 10; Korkeus (mm): 51,6; Vanne, aukkoja: 5; Reik\u00e4ympyr\u00e4-\u00d8 [mm]: 112; Vaihdettava pareittain: ; Pinta: pinnoitettu; PR-numerolle: 1KD; VW: GOLF V 1K1,GOLF VI 5K1,GOLF PLUS 5M1, 521,CADDY III Kombi 2KB, 2KJ, 2CB, 2CJ,CADDY III Kasten 2KA, 2KH, 2CA, 2CH,EOS 1F7, 1F8,SCIROCCO 137, 138,JETTA III 1K2,BEETLE 5C1,JETTA IV 162, 163,BEETLE Cabriolet 5C7; AUDI: A3 8P1,A3 Sportback 8PA; SKODA: OCTAVIA Combi 1Z5,YETI 5L,OCTAVIA 1Z3; SEAT: LEON 1P1,ALTEA 5P1,LEON 5F1,ALTEA XL 5P5, 5P8,LEON ST 5F8,TOLEDO III 5P2; 1K0615601AB, 1K0615601K, 5C0615601, 5C0615601A, 5Q0615601F, 1K0615601AB, 1K0615601K, 5C0615601, 5C0615601A, 5Q0615601F, 1K0615601AB, 1K0615601K, 5C0615601, 5C0615601A, 5Q0615601F, 1K0615601AB, 1K0615601K, 5C0615601, 5C0615601A, 5Q0615601F; Jarrulevy<\/p>\n","protected":false},"excerpt":{"rendered":"<p>TOPRAN Jarrulevyt 110 079 Jarrulevy VW,AUDI,SKODA,GOLF V 1K1,GOLF VI 5K1,GOLF PLUS 5M1, 521,CADDY III Kombi 2KB, 2KJ, 2CB, 2CJ<\/p>\n","protected":false},"featured_media":0,"template":"","meta":{"site-sidebar-layout":"default","site-content-layout":"default","ast-global-header-display":"","ast-main-header-display":"","ast-hfb-above-header-display":"","ast-hfb-below-header-display":"","ast-hfb-mobile-header-display":"","site-post-title":"","ast-breadcrumbs-content":"","ast-featured-img":"","footer-sml-layout":"","theme-transparent-header-meta":"","adv-header-id-meta":"","stick-header-meta":"","header-above-stick-meta":"","header-main-stick-meta":"","header-below-stick-meta":""},"pwb-brand":[18],"product_cat":[66],"product_tag":[],"class_list":{"0":"post-93924","1":"product","2":"type-product","3":"status-publish","5":"pwb-brand-topran","6":"product_cat-jarrulevyt","7":"desktop-align-left","8":"tablet-align-left","9":"mobile-align-left","11":"first","12":"instock","13":"product-type-external"},"brands":[{"id":18,"name":"TOPRAN","slug":"topran"}],"_links":{"self":[{"href":"https:\/\/www.autonvaraosahaku.fi\/index.php?rest_route=\/wp\/v2\/product\/93924","targetHints":{"allow":["GET"]}}],"collection":[{"href":"https:\/\/www.autonvaraosahaku.fi\/index.php?rest_route=\/wp\/v2\/product"}],"about":[{"href":"https:\/\/www.autonvaraosahaku.fi\/index.php?rest_route=\/wp\/v2\/types\/product"}],"wp:attachment":[{"href":"https:\/\/www.autonvaraosahaku.fi\/index.php?rest_route=%2Fwp%2Fv2%2Fmedia&parent=93924"}],"wp:term":[{"taxonomy":"pwb-brand","embeddable":true,"href":"https:\/\/www.autonvaraosahaku.fi\/index.php?rest_route=%2Fwp%2Fv2%2Fpwb-brand&post=93924"},{"taxonomy":"product_cat","embeddable":true,"href":"https:\/\/www.autonvaraosahaku.fi\/index.php?rest_route=%2Fwp%2Fv2%2Fproduct_cat&post=93924"},{"taxonomy":"product_tag","embeddable":true,"href":"https:\/\/www.autonvaraosahaku.fi\/index.php?rest_route=%2Fwp%2Fv2%2Fproduct_tag&post=93924"}],"curies":[{"name":"wp","href":"https:\/\/api.w.org\/{rel}","templated":true}]}}