{"id":93935,"date":"2021-02-21T21:48:46","date_gmt":"2021-02-21T21:48:46","guid":{"rendered":"https:\/\/www.autonvaraosahaku.fi\/?product=ridex-914t0136-raidetangon-paa"},"modified":"2021-02-21T21:48:48","modified_gmt":"2021-02-21T21:48:48","slug":"ridex-914t0136-raidetangon-paa","status":"publish","type":"product","link":"https:\/\/www.autonvaraosahaku.fi\/?product=ridex-914t0136-raidetangon-paa","title":{"rendered":"RIDEX 914T0136 Raidetangon p\u00e4\u00e4"},"content":{"rendered":"<p>Kartiomitta (mm): 12,9; Pituus (mm): 115,2; Ulkokierre [mm]: M12x1,25; Sis\u00e4kierre (mm): M14x1,5; Kierremalli: Oikealla kierteell\u00e4; Lis\u00e4tarvike\/lis\u00e4tieto: Tarvikkeilla; Asennuspuoli: Vorderachse beidseitig; NISSAN: ALMERA TINO V10,ALMERA II Hatchback N16,ALMERA Mk II N16,200 SX S14,MAXIMA QX A33,MAXIMA QX A32,SUNNY III N14,PULSAR V Schr\u00e4gheck N14,MAXIMA Station Wagon,BLUEBIRD SYLPHY N16; 485200C025, 485200M085, 4852015U25, 4852015U26, 4852060Y25, 4852071L25, 485208J025, D852015U26<\/p>\n","protected":false},"excerpt":{"rendered":"<p>RIDEX Raidetangon P\u00e4\u00e4 914T0136  NISSAN,ALMERA TINO V10,ALMERA II Hatchback N16,ALMERA Mk II N16,200 SX S14,MAXIMA QX A33,MAXIMA QX A32,SUNNY III N14<\/p>\n","protected":false},"featured_media":0,"template":"","meta":{"site-sidebar-layout":"default","site-content-layout":"default","ast-global-header-display":"","ast-main-header-display":"","ast-hfb-above-header-display":"","ast-hfb-below-header-display":"","ast-hfb-mobile-header-display":"","site-post-title":"","ast-breadcrumbs-content":"","ast-featured-img":"","footer-sml-layout":"","theme-transparent-header-meta":"","adv-header-id-meta":"","stick-header-meta":"","header-above-stick-meta":"","header-main-stick-meta":"","header-below-stick-meta":""},"pwb-brand":[157],"product_cat":[96],"product_tag":[],"class_list":{"0":"post-93935","1":"product","2":"type-product","3":"status-publish","5":"pwb-brand-ridex","6":"product_cat-raidetangon-paa","7":"desktop-align-left","8":"tablet-align-left","9":"mobile-align-left","11":"first","12":"instock","13":"product-type-external"},"brands":[{"id":157,"name":"RIDEX","slug":"ridex"}],"_links":{"self":[{"href":"https:\/\/www.autonvaraosahaku.fi\/index.php?rest_route=\/wp\/v2\/product\/93935","targetHints":{"allow":["GET"]}}],"collection":[{"href":"https:\/\/www.autonvaraosahaku.fi\/index.php?rest_route=\/wp\/v2\/product"}],"about":[{"href":"https:\/\/www.autonvaraosahaku.fi\/index.php?rest_route=\/wp\/v2\/types\/product"}],"wp:attachment":[{"href":"https:\/\/www.autonvaraosahaku.fi\/index.php?rest_route=%2Fwp%2Fv2%2Fmedia&parent=93935"}],"wp:term":[{"taxonomy":"pwb-brand","embeddable":true,"href":"https:\/\/www.autonvaraosahaku.fi\/index.php?rest_route=%2Fwp%2Fv2%2Fpwb-brand&post=93935"},{"taxonomy":"product_cat","embeddable":true,"href":"https:\/\/www.autonvaraosahaku.fi\/index.php?rest_route=%2Fwp%2Fv2%2Fproduct_cat&post=93935"},{"taxonomy":"product_tag","embeddable":true,"href":"https:\/\/www.autonvaraosahaku.fi\/index.php?rest_route=%2Fwp%2Fv2%2Fproduct_tag&post=93935"}],"curies":[{"name":"wp","href":"https:\/\/api.w.org\/{rel}","templated":true}]}}