{"id":93943,"date":"2021-02-21T21:48:46","date_gmt":"2021-02-21T21:48:46","guid":{"rendered":"https:\/\/www.autonvaraosahaku.fi\/?product=ridex-854s1525-iskunvaimennin"},"modified":"2021-02-21T21:48:51","modified_gmt":"2021-02-21T21:48:51","slug":"ridex-854s1525-iskunvaimennin","status":"publish","type":"product","link":"https:\/\/www.autonvaraosahaku.fi\/?product=ridex-854s1525-iskunvaimennin","title":{"rendered":"RIDEX 854S1525 Iskunvaimennin"},"content":{"rendered":"<p>Iskunvaimennin asennustapa: Tappi ylh\u00e4\u00e4ll\u00e4, Silmukka alhaalla; Iskunvaimennusj\u00e4rjestelm\u00e4: Kaksiputki; Iskunvaimennin tyyppi: Kaasupaine; Asennuspuoli: Hinterachse; FORD: MONDEO IV Turnier BA7,S-MAX WA6,GALAXY WA6,MONDEO IV BA7,MONDEO IV Stufenheck BA7; VOLVO: V70 III BW,V60,XC70 II,S80 II AS,S60 II; 1376860, 1381829, 1405320, 1423386, 1432357, 1465863, 1465868, 1470943, 1470944, 1473830, 1473831, 1474236, 1474243, 1476613, 1476616, 1487145, 1539852, 1539854, 1672990, 1672992, 1682461, 1720986, 1721245, 1741803, 1741804, 1746172, 6G9118080FAB, 6G9118080FAE, 6G9118080FAF, 6G9118080FDC, 6G9118080FDE, 6G9118080FEB, 6G9118080FEC, 6G9118080FFA, 6G9118080FFB, 6G9118080FFC, 6G9118080FFD, 6G9118080FFE, 6G9118080FFF, 6G9118080FGC, 6G9118080FGD, 6G9118080FGE, 6G9118080FME, 6G9118080FMF, 30714221, 31200755, 31262177, 31262910, 31262911, 31317495, 31317496, 31329491, 31329492, 31329493, 31329494, 31340694, 31340696, 31340697, 31340698, 31340699, 31340700, 31340701; Iskarit,Iskunvaimennin<\/p>\n","protected":false},"excerpt":{"rendered":"<p>RIDEX Iskunvaimentimet 854S1525 Iskarit,Iskunvaimennin FORD,VOLVO,MONDEO IV Turnier BA7,S-MAX WA6,GALAXY WA6,MONDEO IV BA7,MONDEO IV Stufenheck BA7<\/p>\n","protected":false},"featured_media":0,"template":"","meta":{"site-sidebar-layout":"default","site-content-layout":"default","ast-global-header-display":"","ast-main-header-display":"","ast-hfb-above-header-display":"","ast-hfb-below-header-display":"","ast-hfb-mobile-header-display":"","site-post-title":"","ast-breadcrumbs-content":"","ast-featured-img":"","footer-sml-layout":"","theme-transparent-header-meta":"","adv-header-id-meta":"","stick-header-meta":"","header-above-stick-meta":"","header-main-stick-meta":"","header-below-stick-meta":""},"pwb-brand":[157],"product_cat":[80],"product_tag":[],"class_list":{"0":"post-93943","1":"product","2":"type-product","3":"status-publish","5":"pwb-brand-ridex","6":"product_cat-iskunvaimennin","7":"desktop-align-left","8":"tablet-align-left","9":"mobile-align-left","11":"first","12":"instock","13":"product-type-external"},"brands":[{"id":157,"name":"RIDEX","slug":"ridex"}],"_links":{"self":[{"href":"https:\/\/www.autonvaraosahaku.fi\/index.php?rest_route=\/wp\/v2\/product\/93943","targetHints":{"allow":["GET"]}}],"collection":[{"href":"https:\/\/www.autonvaraosahaku.fi\/index.php?rest_route=\/wp\/v2\/product"}],"about":[{"href":"https:\/\/www.autonvaraosahaku.fi\/index.php?rest_route=\/wp\/v2\/types\/product"}],"wp:attachment":[{"href":"https:\/\/www.autonvaraosahaku.fi\/index.php?rest_route=%2Fwp%2Fv2%2Fmedia&parent=93943"}],"wp:term":[{"taxonomy":"pwb-brand","embeddable":true,"href":"https:\/\/www.autonvaraosahaku.fi\/index.php?rest_route=%2Fwp%2Fv2%2Fpwb-brand&post=93943"},{"taxonomy":"product_cat","embeddable":true,"href":"https:\/\/www.autonvaraosahaku.fi\/index.php?rest_route=%2Fwp%2Fv2%2Fproduct_cat&post=93943"},{"taxonomy":"product_tag","embeddable":true,"href":"https:\/\/www.autonvaraosahaku.fi\/index.php?rest_route=%2Fwp%2Fv2%2Fproduct_tag&post=93943"}],"curies":[{"name":"wp","href":"https:\/\/api.w.org\/{rel}","templated":true}]}}