{"id":93946,"date":"2021-02-21T21:48:46","date_gmt":"2021-02-21T21:48:46","guid":{"rendered":"https:\/\/www.autonvaraosahaku.fi\/?product=original-imperium-1967-tukivarren-hela"},"modified":"2021-02-21T21:48:52","modified_gmt":"2021-02-21T21:48:52","slug":"original-imperium-1967-tukivarren-hela","status":"publish","type":"product","link":"https:\/\/www.autonvaraosahaku.fi\/?product=original-imperium-1967-tukivarren-hela","title":{"rendered":"ORIGINAL IMPERIUM 1967 Tukivarren hela"},"content":{"rendered":"<p>Asennuspuoli: Taka-akseli; Paino [g]: 319; Ulkol\u00e4pimitta 2 [mm]: 45; Sis\u00e4l\u00e4pimitta [mm]: 12; Ulkol\u00e4pimitta [mm]: 60; Kokonaispituus (mm): 69; FIAT: PANDA 169,SEICENTO 187,PANDA Van 169,CINQUECENTO 170,SEICENTO Van 187; 51932971, 51932972, 51932973, 51932974, 7663114, 7663115, 7747956, 51932971, 51932972, 51932973, 51932974, 7663114, 7663115, 7747956, 51932971, 51932972, 51932973, 51932974, 7663114, 7663115, 7747956<\/p>\n","protected":false},"excerpt":{"rendered":"<p>ORIGINAL IMPERIUM Pidike, Tukivarren Kiinnitys 1967  FIAT,PANDA 169,SEICENTO 187,PANDA Van 169,CINQUECENTO 170,SEICENTO Van 187<\/p>\n","protected":false},"featured_media":0,"template":"","meta":{"site-sidebar-layout":"default","site-content-layout":"default","ast-global-header-display":"","ast-main-header-display":"","ast-hfb-above-header-display":"","ast-hfb-below-header-display":"","ast-hfb-mobile-header-display":"","site-post-title":"","ast-breadcrumbs-content":"","ast-featured-img":"","footer-sml-layout":"","theme-transparent-header-meta":"","adv-header-id-meta":"","stick-header-meta":"","header-above-stick-meta":"","header-main-stick-meta":"","header-below-stick-meta":""},"pwb-brand":[72],"product_cat":[115],"product_tag":[],"class_list":{"0":"post-93946","1":"product","2":"type-product","3":"status-publish","5":"pwb-brand-original-imperium","6":"product_cat-tukivarren-hela","7":"desktop-align-left","8":"tablet-align-left","9":"mobile-align-left","11":"first","12":"instock","13":"product-type-external"},"brands":[{"id":72,"name":"ORIGINAL IMPERIUM","slug":"original-imperium"}],"_links":{"self":[{"href":"https:\/\/www.autonvaraosahaku.fi\/index.php?rest_route=\/wp\/v2\/product\/93946","targetHints":{"allow":["GET"]}}],"collection":[{"href":"https:\/\/www.autonvaraosahaku.fi\/index.php?rest_route=\/wp\/v2\/product"}],"about":[{"href":"https:\/\/www.autonvaraosahaku.fi\/index.php?rest_route=\/wp\/v2\/types\/product"}],"wp:attachment":[{"href":"https:\/\/www.autonvaraosahaku.fi\/index.php?rest_route=%2Fwp%2Fv2%2Fmedia&parent=93946"}],"wp:term":[{"taxonomy":"pwb-brand","embeddable":true,"href":"https:\/\/www.autonvaraosahaku.fi\/index.php?rest_route=%2Fwp%2Fv2%2Fpwb-brand&post=93946"},{"taxonomy":"product_cat","embeddable":true,"href":"https:\/\/www.autonvaraosahaku.fi\/index.php?rest_route=%2Fwp%2Fv2%2Fproduct_cat&post=93946"},{"taxonomy":"product_tag","embeddable":true,"href":"https:\/\/www.autonvaraosahaku.fi\/index.php?rest_route=%2Fwp%2Fv2%2Fproduct_tag&post=93946"}],"curies":[{"name":"wp","href":"https:\/\/api.w.org\/{rel}","templated":true}]}}