{"id":93957,"date":"2021-02-21T21:48:54","date_gmt":"2021-02-21T21:48:54","guid":{"rendered":"https:\/\/www.autonvaraosahaku.fi\/?product=ridex-654w0537-pyoranlaakerit"},"modified":"2021-02-21T21:48:57","modified_gmt":"2021-02-21T21:48:57","slug":"ridex-654w0537-pyoranlaakerit","status":"publish","type":"product","link":"https:\/\/www.autonvaraosahaku.fi\/?product=ridex-654w0537-pyoranlaakerit","title":{"rendered":"RIDEX 654W0537 Py\u00f6r\u00e4nlaakerit"},"content":{"rendered":"<p>Asennuspuoli: Taka-akseli, Vasen, Oikea; Sis\u00e4l\u00e4pimitta [mm]: 30; Ulkol\u00e4pimitta [mm]: 136; Leveys (mm): 66; Jarru-\/ajodynamiikka: f\u00fcr Fahrzeuge ohne ABS; HONDA: CIVIC VI Hatchback EJ, EK,CIVIC VI Fastback MA, MB,CRX III EH, EG,CIVIC VI Aerodeck MB, MC,CIVIC V Hatchback EG,CIVIC VI Stufenheck EJ, EK,CIVIC VI Coupe EJ, EM1,CIVIC V Coupe EJ,CIVIC V Stufenheck EG, EH,ACCORD III CA,ACCORD III Aerodeck CA,CIVIC II Shuttle EE; ROVER: 25 RF,200 RF,45 Stufenheck RT,45 RT,400 RT,CABRIOLET XW,400 Hatchback RT,STREETWISE,200 Hatchback XW,200 Coupe XW,400 Tourer XW,400 XW,COUPE; MG: MG ZR,MG ZS,MG ZS Hatchback; 42200S74E50, 42200SE0000, 42200SE0004, 42200SE0008, 42200SE0956, 42200SE0J01, 42200SE0J02, 42200SK3E01, 42200SR3A02, 42200SR3A04, 42200SR3A05, 42200SR3A06, 42200ST3E01, 42200ST7C01, 42200SE0004, 42200SE0008, GHK1560, GHK1596, GHK1800, RLB000050; Py\u00f6r\u00e4nlaakerisarja<\/p>\n","protected":false},"excerpt":{"rendered":"<p>RIDEX Py\u00f6r\u00e4nlaakerit 654W0537 Py\u00f6r\u00e4nlaakerisarja HONDA,ROVER,MG,CIVIC VI Hatchback EJ, EK,CIVIC VI Fastback MA, MB,CRX III EH, EG<\/p>\n","protected":false},"featured_media":0,"template":"","meta":{"site-sidebar-layout":"default","site-content-layout":"default","ast-global-header-display":"","ast-main-header-display":"","ast-hfb-above-header-display":"","ast-hfb-below-header-display":"","ast-hfb-mobile-header-display":"","site-post-title":"","ast-breadcrumbs-content":"","ast-featured-img":"","footer-sml-layout":"","theme-transparent-header-meta":"","adv-header-id-meta":"","stick-header-meta":"","header-above-stick-meta":"","header-main-stick-meta":"","header-below-stick-meta":""},"pwb-brand":[157],"product_cat":[83],"product_tag":[],"class_list":{"0":"post-93957","1":"product","2":"type-product","3":"status-publish","5":"pwb-brand-ridex","6":"product_cat-pyoranlaakerit","7":"desktop-align-left","8":"tablet-align-left","9":"mobile-align-left","11":"first","12":"instock","13":"product-type-external"},"brands":[{"id":157,"name":"RIDEX","slug":"ridex"}],"_links":{"self":[{"href":"https:\/\/www.autonvaraosahaku.fi\/index.php?rest_route=\/wp\/v2\/product\/93957","targetHints":{"allow":["GET"]}}],"collection":[{"href":"https:\/\/www.autonvaraosahaku.fi\/index.php?rest_route=\/wp\/v2\/product"}],"about":[{"href":"https:\/\/www.autonvaraosahaku.fi\/index.php?rest_route=\/wp\/v2\/types\/product"}],"wp:attachment":[{"href":"https:\/\/www.autonvaraosahaku.fi\/index.php?rest_route=%2Fwp%2Fv2%2Fmedia&parent=93957"}],"wp:term":[{"taxonomy":"pwb-brand","embeddable":true,"href":"https:\/\/www.autonvaraosahaku.fi\/index.php?rest_route=%2Fwp%2Fv2%2Fpwb-brand&post=93957"},{"taxonomy":"product_cat","embeddable":true,"href":"https:\/\/www.autonvaraosahaku.fi\/index.php?rest_route=%2Fwp%2Fv2%2Fproduct_cat&post=93957"},{"taxonomy":"product_tag","embeddable":true,"href":"https:\/\/www.autonvaraosahaku.fi\/index.php?rest_route=%2Fwp%2Fv2%2Fproduct_tag&post=93957"}],"curies":[{"name":"wp","href":"https:\/\/api.w.org\/{rel}","templated":true}]}}