{"id":93970,"date":"2021-02-21T21:49:02","date_gmt":"2021-02-21T21:49:02","guid":{"rendered":"https:\/\/www.autonvaraosahaku.fi\/?product=ridex-3922l0226-lambda-anturi"},"modified":"2021-02-21T21:49:03","modified_gmt":"2021-02-21T21:49:03","slug":"ridex-3922l0226-lambda-anturi","status":"publish","type":"product","link":"https:\/\/www.autonvaraosahaku.fi\/?product=ridex-3922l0226-lambda-anturi","title":{"rendered":"RIDEX 3922L0226 Lambda anturi"},"content":{"rendered":"<p>Johtojen lukum\u00e4\u00e4r\u00e4: 4; Suositeltu vaihtov\u00e4li [km]: 160000; Liitin\/puristin: Tarvittaessa sovita pistoliitin; Lambdatunnistin: Regelsonde; VW: GOLF III 1H1,PASSAT Variant 3A5, 35I,PASSAT 3A2, 35I,LT 28-46 II Kasten 2DA, 2DD, 2DH,LT 28-35 II Bus 2DB, 2DE, 2DK,LT 28-46 II Pritsche\/Fahrgestell 2DC, 2DF, 2DG, 2DL, 2DM; MERCEDES-BENZ: C-CLASS W202,E-CLASS W210,Stufenheck W124,E-CLASS Kombi S210,C-CLASS Kombi S202,KOMBI Kombi S124,E-CLASS W124,VITO Bus 638,COUPE C124,E-CLASS Kombi S124,SPRINTER 3-t Kasten 903,SPRINTER 2-t Bus 901, 902,V-CLASS 638\/2,SPRINTER 2-t Kasten 901, 902,SPRINTER 3-t Bus 903,SPRINTER 3-t Pritsche\/Fahrgestell 903,VITO Kasten 638,E-CLASS Cabriolet A124,E-CLASS Coupe C124,SPRINTER 4-t Pritsche\/Fahrgestell 904,SPRINTER 2-t Pritsche\/Fahrgestell 901, 902,SPRINTER 4-t Kasten 904,SPRINTER 4-t Bus 904; BMW: 5 E34,7 E32,7 E23; FORD: FIESTA III GFJ,ESCORT IV Cabriolet ALF,SIERRA GBG, GB4,ESCORT VI GAL,SIERRA Schr\u00e4gheck GBC, GBG,ESCORT IV GAF, AWF, ABFT,SCORPIO I GAE, GGE,ESCORT V Cabriolet ALL,SCORPIO I Stufenheck GGE,ESCORT V GAL,SIERRA Kombi BNG,FIESTA Kasten F3L, F5L,SCORPIO I Kombi GGE,ORION II AFF,ESCORT IV Kombi AWF, AVF,ESCORT &#8217;86 Express AVF,ESCORT V Kombi GAL, AVL,ESCORT &#8217;91 Express AVL,ORION III GAL; RENAULT: THALIA I LB0\/1\/2_; FIAT: SEICENTO 187,DUCATO Pritsche\/Fahrgestell 230,DUCATO Bus 230,PUNTO 176,DUCATO Kasten 230L,CINQUECENTO 170,PANDA 141A_,COUPE FA\/175,BRAVO I 182,ULYSSE 220,BRAVA 182,PUNTO Cabriolet 176C,SCUDO Kasten 220L,MAREA Weekend 185,UNO 146A\/E,SCUDO Combinato 220P,FIORINO Kasten 146,SEICENTO Van 187,TIPO 160,CROMA 154,PANDA Van 141_,MAREA 185,TEMPRA 159,PUNTO Van 176L,TEMPRA S.W. 159,FIORINO Pick up 146,SCUDO Pritsche\/Fahrgestell 220_; PEUGEOT: 206 Schr\u00e4gheck 2A\/C,407 SW 6E_,106 II 1,306 Schr\u00e4gheck 7A, 7C, N3, N5,306 Cabriolet 7D, N3, N5,407 6D_,406 Break 8E\/F,PARTNER Combispace 5F,106 I 1A, 1C,205 II 20A\/C,PARTNER Kasten 5,406 Coupe 8C,306 Break 7E, N3, N5,406 8B,806 221,BOXER Kasten 230L,306 7B, N3, N5,205 I Cabriolet 741B, 20D,EXPERT Kasten 222,309 II 3C, 3A,405 I 15B,BOXER Bus 230P,BOXER Pritsche\/Fahrgestell ZCT_,605 6B,EXPERT 224,405 II 4B,106 Van 1_,309 I 10C, 10A,306 Van N_, 7_,405 II Break 4E,405 I Break 15E,EXPERT Pritsche\/Fahrgestell 223,205 Kasten,PARTNER Pritsche\/Fahrgestell,306 Kasten\/Schr\u00e4gheck; SEAT: IBIZA II 6K1,CORDOBA 6K1, 6K2,TOLEDO I 1L; CITRO\u00cbN: BERLINGO MF,SAXO S0, S1,BERLINGO Kasten M_,C5 I DC_,C5 I Break DE_,XSARA N1,XSARA Break N2,XM Y4,XSARA Coupe N0,XANTIA X1,AX ZA-_,EVASION 22, U6,ZX N2,BX XB-_,C25 Bus 280_, 290_,JUMPY U6U,JUMPY Kasten BS_, BT_, BY_, BZ_,JUMPER Kasten 230L,XM Y3,CX II,XANTIA Break X1,JUMPER Bus 230P,ZX Break N2,XM Break Y4,JUMPER Pritsche\/Fahrgestell 230,BX Break XB-_,C25 Kasten 280_, 290_,C15 VD-_,CX II Break,XM Break Y3,C15 Kombi,SAXO Hatchback van S3_,XSARA Kasten\/Schr\u00e4gheck; NISSAN: MICRA III K12,ALMERA TINO V10,ALMERA II Hatchback N16,PRIMERA P11,PRIMERA Traveller WP11,PRIMERA Hatchback P11,PATHFINDER R50,ALMERA Mk II N16,PICK UP D21,200 SX S14,MAXIMA QX A33,300 ZX Z32,MAXIMA QX A32,SENTRA B15; 46418568, 46434552, 46444284, 46449401, 46452598, 464525980, 46455518, 46523495, 46523497, 60578768, 60583122, 605831220, 60587697, 60808350, 60812802, 60814386, 7555129, 7789741, 7798350, UE73879, 11781464492, 11781714873, 04606069, 4606069, 1618000000, 16287R, 1628AA, 142514, 146650, 155010, 161853, 46408190, 46422649, 46434552, 46452813, 59635160, 1F539F472BA, 1F5Z9F472BA, 6169693, 87AB9F472AA, F62Z9F472AA, F62Z9F472EE, F8XZ9F472CA, XF529F472HA, XF529F472HB, XF529G444CA, XF5Z9F472GA, XF5Z9F472HA, XF5Z9F472HB, XF5Z9G444CA, 46408190, 46422649, 59635160, MHK10004L, KLC718861, KLC718861A, KLC718861B, KLC718861B9U, KLD818861, KLD8188619U, 0005404817, 0005405217, 0005406517, A0005404817, A0005405217, A0005406517, 226904J901, 226904J903, 226905E410, 226905E411, 226906P107, 226907B520, 226907B521, 2269081F02, 2269081F12, 226A00L710, 226A00L711, 226A00L712, 226A00L713, 226A00W000, 226A00W001, 226A00W002, 226A00W010, 226A00W012, 226A02Y901, 226A02Y902, 226A02Y904, 226A03S501, 226A03S502, 22&#8230;; Lambdatunnistin,Happianturi<\/p>\n","protected":false},"excerpt":{"rendered":"<p>RIDEX Lambda Anturi 3922L0226 Lambdatunnistin,Happianturi VW,MERCEDES-BENZ,BMW,GOLF III 1H1,PASSAT Variant 3A5, 35I,PASSAT 3A2, 35I<\/p>\n","protected":false},"featured_media":0,"template":"","meta":{"site-sidebar-layout":"default","site-content-layout":"default","ast-global-header-display":"","ast-main-header-display":"","ast-hfb-above-header-display":"","ast-hfb-below-header-display":"","ast-hfb-mobile-header-display":"","site-post-title":"","ast-breadcrumbs-content":"","ast-featured-img":"","footer-sml-layout":"","theme-transparent-header-meta":"","adv-header-id-meta":"","stick-header-meta":"","header-above-stick-meta":"","header-main-stick-meta":"","header-below-stick-meta":""},"pwb-brand":[157],"product_cat":[264],"product_tag":[],"class_list":{"0":"post-93970","1":"product","2":"type-product","3":"status-publish","5":"pwb-brand-ridex","6":"product_cat-lambda-anturi","7":"desktop-align-left","8":"tablet-align-left","9":"mobile-align-left","11":"first","12":"instock","13":"product-type-external"},"brands":[{"id":157,"name":"RIDEX","slug":"ridex"}],"_links":{"self":[{"href":"https:\/\/www.autonvaraosahaku.fi\/index.php?rest_route=\/wp\/v2\/product\/93970","targetHints":{"allow":["GET"]}}],"collection":[{"href":"https:\/\/www.autonvaraosahaku.fi\/index.php?rest_route=\/wp\/v2\/product"}],"about":[{"href":"https:\/\/www.autonvaraosahaku.fi\/index.php?rest_route=\/wp\/v2\/types\/product"}],"wp:attachment":[{"href":"https:\/\/www.autonvaraosahaku.fi\/index.php?rest_route=%2Fwp%2Fv2%2Fmedia&parent=93970"}],"wp:term":[{"taxonomy":"pwb-brand","embeddable":true,"href":"https:\/\/www.autonvaraosahaku.fi\/index.php?rest_route=%2Fwp%2Fv2%2Fpwb-brand&post=93970"},{"taxonomy":"product_cat","embeddable":true,"href":"https:\/\/www.autonvaraosahaku.fi\/index.php?rest_route=%2Fwp%2Fv2%2Fproduct_cat&post=93970"},{"taxonomy":"product_tag","embeddable":true,"href":"https:\/\/www.autonvaraosahaku.fi\/index.php?rest_route=%2Fwp%2Fv2%2Fproduct_tag&post=93970"}],"curies":[{"name":"wp","href":"https:\/\/api.w.org\/{rel}","templated":true}]}}