{"id":93971,"date":"2021-02-21T21:49:02","date_gmt":"2021-02-21T21:49:02","guid":{"rendered":"https:\/\/www.autonvaraosahaku.fi\/?product=magneti-marelli-363916060244-jarrupalat"},"modified":"2021-02-21T21:49:03","modified_gmt":"2021-02-21T21:49:03","slug":"magneti-marelli-363916060244-jarrupalat","status":"publish","type":"product","link":"https:\/\/www.autonvaraosahaku.fi\/?product=magneti-marelli-363916060244-jarrupalat","title":{"rendered":"MAGNETI MARELLI 363916060244 Jarrupalat"},"content":{"rendered":"<p>Jarruj\u00e4rjestelm\u00e4: ATE; WVA-numero: 23723; Pituus 1 (mm): 155,2; Pituus 2 (mm): 156,2; Korkeus 1 (mm): 62,3; Korkeus 2 (mm): 67; Paksuus 1 [mm]: 18,2; M\u00e4\u00e4r\u00e4yksikk\u00f6: Akselisarja; Asennuspuoli: Vorderachse; AUDI: A5 8T3; MAZDA: 5 CR19,3 BK,3 BL,5 CW,3 Stufenheck BK,3 Stufenheck BL; OPEL: ASTRA G Caravan F35_,ASTRA G Kasten F70; VOLVO: V50 MW,C30,S40 II MS,C70 II Cabriolet,V40 Schr\u00e4gheck; FORD: FOCUS II Kombi DA_,FOCUS II DA_,FOCUS III Turnier,FOCUS C-MAX,KUGA I,C-MAX DM2,FOCUS III,C-MAX II,KUGA II DM2,GRAND C-MAX,FOCUS II Stufenheck DA_,FOCUS II Cabriolet,ECOSPORT,FOCUS III Stufenheck,GRAND C-MAX Van,C-MAX II Van,KUGA II Van,FOCUS III Kasten\/Schr\u00e4gheck; 1223682, 1321517, 1360305, 1508074, 1519528, 1566093, 1695810, 1712024, 1753844, 1759370, 1765766, 1816524, 1820037, 1826241, 3M512K021AA, 3M512K021AB, 3M5J2K021A1A, 3M5J2K021AA, 8V412K021AA, 8V412K021AB, AV612K021BA, AV612K021BB, BV612001B3A, BV612001C3B, BV612001CB, CN152K021AA, CV612001BC, CV6Z2001A, ME3M5J2K021AA, MEAV6J2K021BA, B3YF3323Z, B3YH3323Z, B3YH3323ZA, B4YB3323Z, BPYK3323Z, BPYK3323ZA, BPYK3323ZA9C, BPYK3323ZC, BPYK3323ZC9C, C2Y33323Z, C2Y33323ZA, C2Y33323ZB, BPYK3323ZB9C, 41060HA00A, 41060HA00B, AY040MA031, 30681739, 30683554, 30715023, 30736923, 30742030, 30742031, 30793618, 31341301; Jarrupalasarja,Jarrupala, Levyjarru<\/p>\n","protected":false},"excerpt":{"rendered":"<p>MAGNETI MARELLI Jarrupalat 363916060244 Jarrupalasarja,Jarrupala, Levyjarru AUDI,MAZDA,OPEL,A5 8T3,5 CR19,3 BK,3 BL,5 CW,3 Stufenheck BK<\/p>\n","protected":false},"featured_media":0,"template":"","meta":{"site-sidebar-layout":"default","site-content-layout":"default","ast-global-header-display":"","ast-main-header-display":"","ast-hfb-above-header-display":"","ast-hfb-below-header-display":"","ast-hfb-mobile-header-display":"","site-post-title":"","ast-breadcrumbs-content":"","ast-featured-img":"","footer-sml-layout":"","theme-transparent-header-meta":"","adv-header-id-meta":"","stick-header-meta":"","header-above-stick-meta":"","header-main-stick-meta":"","header-below-stick-meta":""},"pwb-brand":[34],"product_cat":[100],"product_tag":[],"class_list":{"0":"post-93971","1":"product","2":"type-product","3":"status-publish","5":"pwb-brand-magneti-marelli","6":"product_cat-jarrupalat","7":"desktop-align-left","8":"tablet-align-left","9":"mobile-align-left","11":"first","12":"instock","13":"product-type-external"},"brands":[{"id":34,"name":"MAGNETI MARELLI","slug":"magneti-marelli"}],"_links":{"self":[{"href":"https:\/\/www.autonvaraosahaku.fi\/index.php?rest_route=\/wp\/v2\/product\/93971","targetHints":{"allow":["GET"]}}],"collection":[{"href":"https:\/\/www.autonvaraosahaku.fi\/index.php?rest_route=\/wp\/v2\/product"}],"about":[{"href":"https:\/\/www.autonvaraosahaku.fi\/index.php?rest_route=\/wp\/v2\/types\/product"}],"wp:attachment":[{"href":"https:\/\/www.autonvaraosahaku.fi\/index.php?rest_route=%2Fwp%2Fv2%2Fmedia&parent=93971"}],"wp:term":[{"taxonomy":"pwb-brand","embeddable":true,"href":"https:\/\/www.autonvaraosahaku.fi\/index.php?rest_route=%2Fwp%2Fv2%2Fpwb-brand&post=93971"},{"taxonomy":"product_cat","embeddable":true,"href":"https:\/\/www.autonvaraosahaku.fi\/index.php?rest_route=%2Fwp%2Fv2%2Fproduct_cat&post=93971"},{"taxonomy":"product_tag","embeddable":true,"href":"https:\/\/www.autonvaraosahaku.fi\/index.php?rest_route=%2Fwp%2Fv2%2Fproduct_tag&post=93971"}],"curies":[{"name":"wp","href":"https:\/\/api.w.org\/{rel}","templated":true}]}}