{"id":93976,"date":"2021-02-21T21:49:02","date_gmt":"2021-02-21T21:49:02","guid":{"rendered":"https:\/\/www.autonvaraosahaku.fi\/?product=beru-gn047-hehkutulppa"},"modified":"2021-02-21T21:49:05","modified_gmt":"2021-02-21T21:49:05","slug":"beru-gn047-hehkutulppa","status":"publish","type":"product","link":"https:\/\/www.autonvaraosahaku.fi\/?product=beru-gn047-hehkutulppa","title":{"rendered":"BERU GN047 Hehkutulppa"},"content":{"rendered":"<p>Hehkutulppatyyppi: j\u00e4lkihehkutuksenkest\u00e4v\u00e4, Hehkutulppa, puikko; J\u00e4nnite (V): 11; Liittimet: M4 \/ 1 Nm; Kokonaispituus (mm): 119; Asennussyvyys (mm): 28; Kierremitta: M8x1,0; Avainv\u00e4li: 8 mm; Virta (A): 11; Kartionousu: 123; Kiristysmomentti > [Nm]: 8; Kiristysmomentti enint\u00e4\u00e4n [Nm]: 10; Katkeamismomentti [Nm]: 20; Tarvittava kappalem\u00e4\u00e4r\u00e4: 4; MAZDA: 3 BK,2 DY,3 Stufenheck BK; VOLVO: V50 MW,C30,S40 II MS; SUZUKI: LIANA Schr\u00e4gheck,LIANA ER; FORD: FIESTA V JH_, JD_,FOCUS II Kombi DA_,FOCUS II DA_,FOCUS C-MAX,FUSION JU_,FOCUS II Stufenheck DA_,FIESTA V Van; TOYOTA: AYGO WNB1_, KGB1_; CITRO\u00cbN: BERLINGO MF,XSARA PICASSO N68,C2 JM_,C3 I FC_,C4 I LC_,BERLINGO Kasten M_,C5 II Break RE_,XSARA N1,C4 Coupe LA_,C3 Pluriel HB_,C5 II RC_,XSARA Break N2,XSARA Coupe N0,C4 Stufenheck L,C2 ENTERPRISE; PEUGEOT: 206 Schr\u00e4gheck 2A\/C,206 CC 2D,307 SW 3H,407 SW 6E_,307 3A\/C,206 SW 2E\/K,206+ T3E,307 Break 3E,407 6D_,PARTNER Combispace 5F,PARTNER Kasten 5,PARTNER Kasten,206 Stufenheck,206 Van,PARTNER Pritsche\/Fahrgestell; 596019, 1148105, 1525910, 2S6Q6M090AA, 2S6Q6M090AB, EZD40, Y40118601, Y40118601A, SU00100671, 31216248<\/p>\n","protected":false},"excerpt":{"rendered":"<p>BERU Hehkutulppa GN047  MAZDA,VOLVO,SUZUKI,3 BK,2 DY,3 Stufenheck BK,V50 MW,C30,S40 II MS,LIANA Schr\u00e4gheck,LIANA ER,FIESTA V JH_, JD_<\/p>\n","protected":false},"featured_media":0,"template":"","meta":{"site-sidebar-layout":"default","site-content-layout":"default","ast-global-header-display":"","ast-main-header-display":"","ast-hfb-above-header-display":"","ast-hfb-below-header-display":"","ast-hfb-mobile-header-display":"","site-post-title":"","ast-breadcrumbs-content":"","ast-featured-img":"","footer-sml-layout":"","theme-transparent-header-meta":"","adv-header-id-meta":"","stick-header-meta":"","header-above-stick-meta":"","header-main-stick-meta":"","header-below-stick-meta":""},"pwb-brand":[327],"product_cat":[52],"product_tag":[],"class_list":{"0":"post-93976","1":"product","2":"type-product","3":"status-publish","5":"pwb-brand-beru","6":"product_cat-hehkutulppa","7":"desktop-align-left","8":"tablet-align-left","9":"mobile-align-left","11":"first","12":"instock","13":"product-type-external"},"brands":[{"id":327,"name":"BERU","slug":"beru"}],"_links":{"self":[{"href":"https:\/\/www.autonvaraosahaku.fi\/index.php?rest_route=\/wp\/v2\/product\/93976","targetHints":{"allow":["GET"]}}],"collection":[{"href":"https:\/\/www.autonvaraosahaku.fi\/index.php?rest_route=\/wp\/v2\/product"}],"about":[{"href":"https:\/\/www.autonvaraosahaku.fi\/index.php?rest_route=\/wp\/v2\/types\/product"}],"wp:attachment":[{"href":"https:\/\/www.autonvaraosahaku.fi\/index.php?rest_route=%2Fwp%2Fv2%2Fmedia&parent=93976"}],"wp:term":[{"taxonomy":"pwb-brand","embeddable":true,"href":"https:\/\/www.autonvaraosahaku.fi\/index.php?rest_route=%2Fwp%2Fv2%2Fpwb-brand&post=93976"},{"taxonomy":"product_cat","embeddable":true,"href":"https:\/\/www.autonvaraosahaku.fi\/index.php?rest_route=%2Fwp%2Fv2%2Fproduct_cat&post=93976"},{"taxonomy":"product_tag","embeddable":true,"href":"https:\/\/www.autonvaraosahaku.fi\/index.php?rest_route=%2Fwp%2Fv2%2Fproduct_tag&post=93976"}],"curies":[{"name":"wp","href":"https:\/\/api.w.org\/{rel}","templated":true}]}}