{"id":93989,"date":"2021-02-21T21:49:02","date_gmt":"2021-02-21T21:49:02","guid":{"rendered":"https:\/\/www.autonvaraosahaku.fi\/?product=elring-027-750-venttiilinvarren-kumit"},"modified":"2021-02-21T21:49:09","modified_gmt":"2021-02-21T21:49:09","slug":"elring-027-750-venttiilinvarren-kumit","status":"publish","type":"product","link":"https:\/\/www.autonvaraosahaku.fi\/?product=elring-027-750-venttiilinvarren-kumit","title":{"rendered":"ELRING 027.750 Venttiilinvarren kumit"},"content":{"rendered":"<p>Venttiilinvarren l\u00e4pimitta [mm]: 6, 6; Sis\u00e4l\u00e4pimitta [mm]: 9,2; Ulkol\u00e4pimitta [mm]: 23; Korkeus (mm): 17,7; Materiaali: FPM (fluori-kumi); Asennuspuoli: Einlassseite; MAZDA: 2 DY,2 DE,3 BL,5 CW,3 Stufenheck BL; OPEL: CROSSLAND X,GRANDLAND X A18; TOYOTA: AYGO WNB1_, KGB1_,PROACE Kasten\/Kombi,PROACE Bus MPY_,PROACE Kasten MDZ_; VOLVO: V50 MW,V70 III BW,C30,V60,S40 II MS,V40 Schr\u00e4gheck,S80 II AS,S60 II; FORD: FIESTA V JH_, JD_,FIESTA VI,MONDEO IV Turnier BA7,S-MAX WA6,FOCUS III Turnier,GALAXY WA6,FUSION JU_,FOCUS III,C-MAX II,MONDEO IV BA7,KUGA II DM2,GRAND C-MAX,B-MAX JK,FIESTA Stufenheck JAS JBS,ECOSPORT,FOCUS III Stufenheck,MONDEO IV Stufenheck BA7,TOURNEO CONNECT \/ GRAND TOURNEO CONNECT Kombi,FIESTA V Van,FIESTA VI Van,TRANSIT CONNECT Kasten,MONDEO V Turnier,MONDEO V Stufenheck,GRAND C-MAX Van,FIESTA VII,MONDEO V Schr\u00e4gheck,C-MAX II Van,TOURNEO COURIER Kombi,B-MAX Van,TRANSIT CONNECT Kombi,TRANSIT COURIER Kasten,KUGA II Van,FOCUS III Kasten\/Schr\u00e4gheck,TRANSIT COURIER Kombi,KA,KA + Stufenheck; FIAT: SCUDO 270_,SCUDO Kasten 270_,SCUDO Pritsche\/Fahrgestell 270_; CITRO\u00cbN: C1 PM_, PN_,C2 JM_,C3 I FC_,BERLINGO B9,C5 III Break TD_,C4 Picasso I UD_,C4 Grand Picasso I UA_,DS3,C3 Picasso,C5 III RD_,C3 II,XSARA N1,C3 Pluriel HB_,C4 II B7,XSARA Break N2,JUMPY,BERLINGO Kasten B9,JUMPY Kasten,C4 Grand Picasso II,C4 Picasso II,DS4,XSARA Coupe N0,NEMO Kasten AA_,DS5,C4 AIRCROSS,NEMO Kombi,DS3 Cabriolet,C2 ENTERPRISE,BERLINGO Pritsche\/Fahrgestell B9,C-ELYSEE,C4 CACTUS,SPACETOURER,C3 III SX,C3 AIRCROSS II,C4 Stufenheck N,JUMPY Pritsche\/Fahrgestell; PEUGEOT: 206 Schr\u00e4gheck 2A\/C,207 WA_, WC_,207 CC WD_,307 3A\/C,207 SW WK_,107,308 SW,206 SW 2E\/K,208,206+ T3E,308 4A_, 4C_,5008,307 Break 3E,508 SW,3008,PARTNER Tepee,308 CC,1007 KM_,2008,PARTNER Kasten 5,508,EXPERT Tepee VF3V_,EXPERT Kasten VF3A_, VF3U_, VF3X_,PARTNER Kasten,206 Stufenheck,BIPPER AA_,308 II,BIPPER Tepee,206 Van,4008,301,308 SW II,207 Van,EXPERT Pritsche\/Fahrgestell,PARTNER Pritsche\/Fahrgestell,408,3008 SUV,EXPERT Kasten,5008 II,TRAVELLER,208 Kasten; MITSUBISHI: ASX GA_W_; DS: DS 3,DS5,DS 4 \/ DS 4 CROSSBACK,DS 3 Cabriolet; 095650, 9637236280, 1145937, 1146937, 2S6Q6571AA, MN982512, 3642383, 095650, SU00100553, 31330180, 31330184<\/p>\n","protected":false},"excerpt":{"rendered":"<p>ELRING Tiiviste, Venttiilivarsi 027.750  MAZDA,OPEL,TOYOTA,2 DY,2 DE,3 BL,5 CW,3 Stufenheck BL,CROSSLAND X,GRANDLAND X A18,AYGO WNB1_, KGB1_<\/p>\n","protected":false},"featured_media":0,"template":"","meta":{"site-sidebar-layout":"default","site-content-layout":"default","ast-global-header-display":"","ast-main-header-display":"","ast-hfb-above-header-display":"","ast-hfb-below-header-display":"","ast-hfb-mobile-header-display":"","site-post-title":"","ast-breadcrumbs-content":"","ast-featured-img":"","footer-sml-layout":"","theme-transparent-header-meta":"","adv-header-id-meta":"","stick-header-meta":"","header-above-stick-meta":"","header-main-stick-meta":"","header-below-stick-meta":""},"pwb-brand":[26],"product_cat":[170],"product_tag":[],"class_list":{"0":"post-93989","1":"product","2":"type-product","3":"status-publish","5":"pwb-brand-elring","6":"product_cat-venttiilinvarren-kumit","7":"desktop-align-left","8":"tablet-align-left","9":"mobile-align-left","11":"first","12":"instock","13":"product-type-external"},"brands":[{"id":26,"name":"ELRING","slug":"elring"}],"_links":{"self":[{"href":"https:\/\/www.autonvaraosahaku.fi\/index.php?rest_route=\/wp\/v2\/product\/93989","targetHints":{"allow":["GET"]}}],"collection":[{"href":"https:\/\/www.autonvaraosahaku.fi\/index.php?rest_route=\/wp\/v2\/product"}],"about":[{"href":"https:\/\/www.autonvaraosahaku.fi\/index.php?rest_route=\/wp\/v2\/types\/product"}],"wp:attachment":[{"href":"https:\/\/www.autonvaraosahaku.fi\/index.php?rest_route=%2Fwp%2Fv2%2Fmedia&parent=93989"}],"wp:term":[{"taxonomy":"pwb-brand","embeddable":true,"href":"https:\/\/www.autonvaraosahaku.fi\/index.php?rest_route=%2Fwp%2Fv2%2Fpwb-brand&post=93989"},{"taxonomy":"product_cat","embeddable":true,"href":"https:\/\/www.autonvaraosahaku.fi\/index.php?rest_route=%2Fwp%2Fv2%2Fproduct_cat&post=93989"},{"taxonomy":"product_tag","embeddable":true,"href":"https:\/\/www.autonvaraosahaku.fi\/index.php?rest_route=%2Fwp%2Fv2%2Fproduct_tag&post=93989"}],"curies":[{"name":"wp","href":"https:\/\/api.w.org\/{rel}","templated":true}]}}