{"id":94016,"date":"2021-02-21T21:49:19","date_gmt":"2021-02-21T21:49:19","guid":{"rendered":"https:\/\/www.autonvaraosahaku.fi\/?product=ate-13-0460-5812-2-jarrupalat"},"modified":"2021-02-21T21:49:22","modified_gmt":"2021-02-21T21:49:22","slug":"ate-13-0460-5812-2-jarrupalat","status":"publish","type":"product","link":"https:\/\/www.autonvaraosahaku.fi\/?product=ate-13-0460-5812-2-jarrupalat","title":{"rendered":"ATE 13.0460-5812.2 Jarrupalat"},"content":{"rendered":"<p>Leveys (mm): 78,5; Korkeus 1 (mm): 52,0; Korkeus 2 (mm): 55,6; Paksuus [mm]: 14,0; Kulumisenilmaisimen liitos: akustisella kulumavaroittimella; Tarkistuskilpi: E9 90R-01231\/273; Jarruj\u00e4rjestelm\u00e4: Sumitomo; MAPP-koodi saatavilla: ; Suositellun tarvikkeen tuotenumero: 13.0460-0136.2; Huomioi mitat: ; M\u00e4\u00e4r\u00e4yksikk\u00f6: Akselisarja; Valmistusvuoteen: 03\/2003; TOYOTA: YARIS SCP1_, NLP1_, NCP1_,COROLLA ZZE12_, NDE12_, ZDE12_,YARIS VERSO _NLP2_, _NCP2_,COROLLA Kombi _E12J_, _E12T_,PRIUS Liftback NHW20_,COROLLA Verso ZDE12_, CDE12_,CELICA ZZT23_,COROLLA Stufenheck _E12J_, _E12T_,PRIUS Stufenheck NHW11_,MATRIX ZZE13_; 0446652010, 0446652020, 0446652030, 0446652040, 0446652050, 0446652060; Jarrupalasarja,Jarrupala, Levyjarru<\/p>\n","protected":false},"excerpt":{"rendered":"<p>ATE Jarrupalat 13.0460-5812.2 Jarrupalasarja,Jarrupala, Levyjarru TOYOTA,YARIS SCP1_, NLP1_, NCP1_,COROLLA ZZE12_, NDE12_, ZDE12_<\/p>\n","protected":false},"featured_media":0,"template":"","meta":{"site-sidebar-layout":"default","site-content-layout":"default","ast-global-header-display":"","ast-main-header-display":"","ast-hfb-above-header-display":"","ast-hfb-below-header-display":"","ast-hfb-mobile-header-display":"","site-post-title":"","ast-breadcrumbs-content":"","ast-featured-img":"","footer-sml-layout":"","theme-transparent-header-meta":"","adv-header-id-meta":"","stick-header-meta":"","header-above-stick-meta":"","header-main-stick-meta":"","header-below-stick-meta":""},"pwb-brand":[108],"product_cat":[100],"product_tag":[],"class_list":{"0":"post-94016","1":"product","2":"type-product","3":"status-publish","5":"pwb-brand-ate","6":"product_cat-jarrupalat","7":"desktop-align-left","8":"tablet-align-left","9":"mobile-align-left","11":"first","12":"instock","13":"product-type-external"},"brands":[{"id":108,"name":"ATE","slug":"ate"}],"_links":{"self":[{"href":"https:\/\/www.autonvaraosahaku.fi\/index.php?rest_route=\/wp\/v2\/product\/94016","targetHints":{"allow":["GET"]}}],"collection":[{"href":"https:\/\/www.autonvaraosahaku.fi\/index.php?rest_route=\/wp\/v2\/product"}],"about":[{"href":"https:\/\/www.autonvaraosahaku.fi\/index.php?rest_route=\/wp\/v2\/types\/product"}],"wp:attachment":[{"href":"https:\/\/www.autonvaraosahaku.fi\/index.php?rest_route=%2Fwp%2Fv2%2Fmedia&parent=94016"}],"wp:term":[{"taxonomy":"pwb-brand","embeddable":true,"href":"https:\/\/www.autonvaraosahaku.fi\/index.php?rest_route=%2Fwp%2Fv2%2Fpwb-brand&post=94016"},{"taxonomy":"product_cat","embeddable":true,"href":"https:\/\/www.autonvaraosahaku.fi\/index.php?rest_route=%2Fwp%2Fv2%2Fproduct_cat&post=94016"},{"taxonomy":"product_tag","embeddable":true,"href":"https:\/\/www.autonvaraosahaku.fi\/index.php?rest_route=%2Fwp%2Fv2%2Fproduct_tag&post=94016"}],"curies":[{"name":"wp","href":"https:\/\/api.w.org\/{rel}","templated":true}]}}