{"id":94017,"date":"2021-02-21T21:49:19","date_gmt":"2021-02-21T21:49:19","guid":{"rendered":"https:\/\/www.autonvaraosahaku.fi\/?product=vaico-v20-0532-pyorannapa"},"modified":"2021-02-21T21:49:22","modified_gmt":"2021-02-21T21:49:22","slug":"vaico-v20-0532-pyorannapa","status":"publish","type":"product","link":"https:\/\/www.autonvaraosahaku.fi\/?product=vaico-v20-0532-pyorannapa","title":{"rendered":"VAICO V20-0532 Py\u00f6r\u00e4nnapa"},"content":{"rendered":"<p>Lis\u00e4tarvike\/lis\u00e4tieto: Ilman asennusmateriaalia; Jarrutyyppi: Levyjarru, Scheibenbremse; Reik\u00e4ympyr\u00e4-\u00d8 [mm]: 115; Leveys (mm): 74; Sis\u00e4l\u00e4pimitta [mm]: 30; Ulkol\u00e4pimitta [mm]: 145; Asennuspuoli: Taka-akseli; Reikien m\u00e4\u00e4r\u00e4: 5; Paino [kg]: 1,7099; Pakkausleveys [cm]: 12; Pakkauskorkeus [mm]: 13,2; Pakkaussyvyys [cm]: 13; lis\u00e4tieto: CST99; BMW: 3 E46,3 Touring E46,3 Compact E46,3 Coupe E46,3 E36,3 Cabriolet E46,3 Coupe E36,3 Cabriolet E36,3 Touring E36; 1093567, 1136180, 33411093567, 33411136180; Py\u00f6r\u00e4n Napa<\/p>\n","protected":false},"excerpt":{"rendered":"<p>VAICO Py\u00f6r\u00e4nnapa V20-0532 Py\u00f6r\u00e4n Napa BMW,3 E46,3 Touring E46,3 Compact E46,3 Coupe E46,3 E36,3 Cabriolet E46,3 Coupe E36,3 Cabriolet E36<\/p>\n","protected":false},"featured_media":0,"template":"","meta":{"site-sidebar-layout":"default","site-content-layout":"default","ast-global-header-display":"","ast-main-header-display":"","ast-hfb-above-header-display":"","ast-hfb-below-header-display":"","ast-hfb-mobile-header-display":"","site-post-title":"","ast-breadcrumbs-content":"","ast-featured-img":"","footer-sml-layout":"","theme-transparent-header-meta":"","adv-header-id-meta":"","stick-header-meta":"","header-above-stick-meta":"","header-main-stick-meta":"","header-below-stick-meta":""},"pwb-brand":[330],"product_cat":[257],"product_tag":[],"class_list":{"0":"post-94017","1":"product","2":"type-product","3":"status-publish","5":"pwb-brand-vaico","6":"product_cat-pyorannapa","7":"desktop-align-left","8":"tablet-align-left","9":"mobile-align-left","11":"first","12":"instock","13":"product-type-external"},"brands":[{"id":330,"name":"VAICO","slug":"vaico"}],"_links":{"self":[{"href":"https:\/\/www.autonvaraosahaku.fi\/index.php?rest_route=\/wp\/v2\/product\/94017","targetHints":{"allow":["GET"]}}],"collection":[{"href":"https:\/\/www.autonvaraosahaku.fi\/index.php?rest_route=\/wp\/v2\/product"}],"about":[{"href":"https:\/\/www.autonvaraosahaku.fi\/index.php?rest_route=\/wp\/v2\/types\/product"}],"wp:attachment":[{"href":"https:\/\/www.autonvaraosahaku.fi\/index.php?rest_route=%2Fwp%2Fv2%2Fmedia&parent=94017"}],"wp:term":[{"taxonomy":"pwb-brand","embeddable":true,"href":"https:\/\/www.autonvaraosahaku.fi\/index.php?rest_route=%2Fwp%2Fv2%2Fpwb-brand&post=94017"},{"taxonomy":"product_cat","embeddable":true,"href":"https:\/\/www.autonvaraosahaku.fi\/index.php?rest_route=%2Fwp%2Fv2%2Fproduct_cat&post=94017"},{"taxonomy":"product_tag","embeddable":true,"href":"https:\/\/www.autonvaraosahaku.fi\/index.php?rest_route=%2Fwp%2Fv2%2Fproduct_tag&post=94017"}],"curies":[{"name":"wp","href":"https:\/\/api.w.org\/{rel}","templated":true}]}}