{"id":94025,"date":"2021-02-21T21:49:19","date_gmt":"2021-02-21T21:49:19","guid":{"rendered":"https:\/\/www.autonvaraosahaku.fi\/?product=vaico-v30-7251-1-kasijarrukengat"},"modified":"2021-02-21T21:49:25","modified_gmt":"2021-02-21T21:49:25","slug":"vaico-v30-7251-1-kasijarrukengat","status":"publish","type":"product","link":"https:\/\/www.autonvaraosahaku.fi\/?product=vaico-v30-7251-1-kasijarrukengat","title":{"rendered":"VAICO V30-7251-1 K\u00e4sijarrukeng\u00e4t"},"content":{"rendered":"<p>Asennuspuoli: Taka-akseli; Lis\u00e4tarvike\/lis\u00e4tieto: Tarvikkeilla; M\u00e4\u00e4r\u00e4tty kiertosuunta: ; ei sidoksissa kulkusuuntaan: ; Paino [kg]: 1,304; Pakkausleveys [cm]: 12,6; Pakkauskorkeus [mm]: 8,2; Pakkaussyvyys [cm]: 19,8; lis\u00e4tieto: CST97; Valmistusvuosi alkaen: 02\/1995; VW: LT 28-46 II Kasten 2DA, 2DD, 2DH,LT 28-35 II Bus 2DB, 2DE, 2DK,LT 28-46 II Pritsche\/Fahrgestell 2DC, 2DF, 2DG, 2DL, 2DM; MERCEDES-BENZ: G-CLASS W463,SPRINTER 3-t Kasten 903,SPRINTER 2-t Bus 901, 902,G-CLASS W461,SPRINTER 2-t Kasten 901, 902,SPRINTER 3-t Bus 903,SPRINTER 3-t Pritsche\/Fahrgestell 903,SPRINTER 4-t Pritsche\/Fahrgestell 904,VARIO Kasten\/Kombi,SPRINTER 2-t Pritsche\/Fahrgestell 901, 902,SPRINTER CLASSIC 3,5-t Kasten 909,VARIO Pritsche\/Fahrgestell,SPRINTER 4-t Kasten 904,G-CLASS Cabrio W463,VARIO Kipper,SPRINTER CLASSIC 4,6-t Bus 909,VARIO Bus,VARIO Triebkopf; PUCH: G-MODELL W 463; 2D0698525, 2D0698525B, 0024205820, 0034201420, 2D0698525B, 9014200120, 9014200320, 9014200520, A0024205820, A0034201420, A2D0698525B, A9014200120, A9014200320, A9014200520, 2D0698525, 2D0698525, 2D0698525, 2D0698525B; Jarrukenk\u00e4sarja, K\u00e4sijarru<\/p>\n","protected":false},"excerpt":{"rendered":"<p>VAICO K\u00e4sijarrukeng\u00e4t V30-7251-1 Jarrukenk\u00e4sarja, K\u00e4sijarru VW,MERCEDES-BENZ,PUCH,LT 28-46 II Kasten 2DA, 2DD, 2DH,LT 28-35 II Bus 2DB, 2DE, 2DK<\/p>\n","protected":false},"featured_media":0,"template":"","meta":{"site-sidebar-layout":"default","site-content-layout":"default","ast-global-header-display":"","ast-main-header-display":"","ast-hfb-above-header-display":"","ast-hfb-below-header-display":"","ast-hfb-mobile-header-display":"","site-post-title":"","ast-breadcrumbs-content":"","ast-featured-img":"","footer-sml-layout":"","theme-transparent-header-meta":"","adv-header-id-meta":"","stick-header-meta":"","header-above-stick-meta":"","header-main-stick-meta":"","header-below-stick-meta":""},"pwb-brand":[330],"product_cat":[236],"product_tag":[],"class_list":{"0":"post-94025","1":"product","2":"type-product","3":"status-publish","5":"pwb-brand-vaico","6":"product_cat-kasijarrukengat","7":"desktop-align-left","8":"tablet-align-left","9":"mobile-align-left","11":"first","12":"instock","13":"product-type-external"},"brands":[{"id":330,"name":"VAICO","slug":"vaico"}],"_links":{"self":[{"href":"https:\/\/www.autonvaraosahaku.fi\/index.php?rest_route=\/wp\/v2\/product\/94025","targetHints":{"allow":["GET"]}}],"collection":[{"href":"https:\/\/www.autonvaraosahaku.fi\/index.php?rest_route=\/wp\/v2\/product"}],"about":[{"href":"https:\/\/www.autonvaraosahaku.fi\/index.php?rest_route=\/wp\/v2\/types\/product"}],"wp:attachment":[{"href":"https:\/\/www.autonvaraosahaku.fi\/index.php?rest_route=%2Fwp%2Fv2%2Fmedia&parent=94025"}],"wp:term":[{"taxonomy":"pwb-brand","embeddable":true,"href":"https:\/\/www.autonvaraosahaku.fi\/index.php?rest_route=%2Fwp%2Fv2%2Fpwb-brand&post=94025"},{"taxonomy":"product_cat","embeddable":true,"href":"https:\/\/www.autonvaraosahaku.fi\/index.php?rest_route=%2Fwp%2Fv2%2Fproduct_cat&post=94025"},{"taxonomy":"product_tag","embeddable":true,"href":"https:\/\/www.autonvaraosahaku.fi\/index.php?rest_route=%2Fwp%2Fv2%2Fproduct_tag&post=94025"}],"curies":[{"name":"wp","href":"https:\/\/api.w.org\/{rel}","templated":true}]}}