{"id":94038,"date":"2021-02-21T21:49:27","date_gmt":"2021-02-21T21:49:27","guid":{"rendered":"https:\/\/www.autonvaraosahaku.fi\/?product=denso-dan501-laturi"},"modified":"2021-02-21T21:49:31","modified_gmt":"2021-02-21T21:49:31","slug":"denso-dan501-laturi","status":"publish","type":"product","link":"https:\/\/www.autonvaraosahaku.fi\/?product=denso-dan501-laturi","title":{"rendered":"DENSO DAN501 Laturi"},"content":{"rendered":"<p>Laturi varausvirta (A): 105; Laatu: OE; kiiloja: 6; Hihnapy\u00f6r\u00e4-\u00d8[mm]: 62; Hihnapy\u00f6r\u00e4t: V\u00e4lihihnapy\u00f6r\u00e4ll\u00e4; Ajoneuvon virtapiiri: Autoihin joissa 12V virtapiiri; Nimellisj\u00e4nnite (V): 14; Uusi osa: ; Varusteet: f\u00fcr Fahrzeuge mit Klimaanlage; FIAT: PUNTO 188,STILO 192,DOBLO Cargo 223,STILO Multi Wagon 192,DOBLO 119,IDEA,MULTIPLA 186,PUNTO Van 188AX,BRAVO I 182,BRAVA 182,MAREA Weekend 185,MAREA 185; ALFA ROMEO: 147 937,156 Sportwagon 932,156 932,GT 937,145 930,146 930; LANCIA: MUSA 350,LYBRA SW 839BX,KAPPA 838A,LYBRA 839AX,KAPPA SW 838B; 46782213, 60815953, 60816045, 60816557, 46544329, 46765838, 46782213, 51859053, 60815953, 60816045, 60816557, 46544329, 46765838, 46782213; Generaattori<\/p>\n","protected":false},"excerpt":{"rendered":"<p>DENSO Laturi DAN501 Generaattori FIAT,ALFA ROMEO,LANCIA,PUNTO 188,STILO 192,DOBLO Cargo 223,STILO Multi Wagon 192,DOBLO 119,IDEA,MULTIPLA 186<\/p>\n","protected":false},"featured_media":0,"template":"","meta":{"site-sidebar-layout":"default","site-content-layout":"default","ast-global-header-display":"","ast-main-header-display":"","ast-hfb-above-header-display":"","ast-hfb-below-header-display":"","ast-hfb-mobile-header-display":"","site-post-title":"","ast-breadcrumbs-content":"","ast-featured-img":"","footer-sml-layout":"","theme-transparent-header-meta":"","adv-header-id-meta":"","stick-header-meta":"","header-above-stick-meta":"","header-main-stick-meta":"","header-below-stick-meta":""},"pwb-brand":[278],"product_cat":[357],"product_tag":[],"class_list":{"0":"post-94038","1":"product","2":"type-product","3":"status-publish","5":"pwb-brand-denso","6":"product_cat-laturi","7":"desktop-align-left","8":"tablet-align-left","9":"mobile-align-left","11":"first","12":"instock","13":"product-type-external"},"brands":[{"id":278,"name":"DENSO","slug":"denso"}],"_links":{"self":[{"href":"https:\/\/www.autonvaraosahaku.fi\/index.php?rest_route=\/wp\/v2\/product\/94038","targetHints":{"allow":["GET"]}}],"collection":[{"href":"https:\/\/www.autonvaraosahaku.fi\/index.php?rest_route=\/wp\/v2\/product"}],"about":[{"href":"https:\/\/www.autonvaraosahaku.fi\/index.php?rest_route=\/wp\/v2\/types\/product"}],"wp:attachment":[{"href":"https:\/\/www.autonvaraosahaku.fi\/index.php?rest_route=%2Fwp%2Fv2%2Fmedia&parent=94038"}],"wp:term":[{"taxonomy":"pwb-brand","embeddable":true,"href":"https:\/\/www.autonvaraosahaku.fi\/index.php?rest_route=%2Fwp%2Fv2%2Fpwb-brand&post=94038"},{"taxonomy":"product_cat","embeddable":true,"href":"https:\/\/www.autonvaraosahaku.fi\/index.php?rest_route=%2Fwp%2Fv2%2Fproduct_cat&post=94038"},{"taxonomy":"product_tag","embeddable":true,"href":"https:\/\/www.autonvaraosahaku.fi\/index.php?rest_route=%2Fwp%2Fv2%2Fproduct_tag&post=94038"}],"curies":[{"name":"wp","href":"https:\/\/api.w.org\/{rel}","templated":true}]}}