{"id":94063,"date":"2021-02-21T21:49:35","date_gmt":"2021-02-21T21:49:35","guid":{"rendered":"https:\/\/www.autonvaraosahaku.fi\/?product=aks-dasis-740690n-lammityslaitteen-puhallin"},"modified":"2021-02-21T21:49:41","modified_gmt":"2021-02-21T21:49:41","slug":"aks-dasis-740690n-lammityslaitteen-puhallin","status":"publish","type":"product","link":"https:\/\/www.autonvaraosahaku.fi\/?product=aks-dasis-740690n-lammityslaitteen-puhallin","title":{"rendered":"AKS DASIS 740690N L\u00e4mmityslaitteen puhallin"},"content":{"rendered":"<p>Paino [kg]: 1,962; Paino [g]: 1962; Uusi osa: ; Pakkauspituus [cm]: 22,9; Pakkausleveys [cm]: 22,3; Pakkauskorkeus [mm]: 22; Vasen \/ oikea liikenne: Ohjaus vasemmalla; Varusteet: Autoihin, joissa ilmastointi; VOLVO: V70 II SW,XC90 I,S60 I,S80 I TS, XY,XC70 CROSS COUNTRY; 9171479; Sis\u00e4tilan Puhallin,Sis\u00e4tilapuhallin<\/p>\n","protected":false},"excerpt":{"rendered":"<p>AKS DASIS L\u00e4mmityslaitteen Puhallin 740690N Sis\u00e4tilan Puhallin,Sis\u00e4tilapuhallin VOLVO,V70 II SW,XC90 I,S60 I,S80 I TS, XY,XC70 CROSS COUNTRY<\/p>\n","protected":false},"featured_media":0,"template":"","meta":{"site-sidebar-layout":"default","site-content-layout":"default","ast-global-header-display":"","ast-main-header-display":"","ast-hfb-above-header-display":"","ast-hfb-below-header-display":"","ast-hfb-mobile-header-display":"","site-post-title":"","ast-breadcrumbs-content":"","ast-featured-img":"","footer-sml-layout":"","theme-transparent-header-meta":"","adv-header-id-meta":"","stick-header-meta":"","header-above-stick-meta":"","header-main-stick-meta":"","header-below-stick-meta":""},"pwb-brand":[461],"product_cat":[86],"product_tag":[],"class_list":{"0":"post-94063","1":"product","2":"type-product","3":"status-publish","5":"pwb-brand-aks-dasis","6":"product_cat-lammityslaitteen-puhallin","7":"desktop-align-left","8":"tablet-align-left","9":"mobile-align-left","11":"first","12":"instock","13":"product-type-external"},"brands":[{"id":461,"name":"AKS DASIS","slug":"aks-dasis"}],"_links":{"self":[{"href":"https:\/\/www.autonvaraosahaku.fi\/index.php?rest_route=\/wp\/v2\/product\/94063","targetHints":{"allow":["GET"]}}],"collection":[{"href":"https:\/\/www.autonvaraosahaku.fi\/index.php?rest_route=\/wp\/v2\/product"}],"about":[{"href":"https:\/\/www.autonvaraosahaku.fi\/index.php?rest_route=\/wp\/v2\/types\/product"}],"wp:attachment":[{"href":"https:\/\/www.autonvaraosahaku.fi\/index.php?rest_route=%2Fwp%2Fv2%2Fmedia&parent=94063"}],"wp:term":[{"taxonomy":"pwb-brand","embeddable":true,"href":"https:\/\/www.autonvaraosahaku.fi\/index.php?rest_route=%2Fwp%2Fv2%2Fpwb-brand&post=94063"},{"taxonomy":"product_cat","embeddable":true,"href":"https:\/\/www.autonvaraosahaku.fi\/index.php?rest_route=%2Fwp%2Fv2%2Fproduct_cat&post=94063"},{"taxonomy":"product_tag","embeddable":true,"href":"https:\/\/www.autonvaraosahaku.fi\/index.php?rest_route=%2Fwp%2Fv2%2Fproduct_tag&post=94063"}],"curies":[{"name":"wp","href":"https:\/\/api.w.org\/{rel}","templated":true}]}}