{"id":94065,"date":"2021-02-21T21:49:35","date_gmt":"2021-02-21T21:49:35","guid":{"rendered":"https:\/\/www.autonvaraosahaku.fi\/?product=mahle-original-kc-102-polttoainesuodatin"},"modified":"2021-02-21T21:49:41","modified_gmt":"2021-02-21T21:49:41","slug":"mahle-original-kc-102-polttoainesuodatin","status":"publish","type":"product","link":"https:\/\/www.autonvaraosahaku.fi\/?product=mahle-original-kc-102-polttoainesuodatin","title":{"rendered":"MAHLE ORIGINAL KC 102 Polttoainesuodatin"},"content":{"rendered":"<p>Suodatintyyppi: Ruuvattava suodatin, Feinfilter; Korkeus (mm): 148,4; Kopan l\u00e4pimitta (mm): 76,2; Ulkol\u00e4pimitta 2 [mm]: 72,0; Sis\u00e4l\u00e4pimitta 2 [mm]: 62,0; Liitinkierre: M16x1,5; Kiristysmomentti: 20; Suositellun erikoisty\u00f6kalun tuotenumero: -; MERCEDES-BENZ: INTEGRO (O 550),INTOURO,TOURINO (O 510),TOURISMO (O 350),TRAVEGO (O 580); VAN HOOL: T-Serie; SOLARIS: URBINO; SETRA: Series 300,Series 400; NEOPLAN: Centroliner,Euroliner,Megashuttle,Sportliner,Starliner,Tourliner,Transliner; MAZ-MAN: F 2000; MAN: CLA,E2000,EL,EM,F2000,F90,F90 Unterflur,FOCL,G,G90,HELICON,HOCL,L2000,LION\u00b4S CITY,LION\u00b4S COACH,LION\u00b4S COMFORT,LION\u00b4S STAR,M 2000 L,M 2000 M,M90,NG,NL,NM,N\u00dc,R,SD,SG,SL II,SM,SR,S\u00dc,\u00dcL; FENDT: Farmer,Favorit,GT; ERF: ECL,ECM; 51125030004, 51125030005, 51125030009, 51125030010, 51125030016, 51125030017, 51125030018, 51125030028, 51125030029, 51125030030, 51125030031, 51125030034, 51125030036, 51125030039, 51125030040, 51125030055, 81125030004, 81125030075, 82125030009, 82125030028, 82125030030, 82125030031, 82125030039, 82125030040, 82125036036, 84125030002, 85100001834, 85100002764, 85120007007, K0001160243, K0001174423, N1011005915, N1011005926, N1014003174, 0018354447, A0018354447<\/p>\n","protected":false},"excerpt":{"rendered":"<p>MAHLE ORIGINAL Polttoainesuodatin KC 102  MERCEDES-BENZ,VAN HOOL,SOLARIS,INTEGRO (O 550),INTOURO,TOURINO (O 510),TOURISMO (O 350),TRAVEGO (O 580)<\/p>\n","protected":false},"featured_media":0,"template":"","meta":{"site-sidebar-layout":"default","site-content-layout":"default","ast-global-header-display":"","ast-main-header-display":"","ast-hfb-above-header-display":"","ast-hfb-below-header-display":"","ast-hfb-mobile-header-display":"","site-post-title":"","ast-breadcrumbs-content":"","ast-featured-img":"","footer-sml-layout":"","theme-transparent-header-meta":"","adv-header-id-meta":"","stick-header-meta":"","header-above-stick-meta":"","header-main-stick-meta":"","header-below-stick-meta":""},"pwb-brand":[153],"product_cat":[29],"product_tag":[],"class_list":{"0":"post-94065","1":"product","2":"type-product","3":"status-publish","5":"pwb-brand-mahle-original","6":"product_cat-polttoainesuodatin","7":"desktop-align-left","8":"tablet-align-left","9":"mobile-align-left","11":"first","12":"instock","13":"product-type-external"},"brands":[{"id":153,"name":"MAHLE ORIGINAL","slug":"mahle-original"}],"_links":{"self":[{"href":"https:\/\/www.autonvaraosahaku.fi\/index.php?rest_route=\/wp\/v2\/product\/94065","targetHints":{"allow":["GET"]}}],"collection":[{"href":"https:\/\/www.autonvaraosahaku.fi\/index.php?rest_route=\/wp\/v2\/product"}],"about":[{"href":"https:\/\/www.autonvaraosahaku.fi\/index.php?rest_route=\/wp\/v2\/types\/product"}],"wp:attachment":[{"href":"https:\/\/www.autonvaraosahaku.fi\/index.php?rest_route=%2Fwp%2Fv2%2Fmedia&parent=94065"}],"wp:term":[{"taxonomy":"pwb-brand","embeddable":true,"href":"https:\/\/www.autonvaraosahaku.fi\/index.php?rest_route=%2Fwp%2Fv2%2Fpwb-brand&post=94065"},{"taxonomy":"product_cat","embeddable":true,"href":"https:\/\/www.autonvaraosahaku.fi\/index.php?rest_route=%2Fwp%2Fv2%2Fproduct_cat&post=94065"},{"taxonomy":"product_tag","embeddable":true,"href":"https:\/\/www.autonvaraosahaku.fi\/index.php?rest_route=%2Fwp%2Fv2%2Fproduct_tag&post=94065"}],"curies":[{"name":"wp","href":"https:\/\/api.w.org\/{rel}","templated":true}]}}