{"id":94078,"date":"2021-02-21T21:49:44","date_gmt":"2021-02-21T21:49:44","guid":{"rendered":"https:\/\/www.autonvaraosahaku.fi\/?product=beru-ger024-laturin-jannitteensaadin"},"modified":"2021-02-21T21:49:47","modified_gmt":"2021-02-21T21:49:47","slug":"beru-ger024-laturin-jannitteensaadin","status":"publish","type":"product","link":"https:\/\/www.autonvaraosahaku.fi\/?product=beru-ger024-laturin-jannitteensaadin","title":{"rendered":"BERU GER024 Laturin j\u00e4nnitteens\u00e4\u00e4din"},"content":{"rendered":"<p>J\u00e4nnite (V): 14,4; Valmistaja rajaus: BOSCH; Valmistusvuoteen: 09\/1971; VW: KAEFER,KAEFER Cabriolet 15,TRANSPORTER II Bus,411412,KARMANN GHIA Coupe 14, 34,TRANSPORTER II Kasten,TRANSPORTER II Pritsche\/Fahrgestell; AUDI: 100 C1,SUPER 90; SKODA: 110,110 Coupe; BMW: 02 E10,5 E12,02 Touring E6,02 Cabriolet E10; VOLVO: 240 Kombi P245,240 P242, P244,P 1800,340-360 343, 345,164,140 142, 144,140 Kombi 145,260 P262, P264,260 Coupe P262,66 Kombi,260 Kombi P265; SAAB: 96,99,99 Combi Coupe,95 Station Wagon; ROVER: MINI,MINI Cabriolet XN; MERCEDES-BENZ: SL R107,S-CLASS W108, W109,S-CLASS W116,COUPE W111,SL Coupe C107,CABRIOLET W111; OPEL: KADETT C Coupe,MANTA B 58_, 59_,KADETT B,KADETT C,OPEL,ASCONA B 81_, 86_, 87_, 88_,REKORD E 17_-19_, 11_, 14_, 16_,MANTA A 58_, 59_,REKORD C,DIPLOMAT B,ADMIRAL B,KADETT B Coupe,REKORD D,COMMODORE A,COMMODORE A Coupe,ASCONA A 81_, 86_, 87_, 88_,MANTA B CC 53_, 55_,KADETT C City,COMMODORE B Coupe,COMMODORE B,REKORD C Coupe,REKORD E Caravan 61_, 66_, 67_,REKORD D Coupe,KADETT C Caravan,KADETT B Caravan,REKORD C Caravan,REKORD D Caravan,ASCONA A Voyage 84_, 89_; LANCIA: BETA Spider 828BS,BETA Coupe 828BC,FULVIA Coupe,BETA  H.P.E. 828BF,BETA 828_B_,TREVI 828DB; 105366502800, 510610000000, 530165, 12321244409, 12321350052, 12321358109, 12321358134, 12328708000, 1244409, 1350052, 1355456, 65311359039, 8708000, AL5351, AL535101, AL535101A, 266941, 4224067, 4224467, 75213456, 75218018, 8122182, 82264822, 11436766, 11444237, 11444238, 11444273, 444238, 5000995, 5011363, 5018311, 6025611, 72VG10316AA, 74BB10316AA, 01160363, 01160376, 01163008, 0144440748, 08122182, 1160363EF8976, 1160376EF89761, 8198177, T1H7615, T2H7615, T4H7615, 294290600, 51256017037, 81256010002, 81256010003, 81256010004, 81256010005, 81256010021, 90801101270, 0001548506, 0011545106, 0011546806, 0011546906, 0011548406, 0011548506, 0021541506, 0021542006, 0021542806, 0021543006, 0021543606, 0021546206, 0021547406, 3455477002, 03472419, 1204226, 1204229, 1204230, 1204231, 1204235, 1204239, 1204254, 1204325, 1204439, 90160320301, 90160320600, 90160320601, 90160320602, 5000081172, 5000255685, 5000273021, 5001001392, 7701014809, 7326176, 7334634, 8512410, 8558306, HB90600000, 609F&#8230;; Laturin S\u00e4\u00e4din,J\u00e4nniteens\u00e4\u00e4din<\/p>\n","protected":false},"excerpt":{"rendered":"<p>BERU Laturin J\u00e4nnitteens\u00e4\u00e4din GER024 Laturin S\u00e4\u00e4din,J\u00e4nniteens\u00e4\u00e4din VW,AUDI,SKODA,KAEFER,KAEFER Cabriolet 15,TRANSPORTER II Bus,411412<\/p>\n","protected":false},"featured_media":0,"template":"","meta":{"site-sidebar-layout":"default","site-content-layout":"default","ast-global-header-display":"","ast-main-header-display":"","ast-hfb-above-header-display":"","ast-hfb-below-header-display":"","ast-hfb-mobile-header-display":"","site-post-title":"","ast-breadcrumbs-content":"","ast-featured-img":"","footer-sml-layout":"","theme-transparent-header-meta":"","adv-header-id-meta":"","stick-header-meta":"","header-above-stick-meta":"","header-main-stick-meta":"","header-below-stick-meta":""},"pwb-brand":[327],"product_cat":[420],"product_tag":[],"class_list":{"0":"post-94078","1":"product","2":"type-product","3":"status-publish","5":"pwb-brand-beru","6":"product_cat-laturin-jannitteensaadin","7":"desktop-align-left","8":"tablet-align-left","9":"mobile-align-left","11":"first","12":"instock","13":"product-type-external"},"brands":[{"id":327,"name":"BERU","slug":"beru"}],"_links":{"self":[{"href":"https:\/\/www.autonvaraosahaku.fi\/index.php?rest_route=\/wp\/v2\/product\/94078","targetHints":{"allow":["GET"]}}],"collection":[{"href":"https:\/\/www.autonvaraosahaku.fi\/index.php?rest_route=\/wp\/v2\/product"}],"about":[{"href":"https:\/\/www.autonvaraosahaku.fi\/index.php?rest_route=\/wp\/v2\/types\/product"}],"wp:attachment":[{"href":"https:\/\/www.autonvaraosahaku.fi\/index.php?rest_route=%2Fwp%2Fv2%2Fmedia&parent=94078"}],"wp:term":[{"taxonomy":"pwb-brand","embeddable":true,"href":"https:\/\/www.autonvaraosahaku.fi\/index.php?rest_route=%2Fwp%2Fv2%2Fpwb-brand&post=94078"},{"taxonomy":"product_cat","embeddable":true,"href":"https:\/\/www.autonvaraosahaku.fi\/index.php?rest_route=%2Fwp%2Fv2%2Fproduct_cat&post=94078"},{"taxonomy":"product_tag","embeddable":true,"href":"https:\/\/www.autonvaraosahaku.fi\/index.php?rest_route=%2Fwp%2Fv2%2Fproduct_tag&post=94078"}],"curies":[{"name":"wp","href":"https:\/\/api.w.org\/{rel}","templated":true}]}}