{"id":94123,"date":"2021-02-21T21:50:00","date_gmt":"2021-02-21T21:50:00","guid":{"rendered":"https:\/\/www.autonvaraosahaku.fi\/?product=elring-393-990-kampiakselin-tiiviste"},"modified":"2021-02-21T21:50:06","modified_gmt":"2021-02-21T21:50:06","slug":"elring-393-990-kampiakselin-tiiviste","status":"publish","type":"product","link":"https:\/\/www.autonvaraosahaku.fi\/?product=elring-393-990-kampiakselin-tiiviste","title":{"rendered":"ELRING 393.990 Kampiakselin tiiviste"},"content":{"rendered":"<p>Sis\u00e4l\u00e4pimitta [mm]: 42; Ulkol\u00e4pimitta [mm]: 62; Korkeus (mm): 7; Akselitiivisteen malli: ASW; Rihlamalli: Oikea kierre; Materiaali: PTFE (polytetrafluorietyleeni)\/ACM (polyakryyli-kumi); Suojavaippa: Suojakumilla; Korvaava tuote\/korvaava tiedote 2: asennushylsyll\u00e4; Huomioi asennusoohje: ; Asennuspuoli: stirnseitig; LAND ROVER: FREELANDER 2 FA_,RANGE ROVER EVOQUE LV,DISCOVERY SPORT LC; FORD USA: EDGE; JAGUAR: XF _J05_, CC9,XF SPORTBRAKE CC9; LANCIA: PHEDRA 179; OPEL: GRANDLAND X A18; TOYOTA: PROACE Kasten\/Kombi,PROACE Bus MPY_,PROACE Kasten MDZ_,PROACE Pritsche\/Fahrgestell MDZ_; VOLVO: V40 Kombi VW,V50 MW,V70 III BW,C30,S40 II MS,S40 I VS,C70 II Cabriolet,S80 II AS; FORD: FOCUS II Kombi DA_,MONDEO IV Turnier BA7,FOCUS II DA_,S-MAX WA6,FOCUS III Turnier,FOCUS C-MAX,GALAXY WA6,KUGA I,C-MAX DM2,FOCUS III,C-MAX II,MONDEO IV BA7,KUGA II DM2,GRAND C-MAX,FOCUS II Stufenheck DA_,FOCUS II Cabriolet,FOCUS III Stufenheck,MONDEO IV Stufenheck BA7,MONDEO V Turnier,S-MAX,MONDEO V Stufenheck,GRAND C-MAX Van,GALAXY,MONDEO V Schr\u00e4gheck,C-MAX II Van,KUGA II Van,FOCUS III Kasten\/Schr\u00e4gheck; FIAT: SCUDO 270_,ULYSSE 179AX,SCUDO Kasten 270_,SCUDO Kasten 220L,SCUDO Pritsche\/Fahrgestell 270_,SCUDO Pritsche\/Fahrgestell 220_; CITRO\u00cbN: C5 III Break TD_,C4 Picasso I UD_,C4 Grand Picasso I UA_,C8 EA_, EB_,C4 I LC_,JUMPER Kasten,C5 II Break RE_,C5 III RD_,C4 Coupe LA_,C4 II B7,C5 II RC_,C-CROSSER EP_,JUMPY,C6 TD_,JUMPY Kasten,C4 Grand Picasso II,C4 Picasso II,DS4,JUMPER Bus,DS5,C4 Stufenheck L,JUMPER Pritsche\/Fahrgestell,C-CROSSER ENTERPRISE,SPACETOURER,JUMPY Pritsche\/Fahrgestell; 012747, 9645863080, 9614194980, 1350608, 1826503, 3M5Q6700BC, 3M5Q6700BD, C2S36417, MN982075, 39166040, 012747, 9645863080, LR000673, 30725003, 30757227, 8653739; Akselitiiviste, Kampiakseli<\/p>\n","protected":false},"excerpt":{"rendered":"<p>ELRING Kampiakselin Tiiviste 393.990 Akselitiiviste, Kampiakseli LAND ROVER,FORD USA,JAGUAR,FREELANDER 2 FA_,RANGE ROVER EVOQUE LV,DISCOVERY SPORT LC<\/p>\n","protected":false},"featured_media":0,"template":"","meta":{"site-sidebar-layout":"default","site-content-layout":"default","ast-global-header-display":"","ast-main-header-display":"","ast-hfb-above-header-display":"","ast-hfb-below-header-display":"","ast-hfb-mobile-header-display":"","site-post-title":"","ast-breadcrumbs-content":"","ast-featured-img":"","footer-sml-layout":"","theme-transparent-header-meta":"","adv-header-id-meta":"","stick-header-meta":"","header-above-stick-meta":"","header-main-stick-meta":"","header-below-stick-meta":""},"pwb-brand":[26],"product_cat":[88],"product_tag":[],"class_list":{"0":"post-94123","1":"product","2":"type-product","3":"status-publish","5":"pwb-brand-elring","6":"product_cat-kampiakselin-tiiviste","7":"desktop-align-left","8":"tablet-align-left","9":"mobile-align-left","11":"first","12":"instock","13":"product-type-external"},"brands":[{"id":26,"name":"ELRING","slug":"elring"}],"_links":{"self":[{"href":"https:\/\/www.autonvaraosahaku.fi\/index.php?rest_route=\/wp\/v2\/product\/94123","targetHints":{"allow":["GET"]}}],"collection":[{"href":"https:\/\/www.autonvaraosahaku.fi\/index.php?rest_route=\/wp\/v2\/product"}],"about":[{"href":"https:\/\/www.autonvaraosahaku.fi\/index.php?rest_route=\/wp\/v2\/types\/product"}],"wp:attachment":[{"href":"https:\/\/www.autonvaraosahaku.fi\/index.php?rest_route=%2Fwp%2Fv2%2Fmedia&parent=94123"}],"wp:term":[{"taxonomy":"pwb-brand","embeddable":true,"href":"https:\/\/www.autonvaraosahaku.fi\/index.php?rest_route=%2Fwp%2Fv2%2Fpwb-brand&post=94123"},{"taxonomy":"product_cat","embeddable":true,"href":"https:\/\/www.autonvaraosahaku.fi\/index.php?rest_route=%2Fwp%2Fv2%2Fproduct_cat&post=94123"},{"taxonomy":"product_tag","embeddable":true,"href":"https:\/\/www.autonvaraosahaku.fi\/index.php?rest_route=%2Fwp%2Fv2%2Fproduct_tag&post=94123"}],"curies":[{"name":"wp","href":"https:\/\/api.w.org\/{rel}","templated":true}]}}