{"id":94156,"date":"2021-02-21T21:50:18","date_gmt":"2021-02-21T21:50:18","guid":{"rendered":"https:\/\/www.autonvaraosahaku.fi\/?product=hella-8ea-012-526-841-starttimoottori"},"modified":"2021-02-21T21:50:21","modified_gmt":"2021-02-21T21:50:21","slug":"hella-8ea-012-526-841-starttimoottori","status":"publish","type":"product","link":"https:\/\/www.autonvaraosahaku.fi\/?product=hella-8ea-012-526-841-starttimoottori","title":{"rendered":"HELLA 8EA 012 526-841 Starttimoottori"},"content":{"rendered":"<p>Pantiton uusi osa: ; J\u00e4nnite (V): 12; K\u00e4ynnistinmoottori teho (kW): 1,4; Hammasluku: 9; Hammaspy\u00f6r\u00e4n perusasento [mm]: 22; Py\u00f6rimissuunta: Py\u00f6rimissuunta my\u00f6t\u00e4p\u00e4iv\u00e4\u00e4n; Laippa \u00d8(mm): 76; Liitin\/puristin: 30h liittimell\u00e4; Kiinnitysreikien lukum\u00e4\u00e4r\u00e4: 3; Rungonpalautus vapaaehtoinen: , ; Moottorinumero: M43B16; BMW: 3 E46,5 E39,5 E60,3 Touring E46,5 Touring E39,3 Compact E46,3 Coupe E46,3 Compact E36,3 E36,X5 E53,3 Cabriolet E46,7 E38,3 Coupe E36,Z3 E36,5 E34,3 Cabriolet E30,3 Cabriolet E36,3 Touring E36,5 Touring E34,Z3 Coupe E36; 12411712937, 12411740373, 12411740374, 12411740375, 12411740379, 12417501668, 12417501738, 12417515390, 12417515391, 12417515392, 1712937, 7515392; Startti,K\u00e4ynnistinmoottori<\/p>\n","protected":false},"excerpt":{"rendered":"<p>HELLA Starttimoottori 8EA 012 526-841 Startti,K\u00e4ynnistinmoottori BMW,3 E46,5 E39,5 E60,3 Touring E46,5 Touring E39,3 Compact E46,3 Coupe E46<\/p>\n","protected":false},"featured_media":0,"template":"","meta":{"site-sidebar-layout":"default","site-content-layout":"default","ast-global-header-display":"","ast-main-header-display":"","ast-hfb-above-header-display":"","ast-hfb-below-header-display":"","ast-hfb-mobile-header-display":"","site-post-title":"","ast-breadcrumbs-content":"","ast-featured-img":"","footer-sml-layout":"","theme-transparent-header-meta":"","adv-header-id-meta":"","stick-header-meta":"","header-above-stick-meta":"","header-main-stick-meta":"","header-below-stick-meta":""},"pwb-brand":[24],"product_cat":[295],"product_tag":[],"class_list":{"0":"post-94156","1":"product","2":"type-product","3":"status-publish","5":"pwb-brand-hella","6":"product_cat-starttimoottori","7":"desktop-align-left","8":"tablet-align-left","9":"mobile-align-left","11":"first","12":"instock","13":"product-type-external"},"brands":[{"id":24,"name":"HELLA","slug":"hella"}],"_links":{"self":[{"href":"https:\/\/www.autonvaraosahaku.fi\/index.php?rest_route=\/wp\/v2\/product\/94156","targetHints":{"allow":["GET"]}}],"collection":[{"href":"https:\/\/www.autonvaraosahaku.fi\/index.php?rest_route=\/wp\/v2\/product"}],"about":[{"href":"https:\/\/www.autonvaraosahaku.fi\/index.php?rest_route=\/wp\/v2\/types\/product"}],"wp:attachment":[{"href":"https:\/\/www.autonvaraosahaku.fi\/index.php?rest_route=%2Fwp%2Fv2%2Fmedia&parent=94156"}],"wp:term":[{"taxonomy":"pwb-brand","embeddable":true,"href":"https:\/\/www.autonvaraosahaku.fi\/index.php?rest_route=%2Fwp%2Fv2%2Fpwb-brand&post=94156"},{"taxonomy":"product_cat","embeddable":true,"href":"https:\/\/www.autonvaraosahaku.fi\/index.php?rest_route=%2Fwp%2Fv2%2Fproduct_cat&post=94156"},{"taxonomy":"product_tag","embeddable":true,"href":"https:\/\/www.autonvaraosahaku.fi\/index.php?rest_route=%2Fwp%2Fv2%2Fproduct_tag&post=94156"}],"curies":[{"name":"wp","href":"https:\/\/api.w.org\/{rel}","templated":true}]}}