{"id":94168,"date":"2021-02-21T21:50:18","date_gmt":"2021-02-21T21:50:18","guid":{"rendered":"https:\/\/www.autonvaraosahaku.fi\/?product=trw-gdb1463dte-jarrupalat"},"modified":"2021-02-21T21:50:25","modified_gmt":"2021-02-21T21:50:25","slug":"trw-gdb1463dte-jarrupalat","status":"publish","type":"product","link":"https:\/\/www.autonvaraosahaku.fi\/?product=trw-gdb1463dte-jarrupalat","title":{"rendered":"TRW GDB1463DTE Jarrupalat"},"content":{"rendered":"<p>Valmistaja rajaus: BOSCH; Kulumisenilmaisimen liitos: Ei kulumisenilmaisimelle; Pituus (mm): 137,0; Korkeus (mm): 51,0; Paksuus [mm]: 18,8; Lis\u00e4tarvike\/lis\u00e4tieto: Tarvikkeilla; Korvaava tuote\/korvaava tiedote 2: Jarrusatulan ruuveilla; Jarrut: V\u00e4h\u00e4np\u00f6ly\u00e4v\u00e4t jarrupalat\/-hihnat, my\u00f6s reijitetyille jarrulevyille; Tarkistuskilpi: E9 90R-02A1062\/1046; M\u00e4\u00e4r\u00e4yksikk\u00f6: Akselisarja; Tuotelinja: DTEC COTEC; Tuning: 1; Asennuspuoli: Vorderachse; CITRO\u00cbN: BERLINGO MF,XSARA PICASSO N68,C2 JM_,C3 I FC_,C4 I LC_,DS3,BERLINGO Kasten M_,C3 Picasso,C3 II,XSARA N1,C4 Coupe LA_,XSARA Break N2,XSARA Coupe N0,C-ELYSEE,C4 CACTUS,XSARA Kasten,C3 III SX,C3 AIRCROSS II; PEUGEOT: 206 Schr\u00e4gheck 2A\/C,206 CC 2D,207 WA_, WC_,307 SW 3H,307 3A\/C,207 SW WK_,206 SW 2E\/K,208,307 Break 3E,PARTNER Tepee,1007 KM_,PARTNER Combispace 5F,2008,PARTNER Kasten 5,PARTNER Kasten,207 Stufenheck,301,207 Van,PARTNER Pritsche\/Fahrgestell,208 Kasten; DS: DS 3,DS 3 Cabriolet; 1611293980, 1613192280, 425218, 425238, 425342, 425423, 425486, E172123, E172124, E172227, E172558, 1611293980, 425423, E172558, 1611293980, 1613192280, 425221, 425238, 425239, 425259, 425276, 425341, 425342, 425423, 425486, E172124, E172558; Jarrupalasarja,Jarrupala, Levyjarru<\/p>\n","protected":false},"excerpt":{"rendered":"<p>TRW Jarrupalat GDB1463DTE Jarrupalasarja,Jarrupala, Levyjarru CITRO\u00cbN,PEUGEOT,DS,BERLINGO MF,XSARA PICASSO N68,C2 JM_,C3 I FC_,C4 I LC_,DS3<\/p>\n","protected":false},"featured_media":0,"template":"","meta":{"site-sidebar-layout":"default","site-content-layout":"default","ast-global-header-display":"","ast-main-header-display":"","ast-hfb-above-header-display":"","ast-hfb-below-header-display":"","ast-hfb-mobile-header-display":"","site-post-title":"","ast-breadcrumbs-content":"","ast-featured-img":"","footer-sml-layout":"","theme-transparent-header-meta":"","adv-header-id-meta":"","stick-header-meta":"","header-above-stick-meta":"","header-main-stick-meta":"","header-below-stick-meta":""},"pwb-brand":[332],"product_cat":[100],"product_tag":[],"class_list":{"0":"post-94168","1":"product","2":"type-product","3":"status-publish","5":"pwb-brand-trw","6":"product_cat-jarrupalat","7":"desktop-align-left","8":"tablet-align-left","9":"mobile-align-left","11":"first","12":"instock","13":"product-type-external"},"brands":[{"id":332,"name":"TRW","slug":"trw"}],"_links":{"self":[{"href":"https:\/\/www.autonvaraosahaku.fi\/index.php?rest_route=\/wp\/v2\/product\/94168","targetHints":{"allow":["GET"]}}],"collection":[{"href":"https:\/\/www.autonvaraosahaku.fi\/index.php?rest_route=\/wp\/v2\/product"}],"about":[{"href":"https:\/\/www.autonvaraosahaku.fi\/index.php?rest_route=\/wp\/v2\/types\/product"}],"wp:attachment":[{"href":"https:\/\/www.autonvaraosahaku.fi\/index.php?rest_route=%2Fwp%2Fv2%2Fmedia&parent=94168"}],"wp:term":[{"taxonomy":"pwb-brand","embeddable":true,"href":"https:\/\/www.autonvaraosahaku.fi\/index.php?rest_route=%2Fwp%2Fv2%2Fpwb-brand&post=94168"},{"taxonomy":"product_cat","embeddable":true,"href":"https:\/\/www.autonvaraosahaku.fi\/index.php?rest_route=%2Fwp%2Fv2%2Fproduct_cat&post=94168"},{"taxonomy":"product_tag","embeddable":true,"href":"https:\/\/www.autonvaraosahaku.fi\/index.php?rest_route=%2Fwp%2Fv2%2Fproduct_tag&post=94168"}],"curies":[{"name":"wp","href":"https:\/\/api.w.org\/{rel}","templated":true}]}}