{"id":9417,"date":"2021-02-21T14:05:48","date_gmt":"2021-02-21T14:05:48","guid":{"rendered":"https:\/\/www.autonvaraosahaku.fi\/?product=abakus-444-1125r-ld-e-ajovaloumpio"},"modified":"2021-02-21T14:05:50","modified_gmt":"2021-02-21T14:05:50","slug":"abakus-444-1125r-ld-e-ajovaloumpio","status":"publish","type":"product","link":"https:\/\/www.autonvaraosahaku.fi\/?product=abakus-444-1125r-ld-e-ajovaloumpio","title":{"rendered":"ABAKUS 444-1125R-LD-E Ajovaloumpio"},"content":{"rendered":"<p>Asennuspuoli: Oikea; Lamppumalli: H7; K\u00e4ytt\u00f6: S\u00e4hk\u00f6inen; Varusteet: Autoihin, joissa ajovalo korkeudens\u00e4\u00e4t\u00f6; Korvaava tuote\/korvaava tiedote 2: ilman valokorkeuss\u00e4\u00e4timen moottoria; Rekister\u00f6ity tyyppi: E-hyv\u00e4ksytty; BMW: 3 E36,3 Coupe E36,3 Cabriolet E36,3 Touring E36; 63128363494, 63128363496, 63318363494, 63318363496, 8363494, 8363496, 600146; Ajovalot,Etuvalot,Ajovalo<\/p>\n","protected":false},"excerpt":{"rendered":"<p>ABAKUS Ajovaloumpio 444-1125R-LD-E Ajovalot,Etuvalot BMW,3 E36,3 Coupe E36,3 Cabriolet E36,3 Touring E36<\/p>\n","protected":false},"featured_media":0,"template":"","meta":{"site-sidebar-layout":"default","site-content-layout":"default","ast-global-header-display":"","ast-main-header-display":"","ast-hfb-above-header-display":"","ast-hfb-below-header-display":"","ast-hfb-mobile-header-display":"","site-post-title":"","ast-breadcrumbs-content":"","ast-featured-img":"","footer-sml-layout":"","theme-transparent-header-meta":"","adv-header-id-meta":"","stick-header-meta":"","header-above-stick-meta":"","header-main-stick-meta":"","header-below-stick-meta":""},"pwb-brand":[148],"product_cat":[185],"product_tag":[],"class_list":{"0":"post-9417","1":"product","2":"type-product","3":"status-publish","5":"pwb-brand-abakus","6":"product_cat-ajovaloumpio","7":"desktop-align-left","8":"tablet-align-left","9":"mobile-align-left","11":"first","12":"instock","13":"product-type-external"},"brands":[{"id":148,"name":"ABAKUS","slug":"abakus"}],"_links":{"self":[{"href":"https:\/\/www.autonvaraosahaku.fi\/index.php?rest_route=\/wp\/v2\/product\/9417","targetHints":{"allow":["GET"]}}],"collection":[{"href":"https:\/\/www.autonvaraosahaku.fi\/index.php?rest_route=\/wp\/v2\/product"}],"about":[{"href":"https:\/\/www.autonvaraosahaku.fi\/index.php?rest_route=\/wp\/v2\/types\/product"}],"wp:attachment":[{"href":"https:\/\/www.autonvaraosahaku.fi\/index.php?rest_route=%2Fwp%2Fv2%2Fmedia&parent=9417"}],"wp:term":[{"taxonomy":"pwb-brand","embeddable":true,"href":"https:\/\/www.autonvaraosahaku.fi\/index.php?rest_route=%2Fwp%2Fv2%2Fpwb-brand&post=9417"},{"taxonomy":"product_cat","embeddable":true,"href":"https:\/\/www.autonvaraosahaku.fi\/index.php?rest_route=%2Fwp%2Fv2%2Fproduct_cat&post=9417"},{"taxonomy":"product_tag","embeddable":true,"href":"https:\/\/www.autonvaraosahaku.fi\/index.php?rest_route=%2Fwp%2Fv2%2Fproduct_tag&post=9417"}],"curies":[{"name":"wp","href":"https:\/\/api.w.org\/{rel}","templated":true}]}}