{"id":94179,"date":"2021-02-21T21:50:27","date_gmt":"2021-02-21T21:50:27","guid":{"rendered":"https:\/\/www.autonvaraosahaku.fi\/?product=pierburg-7-03833-02-0-painemuunnin"},"modified":"2021-02-21T21:50:30","modified_gmt":"2021-02-21T21:50:30","slug":"pierburg-7-03833-02-0-painemuunnin","status":"publish","type":"product","link":"https:\/\/www.autonvaraosahaku.fi\/?product=pierburg-7-03833-02-0-painemuunnin","title":{"rendered":"PIERBURG 7.03833.02.0 Painemuunnin"},"content":{"rendered":"<p>Venttiilimalli: Suunnanvaihtoventtiili; K\u00e4ytt\u00f6: S\u00e4hk\u00f6inen; J\u00e4nnite (V): 12; TECDOC-moottorinumero: 22589; CHEVROLET: ORLANDO J309,CRUZE J300,CRUZE Station Wagon J308,AVEO Schr\u00e4gheck T300,CRUZE Schr\u00e4gheck J305,TRAX; OPEL: CORSA D,ZAFIRA B A05,ASTRA H Caravan L35,MERIVA,ASTRA H L48,ASTRA J Sports Tourer,INSIGNIA Caravan,ASTRA J,ASTRA H GTC L08,MERIVA B,ZAFIRA TOURER C P12,MOKKA,ADAM,ASTRA H TwinTop L67,INSIGNIA,INSIGNIA Stufenheck,ZAFIRA B Van,ASTRA GTC J,ASTRA J Stufenheck,CORSA D Van,CASCADA W13,CORSA E; VAUXHALL: CORSA Mk III D L_8,INSIGNIA Mk I A,ASTRA Mk V H CC,ADAM,INSIGNIA Mk I A Estate,ASTRA Mk V H Estate,ZAFIRA Mk III P12,ASTRA Mk VI J CC,ASTRA Mk VI J,INSIGNIA Mk I A Sedan,MERIVA Mk I A,MERIVA Mk II B,ASTRA Mk VI J Sedan,ASTRA Mk VI J Estate,MOKKA,CORSA Mk IV E; 55574902, 55574902, 55574902, 55559239, 55574902, 5860057, 850351, 55559239, 55574902, 5860057, 850351<\/p>\n","protected":false},"excerpt":{"rendered":"<p>PIERBURG S\u00e4\u00e4t\u00f6venttiili, Ahtopaine 7.03833.02.0  CHEVROLET,OPEL,VAUXHALL,ORLANDO J309,CRUZE J300,CRUZE Station Wagon J308,AVEO Schr\u00e4gheck T300<\/p>\n","protected":false},"featured_media":0,"template":"","meta":{"site-sidebar-layout":"default","site-content-layout":"default","ast-global-header-display":"","ast-main-header-display":"","ast-hfb-above-header-display":"","ast-hfb-below-header-display":"","ast-hfb-mobile-header-display":"","site-post-title":"","ast-breadcrumbs-content":"","ast-featured-img":"","footer-sml-layout":"","theme-transparent-header-meta":"","adv-header-id-meta":"","stick-header-meta":"","header-above-stick-meta":"","header-main-stick-meta":"","header-below-stick-meta":""},"pwb-brand":[380],"product_cat":[205],"product_tag":[],"class_list":{"0":"post-94179","1":"product","2":"type-product","3":"status-publish","5":"pwb-brand-pierburg","6":"product_cat-painemuunnin","7":"desktop-align-left","8":"tablet-align-left","9":"mobile-align-left","11":"first","12":"instock","13":"product-type-external"},"brands":[{"id":380,"name":"PIERBURG","slug":"pierburg"}],"_links":{"self":[{"href":"https:\/\/www.autonvaraosahaku.fi\/index.php?rest_route=\/wp\/v2\/product\/94179","targetHints":{"allow":["GET"]}}],"collection":[{"href":"https:\/\/www.autonvaraosahaku.fi\/index.php?rest_route=\/wp\/v2\/product"}],"about":[{"href":"https:\/\/www.autonvaraosahaku.fi\/index.php?rest_route=\/wp\/v2\/types\/product"}],"wp:attachment":[{"href":"https:\/\/www.autonvaraosahaku.fi\/index.php?rest_route=%2Fwp%2Fv2%2Fmedia&parent=94179"}],"wp:term":[{"taxonomy":"pwb-brand","embeddable":true,"href":"https:\/\/www.autonvaraosahaku.fi\/index.php?rest_route=%2Fwp%2Fv2%2Fpwb-brand&post=94179"},{"taxonomy":"product_cat","embeddable":true,"href":"https:\/\/www.autonvaraosahaku.fi\/index.php?rest_route=%2Fwp%2Fv2%2Fproduct_cat&post=94179"},{"taxonomy":"product_tag","embeddable":true,"href":"https:\/\/www.autonvaraosahaku.fi\/index.php?rest_route=%2Fwp%2Fv2%2Fproduct_tag&post=94179"}],"curies":[{"name":"wp","href":"https:\/\/api.w.org\/{rel}","templated":true}]}}