{"id":94200,"date":"2021-02-21T21:50:35","date_gmt":"2021-02-21T21:50:35","guid":{"rendered":"https:\/\/www.autonvaraosahaku.fi\/?product=febi-bilstein-19574-pyoranlaakerit"},"modified":"2021-02-21T21:50:39","modified_gmt":"2021-02-21T21:50:39","slug":"febi-bilstein-19574-pyoranlaakerit","status":"publish","type":"product","link":"https:\/\/www.autonvaraosahaku.fi\/?product=febi-bilstein-19574-pyoranlaakerit","title":{"rendered":"FEBI BILSTEIN 19574 Py\u00f6r\u00e4nlaakerit"},"content":{"rendered":"<p>Leveys (mm): 36,0; Sis\u00e4l\u00e4pimitta [mm]: 42,0; Ulkol\u00e4pimitta [mm]: 82,0; Laakerityyppi: S\u00e4teitt\u00e4iskuulalaakeri; Asennuspuoli: etuakseli molemminpuoleinen; Paino [kg]: 0,91, 0,85; Moottorinumero: DV6DTEDM; CITRO\u00cbN: BERLINGO MF,C3 I FC_,BERLINGO B9,C4 Picasso I UD_,C4 Grand Picasso I UA_,C4 I LC_,DS3,BERLINGO Kasten M_,C5 II Break RE_,C3 Picasso,C5 I DC_,C5 I Break DE_,C3 II,C4 Coupe LA_,C3 Pluriel HB_,C4 II B7,C5 II RC_,BERLINGO Kasten B9,DS4,C4 Stufenheck L,DS3 Cabriolet,BERLINGO Pritsche\/Fahrgestell B9,C4 Stufenheck N; PEUGEOT: 207 WA_, WC_,307 SW 3H,207 CC WD_,307 CC 3B,307 3A\/C,207 SW WK_,308 SW,308 4A_, 4C_,5008,307 Break 3E,3008,PARTNER Tepee,308 CC,PARTNER Combispace 5F,307 Stufenheck,PARTNER Kasten,207 Stufenheck,207 Van,PARTNER Pritsche\/Fahrgestell; DS: DS 3,DS 3 Cabriolet; 1606623580, 1610918280, 335069, 335074, 335084, E268416, 1606623580, 335084, 1606623580, 1610918280, 335069, 335074, 335084, E268416; Py\u00f6r\u00e4nlaakerisarja<\/p>\n","protected":false},"excerpt":{"rendered":"<p>FEBI BILSTEIN Py\u00f6r\u00e4nlaakerit 19574 Py\u00f6r\u00e4nlaakerisarja CITRO\u00cbN,PEUGEOT,DS,BERLINGO MF,C3 I FC_,BERLINGO B9,C4 Picasso I UD_,C4 Grand Picasso I UA_<\/p>\n","protected":false},"featured_media":0,"template":"","meta":{"site-sidebar-layout":"default","site-content-layout":"default","ast-global-header-display":"","ast-main-header-display":"","ast-hfb-above-header-display":"","ast-hfb-below-header-display":"","ast-hfb-mobile-header-display":"","site-post-title":"","ast-breadcrumbs-content":"","ast-featured-img":"","footer-sml-layout":"","theme-transparent-header-meta":"","adv-header-id-meta":"","stick-header-meta":"","header-above-stick-meta":"","header-main-stick-meta":"","header-below-stick-meta":""},"pwb-brand":[50],"product_cat":[83],"product_tag":[],"class_list":{"0":"post-94200","1":"product","2":"type-product","3":"status-publish","5":"pwb-brand-febi-bilstein","6":"product_cat-pyoranlaakerit","7":"desktop-align-left","8":"tablet-align-left","9":"mobile-align-left","11":"first","12":"instock","13":"product-type-external"},"brands":[{"id":50,"name":"FEBI BILSTEIN","slug":"febi-bilstein"}],"_links":{"self":[{"href":"https:\/\/www.autonvaraosahaku.fi\/index.php?rest_route=\/wp\/v2\/product\/94200","targetHints":{"allow":["GET"]}}],"collection":[{"href":"https:\/\/www.autonvaraosahaku.fi\/index.php?rest_route=\/wp\/v2\/product"}],"about":[{"href":"https:\/\/www.autonvaraosahaku.fi\/index.php?rest_route=\/wp\/v2\/types\/product"}],"wp:attachment":[{"href":"https:\/\/www.autonvaraosahaku.fi\/index.php?rest_route=%2Fwp%2Fv2%2Fmedia&parent=94200"}],"wp:term":[{"taxonomy":"pwb-brand","embeddable":true,"href":"https:\/\/www.autonvaraosahaku.fi\/index.php?rest_route=%2Fwp%2Fv2%2Fpwb-brand&post=94200"},{"taxonomy":"product_cat","embeddable":true,"href":"https:\/\/www.autonvaraosahaku.fi\/index.php?rest_route=%2Fwp%2Fv2%2Fproduct_cat&post=94200"},{"taxonomy":"product_tag","embeddable":true,"href":"https:\/\/www.autonvaraosahaku.fi\/index.php?rest_route=%2Fwp%2Fv2%2Fproduct_tag&post=94200"}],"curies":[{"name":"wp","href":"https:\/\/api.w.org\/{rel}","templated":true}]}}