{"id":94201,"date":"2021-02-21T21:50:35","date_gmt":"2021-02-21T21:50:35","guid":{"rendered":"https:\/\/www.autonvaraosahaku.fi\/?product=nrf-38953-painekytkin-ilmastointilaite"},"modified":"2021-02-21T21:50:39","modified_gmt":"2021-02-21T21:50:39","slug":"nrf-38953-painekytkin-ilmastointilaite","status":"publish","type":"product","link":"https:\/\/www.autonvaraosahaku.fi\/?product=nrf-38953-painekytkin-ilmastointilaite","title":{"rendered":"NRF 38953 Painekytkin ilmastointilaite"},"content":{"rendered":"<p>V\u00e4ri: Musta; Napojen m\u00e4\u00e4r\u00e4: 3; Kierremitta: 3\/8-24UNF male; Kylm\u00e4aine: R 134a; Laatu \/ luokka: Easy Fit; lis\u00e4tieto: EASY FIT; OE-numerolle: A0045429018; VW: CRAFTER 30-50 Kasten 2E_,CRAFTER 30-35 Bus 2E_,CRAFTER 30-50 Pritsche\/Fahrgestell 2F_; MERCEDES-BENZ: C-CLASS W203,E-CLASS W211,C-CLASS W204,A-CLASS W169,B-CLASS W245,C-CLASS T-Model S204,C-CLASS T-Model S203,E-CLASS T-Model S211,E-CLASS W212,B-CLASS W246, W242,M-CLASS W164,C-CLASS Coupe CL203,E-CLASS T-Model S212,SLK R171,A-CLASS W176,CLK C209,S-CLASS W220,SPRINTER 3,5-t Kasten 906,S-CLASS W221,CLS C219,SL R230,R-CLASS W251, V251,M-CLASS W166,G-CLASS W463,E-CLASS Coupe C207,CLK Cabriolet A209,CLA Coupe C117,C-CLASS Coupe C204,SPRINTER 3,5-t Bus 906,SPRINTER 3-t Kasten 906,SLK R172,E-CLASS Cabriolet A207,CLC-CLASS CL203,GL-CLASS X164,G-CLASS W461,CLS C218,SPRINTER 3,5-t Pritsche\/Fahrgestell 906,S-CLASS Coupe C216,SPRINTER 3-t Bus 906,CLS Shooting Brake X218,S-CLASS W222, V222, X222,SPRINTER CLASSIC 3,5-t Kasten 909,SPRINTER 5-t Kasten 906,SPRINTER 5-t Pritsche\/Fahrgestell 906,GL-CLASS X166,SL R231,G-CLASS Cabrio W463,SPRINTER 3-t Pritsche\/Fahrgestell 906,SLS AMG C197,SPRINTER 4,6-t Pritsche\/Fahrgestell 906,C-CLASS T-Model S205,SPRINTER 4,6-t Kasten 906,C-CLA,ACTROS MP4 \/ MP5,ANTOS,AROCS; SMART: FORTWO Coupe 451,FORTWO Cabrio 451; 0045429018, 2110000283, 2205420118, A0045429018, A2110000283, A2205420118, 0045429018, 2110000283, 2205420118, A0045429018, A2110000283, A2205420118, 2E0907271D<\/p>\n","protected":false},"excerpt":{"rendered":"<p>NRF Painekytkin Ilmastointilaite 38953  VW,MERCEDES-BENZ,SMART,CRAFTER 30-50 Kasten 2E_,CRAFTER 30-35 Bus 2E_,CRAFTER 30-50 Pritsche\/Fahrgestell 2F_<\/p>\n","protected":false},"featured_media":0,"template":"","meta":{"site-sidebar-layout":"default","site-content-layout":"default","ast-global-header-display":"","ast-main-header-display":"","ast-hfb-above-header-display":"","ast-hfb-below-header-display":"","ast-hfb-mobile-header-display":"","site-post-title":"","ast-breadcrumbs-content":"","ast-featured-img":"","footer-sml-layout":"","theme-transparent-header-meta":"","adv-header-id-meta":"","stick-header-meta":"","header-above-stick-meta":"","header-main-stick-meta":"","header-below-stick-meta":""},"pwb-brand":[85],"product_cat":[472],"product_tag":[],"class_list":{"0":"post-94201","1":"product","2":"type-product","3":"status-publish","5":"pwb-brand-nrf","6":"product_cat-painekytkin-ilmastointilaite","7":"desktop-align-left","8":"tablet-align-left","9":"mobile-align-left","11":"first","12":"instock","13":"product-type-external"},"brands":[{"id":85,"name":"NRF","slug":"nrf"}],"_links":{"self":[{"href":"https:\/\/www.autonvaraosahaku.fi\/index.php?rest_route=\/wp\/v2\/product\/94201","targetHints":{"allow":["GET"]}}],"collection":[{"href":"https:\/\/www.autonvaraosahaku.fi\/index.php?rest_route=\/wp\/v2\/product"}],"about":[{"href":"https:\/\/www.autonvaraosahaku.fi\/index.php?rest_route=\/wp\/v2\/types\/product"}],"wp:attachment":[{"href":"https:\/\/www.autonvaraosahaku.fi\/index.php?rest_route=%2Fwp%2Fv2%2Fmedia&parent=94201"}],"wp:term":[{"taxonomy":"pwb-brand","embeddable":true,"href":"https:\/\/www.autonvaraosahaku.fi\/index.php?rest_route=%2Fwp%2Fv2%2Fpwb-brand&post=94201"},{"taxonomy":"product_cat","embeddable":true,"href":"https:\/\/www.autonvaraosahaku.fi\/index.php?rest_route=%2Fwp%2Fv2%2Fproduct_cat&post=94201"},{"taxonomy":"product_tag","embeddable":true,"href":"https:\/\/www.autonvaraosahaku.fi\/index.php?rest_route=%2Fwp%2Fv2%2Fproduct_tag&post=94201"}],"curies":[{"name":"wp","href":"https:\/\/api.w.org\/{rel}","templated":true}]}}