{"id":94207,"date":"2021-02-21T21:50:35","date_gmt":"2021-02-21T21:50:35","guid":{"rendered":"https:\/\/www.autonvaraosahaku.fi\/?product=skf-vkma-03316-jakohihna"},"modified":"2021-02-21T21:50:42","modified_gmt":"2021-02-21T21:50:42","slug":"skf-vkma-03316-jakohihna","status":"publish","type":"product","link":"https:\/\/www.autonvaraosahaku.fi\/?product=skf-vkma-03316-jakohihna","title":{"rendered":"SKF VKMA 03316 Jakohihna"},"content":{"rendered":"<p>Hammasluku: 141; Hihna: Py\u00f6ristetyll\u00e4 hammasprofiililla; Suositellun erikoisty\u00f6kalun tuotenumero: VKN 1005; Hihnaleveys [mm]: 25,4; Moottorimalli: Duratorq; MAZDA: 2 DE,3 BL,5 CW,3 Stufenheck BL; TOYOTA: PROACE Kasten\/Kombi; VOLVO: V50 MW,V70 III BW,C30,V60,S40 II MS,V40 Schr\u00e4gheck,S80 II AS,S60 II; FORD: FIESTA VI,MONDEO IV Turnier BA7,S-MAX WA6,FOCUS III Turnier,GALAXY WA6,FOCUS III,C-MAX II,MONDEO IV BA7,GRAND C-MAX,B-MAX JK,ECOSPORT,FOCUS III Stufenheck,MONDEO IV Stufenheck BA7,TOURNEO CONNECT \/ GRAND TOURNEO CONNECT Kombi,FIESTA VI Van,TRANSIT CONNECT Kasten,MONDEO V Turnier,GRAND C-MAX Van,MONDEO V Schr\u00e4gheck,C-MAX II Van,TOURNEO COURIER Kombi,B-MAX Van,TRANSIT CONNECT Kombi,TRANSIT COURIER Kasten,FOCUS III Kasten\/Schr\u00e4gheck,TRANSIT COURIER Kombi; FIAT: SCUDO 270_,SCUDO Kasten 270_,SCUDO Pritsche\/Fahrgestell 270_; CITRO\u00cbN: BERLINGO B9,C5 III Break TD_,C4 Picasso I UD_,C4 Grand Picasso I UA_,DS3,BERLINGO Kasten M_,C3 Picasso,C5 III RD_,C3 II,C4 Coupe LA_,C4 II B7,JUMPY,BERLINGO Kasten B9,JUMPY Kasten,C4 Grand Picasso II,C4 Picasso II,DS4,DS5,C4 AIRCROSS,DS3 Cabriolet,BERLINGO Pritsche\/Fahrgestell B9,C-ELYSEE,C4 CACTUS,SPACETOURER,C3 AIRCROSS II,C4 Stufenheck N,JUMPY Pritsche\/Fahrgestell; PEUGEOT: 207 WA_, WC_,207 CC WD_,207 SW WK_,308 SW,208,308 4A_, 4C_,5008,508 SW,3008,PARTNER Tepee,308 CC,2008,PARTNER Kasten 5,508,EXPERT Tepee VF3V_,EXPERT Kasten VF3A_, VF3U_, VF3X_,PARTNER Kasten,308 II,4008,301,308 SW II,207 Van,EXPERT Pritsche\/Fahrgestell,PARTNER Pritsche\/Fahrgestell,208 Kasten; MITSUBISHI: ASX GA_W_; DS: DS5; 1606948980, 1608747480, 9467618089, 9467643789, 9467644089, 9467644189, 0516A3, 0516L5, 0816K1, 0816L0, 0829F8, 083075, 0831Q1, 0831W2, 1606948980, 1608745980, 1608747480, 1606948980, 1608747480, 9467618089, 9467643789, 9467644089, 9467644189, 1147682, 1487861, 1685739, 1685777, 1698704, 1700248, 1725441, 1738632, 1739145, 1754320, 1759714, 1782087, 1787857, AV6Q6B217AA, AV6Q6K288CA, AV6Q6M250AB, AV6Q8A615AA, AV6Q8A615AB, CV2Q6B217AA, CV2Q6B217AB, CV2Q8A615AA, CV6Q6B217AA, 1606948980, 1608747480, 9467618089, 9467643789, 9467644089, 9467644189, Y65012730, Y65012730A, Y65012770, Y65112205, Y65512205, 11237801980, MN982503, MN982542, MN982552, 3646454, 93476493, 93476494, 0516A3, 0516L5, 0816K1, 0816L0, 0829F8, 083075, 0831Q1, 0831W2, 1606948980, 1608745980, 1608747480, SU00100526, SU001A0150, SU001A0455, SU001A0536, SU001A0537, 3646454, 93476493, 31330198, 31330200, 31339887, 31339888, 31370046, 31370047; Hammashihnasarja<\/p>\n","protected":false},"excerpt":{"rendered":"<p>SKF Jakohihnasarja VKMA 03316 Hammashihnasarja MAZDA,TOYOTA,VOLVO,2 DE,3 BL,5 CW,3 Stufenheck BL,PROACE Kasten\/Kombi,V50 MW,V70 III BW,C30,V60<\/p>\n","protected":false},"featured_media":0,"template":"","meta":{"site-sidebar-layout":"default","site-content-layout":"default","ast-global-header-display":"","ast-main-header-display":"","ast-hfb-above-header-display":"","ast-hfb-below-header-display":"","ast-hfb-mobile-header-display":"","site-post-title":"","ast-breadcrumbs-content":"","ast-featured-img":"","footer-sml-layout":"","theme-transparent-header-meta":"","adv-header-id-meta":"","stick-header-meta":"","header-above-stick-meta":"","header-main-stick-meta":"","header-below-stick-meta":""},"pwb-brand":[237],"product_cat":[266],"product_tag":[],"class_list":{"0":"post-94207","1":"product","2":"type-product","3":"status-publish","5":"pwb-brand-skf","6":"product_cat-jakohihna","7":"desktop-align-left","8":"tablet-align-left","9":"mobile-align-left","11":"first","12":"instock","13":"product-type-external"},"brands":[{"id":237,"name":"SKF","slug":"skf"}],"_links":{"self":[{"href":"https:\/\/www.autonvaraosahaku.fi\/index.php?rest_route=\/wp\/v2\/product\/94207","targetHints":{"allow":["GET"]}}],"collection":[{"href":"https:\/\/www.autonvaraosahaku.fi\/index.php?rest_route=\/wp\/v2\/product"}],"about":[{"href":"https:\/\/www.autonvaraosahaku.fi\/index.php?rest_route=\/wp\/v2\/types\/product"}],"wp:attachment":[{"href":"https:\/\/www.autonvaraosahaku.fi\/index.php?rest_route=%2Fwp%2Fv2%2Fmedia&parent=94207"}],"wp:term":[{"taxonomy":"pwb-brand","embeddable":true,"href":"https:\/\/www.autonvaraosahaku.fi\/index.php?rest_route=%2Fwp%2Fv2%2Fpwb-brand&post=94207"},{"taxonomy":"product_cat","embeddable":true,"href":"https:\/\/www.autonvaraosahaku.fi\/index.php?rest_route=%2Fwp%2Fv2%2Fproduct_cat&post=94207"},{"taxonomy":"product_tag","embeddable":true,"href":"https:\/\/www.autonvaraosahaku.fi\/index.php?rest_route=%2Fwp%2Fv2%2Fproduct_tag&post=94207"}],"curies":[{"name":"wp","href":"https:\/\/api.w.org\/{rel}","templated":true}]}}