{"id":94215,"date":"2021-02-21T21:50:43","date_gmt":"2021-02-21T21:50:43","guid":{"rendered":"https:\/\/www.autonvaraosahaku.fi\/?product=nipparts-j1312014-oljynsuodatin"},"modified":"2021-02-21T21:50:45","modified_gmt":"2021-02-21T21:50:45","slug":"nipparts-j1312014-oljynsuodatin","status":"publish","type":"product","link":"https:\/\/www.autonvaraosahaku.fi\/?product=nipparts-j1312014-oljynsuodatin","title":{"rendered":"NIPPARTS J1312014 \u00d6ljynsuodatin"},"content":{"rendered":"<p>Suodatintyyppi: Ruuvattava suodatin; Korkeus (mm): 87; Ulkol\u00e4pimitta [mm]: 65; L\u00e4pimitta 2 [mm]: 61,5; Kierre 1: 3\/4 16UNF; Valmistusvuosi alkaen: 02\/1990; VW: TARO; DAIHATSU: FOURTRAK F7, F8,CHARMANT A; TOYOTA: AVENSIS Kombi T25,RAV 4 III ACA3_, ACE_, ALA3_, GSA3_, ZSA3_,RAV 4 II CLA2_, XA2_, ZCA2_, ACA2_,AVENSIS Station Wagon ZRT27, ADT27,AVENSIS T25_,AVENSIS Stufenheck T25,AVENSIS _T22_,AVENSIS Station Wagon _T22_,CELICA ZZT23_,AVENSIS Stufenheck ZRT27, ADT27,PREVIA MCR3_, ACR3_, CLR3_,HILUX III Pick-up TGN1_, GGN2_, GGN1_, KUN2_, KUN1_,AVENSIS Liftback _T22_,AVENSIS VERSO _CLM2_, _ACM2_,MR 2 II SW2_,CELICA Coupe AT18_, ST18_,CAMRY MCV3_, ACV3_, _XV3_,COROLLA Liftback _E9_,COROLLA Compact _E9_,CELICA Liftback ST16_, AT16_,CAMRY Stufenheck _XV4_,1000 KP30_,HIACE I Kasten RH1_, LH3_, RH3_, RH2_, LH2_, LH1_,CAMRY SOLARA Coupe MCV3_, ACV3_,COROLLA LEVIN Coupe AE10_,1000 Kasten KP36V_,LITEACE Bus _R2_LG,ALPHARD \/ VELLFIRE GGH2_, ANH2_, ATH2_,LITEACE Kasten _R2__V; FIAT: SEDICI; 9091503004, 9091510002, 9091510004, 90915TA002, 90915YZZJ2<\/p>\n","protected":false},"excerpt":{"rendered":"<p>NIPPARTS \u00d6ljynsuodatin J1312014  VW,DAIHATSU,TOYOTA,TARO,FOURTRAK F7, F8,CHARMANT A,AVENSIS Kombi T25,RAV 4 III ACA3_, ACE_, ALA3_, GSA3_, ZSA3_<\/p>\n","protected":false},"featured_media":0,"template":"","meta":{"site-sidebar-layout":"default","site-content-layout":"default","ast-global-header-display":"","ast-main-header-display":"","ast-hfb-above-header-display":"","ast-hfb-below-header-display":"","ast-hfb-mobile-header-display":"","site-post-title":"","ast-breadcrumbs-content":"","ast-featured-img":"","footer-sml-layout":"","theme-transparent-header-meta":"","adv-header-id-meta":"","stick-header-meta":"","header-above-stick-meta":"","header-main-stick-meta":"","header-below-stick-meta":""},"pwb-brand":[335],"product_cat":[30],"product_tag":[],"class_list":{"0":"post-94215","1":"product","2":"type-product","3":"status-publish","5":"pwb-brand-nipparts","6":"product_cat-oljynsuodatin","7":"desktop-align-left","8":"tablet-align-left","9":"mobile-align-left","11":"first","12":"instock","13":"product-type-external"},"brands":[{"id":335,"name":"NIPPARTS","slug":"nipparts"}],"_links":{"self":[{"href":"https:\/\/www.autonvaraosahaku.fi\/index.php?rest_route=\/wp\/v2\/product\/94215","targetHints":{"allow":["GET"]}}],"collection":[{"href":"https:\/\/www.autonvaraosahaku.fi\/index.php?rest_route=\/wp\/v2\/product"}],"about":[{"href":"https:\/\/www.autonvaraosahaku.fi\/index.php?rest_route=\/wp\/v2\/types\/product"}],"wp:attachment":[{"href":"https:\/\/www.autonvaraosahaku.fi\/index.php?rest_route=%2Fwp%2Fv2%2Fmedia&parent=94215"}],"wp:term":[{"taxonomy":"pwb-brand","embeddable":true,"href":"https:\/\/www.autonvaraosahaku.fi\/index.php?rest_route=%2Fwp%2Fv2%2Fpwb-brand&post=94215"},{"taxonomy":"product_cat","embeddable":true,"href":"https:\/\/www.autonvaraosahaku.fi\/index.php?rest_route=%2Fwp%2Fv2%2Fproduct_cat&post=94215"},{"taxonomy":"product_tag","embeddable":true,"href":"https:\/\/www.autonvaraosahaku.fi\/index.php?rest_route=%2Fwp%2Fv2%2Fproduct_tag&post=94215"}],"curies":[{"name":"wp","href":"https:\/\/api.w.org\/{rel}","templated":true}]}}