{"id":94216,"date":"2021-02-21T21:50:43","date_gmt":"2021-02-21T21:50:43","guid":{"rendered":"https:\/\/www.autonvaraosahaku.fi\/?product=ate-13-0460-7282-2-jarrupalat"},"modified":"2021-02-21T21:50:46","modified_gmt":"2021-02-21T21:50:46","slug":"ate-13-0460-7282-2-jarrupalat","status":"publish","type":"product","link":"https:\/\/www.autonvaraosahaku.fi\/?product=ate-13-0460-7282-2-jarrupalat","title":{"rendered":"ATE 13.0460-7282.2 Jarrupalat"},"content":{"rendered":"<p>Leveys (mm): 193,1; Korkeus (mm): 64,1; Paksuus [mm]: 21,3; Kulumisenilmaisimen liitos: ilman kulumisvaroitinkosketinta, akustisella kulumavaroittimella; Jarruj\u00e4rjestelm\u00e4: ATE; Tarkistuskilpi: E1 90R-011462\/1480; MAPP-koodi saatavilla: ; M\u00e4\u00e4r\u00e4yksikk\u00f6: Akselisarja; Ajoneuvoille varustelutunnuksella: BR1\/BR6; JEEP: GRAND CHEROKEE IV WK, WK2; MERCEDES-BENZ: M-CLASS W166,GL-CLASS X166,GLE W166,GLE Coupe C292,GLS X166; 068052369AA, 068052370AA, 68052369AA, 68052370AA, 0064203820, 0064203920, 0074208020, A0064203820, A0064203920, A0074208020; Jarrupalasarja,Jarrupala, Levyjarru<\/p>\n","protected":false},"excerpt":{"rendered":"<p>ATE Jarrupalat 13.0460-7282.2 Jarrupalasarja,Jarrupala, Levyjarru JEEP,MERCEDES-BENZ,GRAND CHEROKEE IV WK, WK2,M-CLASS W166,GL-CLASS X166,GLE W166<\/p>\n","protected":false},"featured_media":0,"template":"","meta":{"site-sidebar-layout":"default","site-content-layout":"default","ast-global-header-display":"","ast-main-header-display":"","ast-hfb-above-header-display":"","ast-hfb-below-header-display":"","ast-hfb-mobile-header-display":"","site-post-title":"","ast-breadcrumbs-content":"","ast-featured-img":"","footer-sml-layout":"","theme-transparent-header-meta":"","adv-header-id-meta":"","stick-header-meta":"","header-above-stick-meta":"","header-main-stick-meta":"","header-below-stick-meta":""},"pwb-brand":[108],"product_cat":[100],"product_tag":[],"class_list":{"0":"post-94216","1":"product","2":"type-product","3":"status-publish","5":"pwb-brand-ate","6":"product_cat-jarrupalat","7":"desktop-align-left","8":"tablet-align-left","9":"mobile-align-left","11":"first","12":"instock","13":"product-type-external"},"brands":[{"id":108,"name":"ATE","slug":"ate"}],"_links":{"self":[{"href":"https:\/\/www.autonvaraosahaku.fi\/index.php?rest_route=\/wp\/v2\/product\/94216","targetHints":{"allow":["GET"]}}],"collection":[{"href":"https:\/\/www.autonvaraosahaku.fi\/index.php?rest_route=\/wp\/v2\/product"}],"about":[{"href":"https:\/\/www.autonvaraosahaku.fi\/index.php?rest_route=\/wp\/v2\/types\/product"}],"wp:attachment":[{"href":"https:\/\/www.autonvaraosahaku.fi\/index.php?rest_route=%2Fwp%2Fv2%2Fmedia&parent=94216"}],"wp:term":[{"taxonomy":"pwb-brand","embeddable":true,"href":"https:\/\/www.autonvaraosahaku.fi\/index.php?rest_route=%2Fwp%2Fv2%2Fpwb-brand&post=94216"},{"taxonomy":"product_cat","embeddable":true,"href":"https:\/\/www.autonvaraosahaku.fi\/index.php?rest_route=%2Fwp%2Fv2%2Fproduct_cat&post=94216"},{"taxonomy":"product_tag","embeddable":true,"href":"https:\/\/www.autonvaraosahaku.fi\/index.php?rest_route=%2Fwp%2Fv2%2Fproduct_tag&post=94216"}],"curies":[{"name":"wp","href":"https:\/\/api.w.org\/{rel}","templated":true}]}}