{"id":94232,"date":"2021-02-21T21:50:51","date_gmt":"2021-02-21T21:50:51","guid":{"rendered":"https:\/\/www.autonvaraosahaku.fi\/?product=lemforder-36208-01-alatukivarsi"},"modified":"2021-02-21T21:50:53","modified_gmt":"2021-02-21T21:50:53","slug":"lemforder-36208-01-alatukivarsi","status":"publish","type":"product","link":"https:\/\/www.autonvaraosahaku.fi\/?product=lemforder-36208-01-alatukivarsi","title":{"rendered":"LEMF\u00d6RDER 36208 01 Alatukivarsi"},"content":{"rendered":"<p>Asennuspuoli: Etuakseli, Alla, Edess\u00e4, Vasen; Ohjausmalli: Poikittaistukivarsi; Materiaali: Alumiini; Suositellun tarvikkeen tuotenumero: 38229 01; parilliset tuotenumerot: 36209 01; Ei rakennemallille: F03; BMW: 7 F01, F02, F03, F04,5 Gran Turismo F07; ROLLS-ROYCE: GHOST RR4,WRAITH RR5; 31124083311, 4083311, 31124083311, 31126775959, 4083311, 6775959, 31124083311, 31126775959, 4083311, 6775959; Tukivarsi,Tukivarsi, Py\u00f6r\u00e4ntuenta<\/p>\n","protected":false},"excerpt":{"rendered":"<p>LEMF\u00d6RDER Alatukivarsi 36208 01 Tukivarsi,Tukivarsi, Py\u00f6r\u00e4ntuenta BMW,ROLLS-ROYCE,7 F01, F02, F03, F04,5 Gran Turismo F07,GHOST RR4,WRAITH RR5<\/p>\n","protected":false},"featured_media":0,"template":"","meta":{"site-sidebar-layout":"default","site-content-layout":"default","ast-global-header-display":"","ast-main-header-display":"","ast-hfb-above-header-display":"","ast-hfb-below-header-display":"","ast-hfb-mobile-header-display":"","site-post-title":"","ast-breadcrumbs-content":"","ast-featured-img":"","footer-sml-layout":"","theme-transparent-header-meta":"","adv-header-id-meta":"","stick-header-meta":"","header-above-stick-meta":"","header-main-stick-meta":"","header-below-stick-meta":""},"pwb-brand":[77],"product_cat":[62],"product_tag":[],"class_list":{"0":"post-94232","1":"product","2":"type-product","3":"status-publish","5":"pwb-brand-lemforder","6":"product_cat-alatukivarsi","7":"desktop-align-left","8":"tablet-align-left","9":"mobile-align-left","11":"first","12":"instock","13":"product-type-external"},"brands":[{"id":77,"name":"LEMF\u00d6RDER","slug":"lemforder"}],"_links":{"self":[{"href":"https:\/\/www.autonvaraosahaku.fi\/index.php?rest_route=\/wp\/v2\/product\/94232","targetHints":{"allow":["GET"]}}],"collection":[{"href":"https:\/\/www.autonvaraosahaku.fi\/index.php?rest_route=\/wp\/v2\/product"}],"about":[{"href":"https:\/\/www.autonvaraosahaku.fi\/index.php?rest_route=\/wp\/v2\/types\/product"}],"wp:attachment":[{"href":"https:\/\/www.autonvaraosahaku.fi\/index.php?rest_route=%2Fwp%2Fv2%2Fmedia&parent=94232"}],"wp:term":[{"taxonomy":"pwb-brand","embeddable":true,"href":"https:\/\/www.autonvaraosahaku.fi\/index.php?rest_route=%2Fwp%2Fv2%2Fpwb-brand&post=94232"},{"taxonomy":"product_cat","embeddable":true,"href":"https:\/\/www.autonvaraosahaku.fi\/index.php?rest_route=%2Fwp%2Fv2%2Fproduct_cat&post=94232"},{"taxonomy":"product_tag","embeddable":true,"href":"https:\/\/www.autonvaraosahaku.fi\/index.php?rest_route=%2Fwp%2Fv2%2Fproduct_tag&post=94232"}],"curies":[{"name":"wp","href":"https:\/\/api.w.org\/{rel}","templated":true}]}}