{"id":94266,"date":"2021-02-21T21:51:00","date_gmt":"2021-02-21T21:51:00","guid":{"rendered":"https:\/\/www.autonvaraosahaku.fi\/?product=herthbuss-elparts-70608201-jarrupalojen-kulumisen-ilmaisin"},"modified":"2021-02-21T21:51:06","modified_gmt":"2021-02-21T21:51:06","slug":"herthbuss-elparts-70608201-jarrupalojen-kulumisen-ilmaisin","status":"publish","type":"product","link":"https:\/\/www.autonvaraosahaku.fi\/?product=herthbuss-elparts-70608201-jarrupalojen-kulumisen-ilmaisin","title":{"rendered":"HERTH+BUSS ELPARTS 70608201 Jarrupalojen kulumisen ilmaisin"},"content":{"rendered":"<p>Asennuspuoli: Etuakseli, Taka-akseli; Jarrutyyppi: Levyjarru; Varoittimen pituus [mm]: 95; Jarruj\u00e4rjestelm\u00e4: ATE, BREMBO; M\u00e4\u00e4r\u00e4yksikk\u00f6: Kappale; Alustanumerosta: F 102745; MERCEDES-BENZ: A-CLASS W168,C-CLASS W202,190 W201,SLK R170,E-CLASS W210,Stufenheck W124,E-CLASS Kombi S210,CLK C208,SL R129,SL R107,C-CLASS Kombi S202,Stufenheck W123,S-CLASS W126,KOMBI Kombi S124,E-CLASS W124,CLK Cabriolet A208,S-CLASS W140,COUPE C123,S-CLASS W116,S-CLASS Coupe C126,KOMBI Kombi S123,SL Coupe C107,CABRIOLET A124; 05099878AA, 5099878AA, K05099878AA, 05099878AA, 5099878AA, 0005400217, 1235400017, 1265402017, 1405401217, 5400217, 6015401317, A0005400217, A1235400017, A1265402017, A1405401217, A6015401317, A1265402017, A1405401217, A6015401317; Kulumisenilmaisin, Jarrupala<\/p>\n","protected":false},"excerpt":{"rendered":"<p>HERTH+BUSS ELPARTS Jarrupalojen Kulumisen Ilmaisin 70608201 Kulumisenilmaisin, Jarrupala MERCEDES-BENZ,A-CLASS W168,C-CLASS W202,190 W201,SLK R170<\/p>\n","protected":false},"featured_media":0,"template":"","meta":{"site-sidebar-layout":"default","site-content-layout":"default","ast-global-header-display":"","ast-main-header-display":"","ast-hfb-above-header-display":"","ast-hfb-below-header-display":"","ast-hfb-mobile-header-display":"","site-post-title":"","ast-breadcrumbs-content":"","ast-featured-img":"","footer-sml-layout":"","theme-transparent-header-meta":"","adv-header-id-meta":"","stick-header-meta":"","header-above-stick-meta":"","header-main-stick-meta":"","header-below-stick-meta":""},"pwb-brand":[232],"product_cat":[111],"product_tag":[],"class_list":{"0":"post-94266","1":"product","2":"type-product","3":"status-publish","5":"pwb-brand-herthbuss-elparts","6":"product_cat-jarrupalojen-kulumisen-ilmaisin","7":"desktop-align-left","8":"tablet-align-left","9":"mobile-align-left","11":"first","12":"instock","13":"product-type-external"},"brands":[{"id":232,"name":"HERTH+BUSS ELPARTS","slug":"herthbuss-elparts"}],"_links":{"self":[{"href":"https:\/\/www.autonvaraosahaku.fi\/index.php?rest_route=\/wp\/v2\/product\/94266","targetHints":{"allow":["GET"]}}],"collection":[{"href":"https:\/\/www.autonvaraosahaku.fi\/index.php?rest_route=\/wp\/v2\/product"}],"about":[{"href":"https:\/\/www.autonvaraosahaku.fi\/index.php?rest_route=\/wp\/v2\/types\/product"}],"wp:attachment":[{"href":"https:\/\/www.autonvaraosahaku.fi\/index.php?rest_route=%2Fwp%2Fv2%2Fmedia&parent=94266"}],"wp:term":[{"taxonomy":"pwb-brand","embeddable":true,"href":"https:\/\/www.autonvaraosahaku.fi\/index.php?rest_route=%2Fwp%2Fv2%2Fpwb-brand&post=94266"},{"taxonomy":"product_cat","embeddable":true,"href":"https:\/\/www.autonvaraosahaku.fi\/index.php?rest_route=%2Fwp%2Fv2%2Fproduct_cat&post=94266"},{"taxonomy":"product_tag","embeddable":true,"href":"https:\/\/www.autonvaraosahaku.fi\/index.php?rest_route=%2Fwp%2Fv2%2Fproduct_tag&post=94266"}],"curies":[{"name":"wp","href":"https:\/\/api.w.org\/{rel}","templated":true}]}}