{"id":94272,"date":"2021-02-21T21:51:08","date_gmt":"2021-02-21T21:51:08","guid":{"rendered":"https:\/\/www.autonvaraosahaku.fi\/?product=monroe-v2514-iskunvaimennin"},"modified":"2021-02-21T21:51:09","modified_gmt":"2021-02-21T21:51:09","slug":"monroe-v2514-iskunvaimennin","status":"publish","type":"product","link":"https:\/\/www.autonvaraosahaku.fi\/?product=monroe-v2514-iskunvaimennin","title":{"rendered":"MONROE V2514 Iskunvaimennin"},"content":{"rendered":"<p>Iskunvaimennin tyyppi: Kaasupaine; Iskunvaimennusj\u00e4rjestelm\u00e4: Kaksiputki; Iskunvaimennin asennustapa: Silmukka ylh\u00e4\u00e4ll\u00e4, Silmukka alhaalla; Paino [kg]: 2,500; Reik\u00e4-\u00d8 [mm]: 35; suurin pituus [mm]: 550; v\u00e4h. pituus [mm]: 344; Pakkauspituus [cm]: 60; Pakkausleveys [cm]: 7,2; Pakkauskorkeus [mm]: 7,2; Tullitariffinumero: 87088035; Tappil\u00e4pimitta [mm]: 15,8; Asennuspuoli: Hinterachse; OPEL: MOVANO Kasten F9,MOVANO Combi J9; RENAULT: MASTER II Kasten FD,MASTER II Bus JD; NISSAN: INTERSTAR Kasten X70,INTERSTAR Bus X70; VAUXHALL: MOVANO Mk I A Van FD,MOVANO Mk I A Combi JD; 5621000Q0K, 5621000Q0M, 5621000Q1A, 5621000QAD, 5621000QAE, 5621000QAG, 8200024935, 8200024936, 4404010, 4404014, 4500241, 4500242, 9112010, 9112014, 9160541, 9160542, 4500241, 4500242, 7700310740, 7700310741, 7700310742, 8200024935, 8200024936, 8200699317, 8200715148, 8200715149, 4500241, 4500242, 7700310740, 7700310741, 8200024935, 8200024936, 8200324495, 9112010, 9112014, 9160541, 9160542; Iskarit,Iskunvaimennin<\/p>\n","protected":false},"excerpt":{"rendered":"<p>MONROE Iskunvaimentimet VAN-MAGNUM V2514 Iskarit,Iskunvaimennin OPEL,RENAULT,NISSAN,MOVANO Kasten F9,MOVANO Combi J9,MASTER II Kasten FD<\/p>\n","protected":false},"featured_media":0,"template":"","meta":{"site-sidebar-layout":"default","site-content-layout":"default","ast-global-header-display":"","ast-main-header-display":"","ast-hfb-above-header-display":"","ast-hfb-below-header-display":"","ast-hfb-mobile-header-display":"","site-post-title":"","ast-breadcrumbs-content":"","ast-featured-img":"","footer-sml-layout":"","theme-transparent-header-meta":"","adv-header-id-meta":"","stick-header-meta":"","header-above-stick-meta":"","header-main-stick-meta":"","header-below-stick-meta":""},"pwb-brand":[79],"product_cat":[80],"product_tag":[],"class_list":{"0":"post-94272","1":"product","2":"type-product","3":"status-publish","5":"pwb-brand-monroe","6":"product_cat-iskunvaimennin","7":"desktop-align-left","8":"tablet-align-left","9":"mobile-align-left","11":"first","12":"instock","13":"product-type-external"},"brands":[{"id":79,"name":"MONROE","slug":"monroe"}],"_links":{"self":[{"href":"https:\/\/www.autonvaraosahaku.fi\/index.php?rest_route=\/wp\/v2\/product\/94272","targetHints":{"allow":["GET"]}}],"collection":[{"href":"https:\/\/www.autonvaraosahaku.fi\/index.php?rest_route=\/wp\/v2\/product"}],"about":[{"href":"https:\/\/www.autonvaraosahaku.fi\/index.php?rest_route=\/wp\/v2\/types\/product"}],"wp:attachment":[{"href":"https:\/\/www.autonvaraosahaku.fi\/index.php?rest_route=%2Fwp%2Fv2%2Fmedia&parent=94272"}],"wp:term":[{"taxonomy":"pwb-brand","embeddable":true,"href":"https:\/\/www.autonvaraosahaku.fi\/index.php?rest_route=%2Fwp%2Fv2%2Fpwb-brand&post=94272"},{"taxonomy":"product_cat","embeddable":true,"href":"https:\/\/www.autonvaraosahaku.fi\/index.php?rest_route=%2Fwp%2Fv2%2Fproduct_cat&post=94272"},{"taxonomy":"product_tag","embeddable":true,"href":"https:\/\/www.autonvaraosahaku.fi\/index.php?rest_route=%2Fwp%2Fv2%2Fproduct_tag&post=94272"}],"curies":[{"name":"wp","href":"https:\/\/api.w.org\/{rel}","templated":true}]}}