{"id":94275,"date":"2021-02-21T21:51:08","date_gmt":"2021-02-21T21:51:08","guid":{"rendered":"https:\/\/www.autonvaraosahaku.fi\/?product=febi-bilstein-39237-hammastangon-suojakumi"},"modified":"2021-02-21T21:51:10","modified_gmt":"2021-02-21T21:51:10","slug":"febi-bilstein-39237-hammastangon-suojakumi","status":"publish","type":"product","link":"https:\/\/www.autonvaraosahaku.fi\/?product=febi-bilstein-39237-hammastangon-suojakumi","title":{"rendered":"FEBI BILSTEIN 39237 Hammastangon suojakumi"},"content":{"rendered":"<p>Pituus (mm): 200; Materiaali: Thermoplast; Asennuspuoli: etuakseli molemminpuoleinen; Paino [kg]: 0,07; Sis\u00e4l\u00e4pimitta 1 [mm]: 12; Sis\u00e4l\u00e4pimitta 2 [mm]: 55, 55; Moottorinumero: A16LER; Z16LER; ABARTH: PUNTO 199_,PUNTO EVO 199_; OPEL: CORSA D,CORSA D Van,CORSA E,CORSA E Van; FORD: FIESTA VI,FIESTA Stufenheck JA8 JR8,B-MAX JK,ECOSPORT,FIESTA VI Van,TOURNEO COURIER Kombi,B-MAX Van,TRANSIT COURIER Kasten,TRANSIT COURIER Kombi; FIAT: GRANDE PUNTO 199,PUNTO EVO 199,PUNTO 199,QUBO 225,FIORINO Kasten\/Kombi 225,LINEA 323,PUNTO Van 199,GRANDE PUNTO Van 199_,PUNTO EVO Van 199_; CITRO\u00cbN: NEMO Kasten AA_,NEMO Kombi; ALFA ROMEO: MITO 955; PEUGEOT: BIPPER AA_,BIPPER Tepee; VAUXHALL: CORSA Mk III D L_8,CORSAVAN Mk III D,CORSA Mk IV E; 77363828, 77363828, 93189041, 406695, 77363828, 77364571, 1545456, 1871102, 8V513L575AA, 8V513L575AB, 01609347, 1609347, 406695, 093189041, 93189041<\/p>\n","protected":false},"excerpt":{"rendered":"<p>FEBI BILSTEIN Paljekumisarja, Ohjaus 39237  ABARTH,OPEL,FORD,PUNTO 199_,PUNTO EVO 199_,CORSA D,CORSA D Van,CORSA E,CORSA E Van,FIESTA VI<\/p>\n","protected":false},"featured_media":0,"template":"","meta":{"site-sidebar-layout":"default","site-content-layout":"default","ast-global-header-display":"","ast-main-header-display":"","ast-hfb-above-header-display":"","ast-hfb-below-header-display":"","ast-hfb-mobile-header-display":"","site-post-title":"","ast-breadcrumbs-content":"","ast-featured-img":"","footer-sml-layout":"","theme-transparent-header-meta":"","adv-header-id-meta":"","stick-header-meta":"","header-above-stick-meta":"","header-main-stick-meta":"","header-below-stick-meta":""},"pwb-brand":[50],"product_cat":[81],"product_tag":[],"class_list":{"0":"post-94275","1":"product","2":"type-product","3":"status-publish","5":"pwb-brand-febi-bilstein","6":"product_cat-hammastangon-suojakumi","7":"desktop-align-left","8":"tablet-align-left","9":"mobile-align-left","11":"first","12":"instock","13":"product-type-external"},"brands":[{"id":50,"name":"FEBI BILSTEIN","slug":"febi-bilstein"}],"_links":{"self":[{"href":"https:\/\/www.autonvaraosahaku.fi\/index.php?rest_route=\/wp\/v2\/product\/94275","targetHints":{"allow":["GET"]}}],"collection":[{"href":"https:\/\/www.autonvaraosahaku.fi\/index.php?rest_route=\/wp\/v2\/product"}],"about":[{"href":"https:\/\/www.autonvaraosahaku.fi\/index.php?rest_route=\/wp\/v2\/types\/product"}],"wp:attachment":[{"href":"https:\/\/www.autonvaraosahaku.fi\/index.php?rest_route=%2Fwp%2Fv2%2Fmedia&parent=94275"}],"wp:term":[{"taxonomy":"pwb-brand","embeddable":true,"href":"https:\/\/www.autonvaraosahaku.fi\/index.php?rest_route=%2Fwp%2Fv2%2Fpwb-brand&post=94275"},{"taxonomy":"product_cat","embeddable":true,"href":"https:\/\/www.autonvaraosahaku.fi\/index.php?rest_route=%2Fwp%2Fv2%2Fproduct_cat&post=94275"},{"taxonomy":"product_tag","embeddable":true,"href":"https:\/\/www.autonvaraosahaku.fi\/index.php?rest_route=%2Fwp%2Fv2%2Fproduct_tag&post=94275"}],"curies":[{"name":"wp","href":"https:\/\/api.w.org\/{rel}","templated":true}]}}