{"id":94285,"date":"2021-02-21T21:51:08","date_gmt":"2021-02-21T21:51:08","guid":{"rendered":"https:\/\/www.autonvaraosahaku.fi\/?product=monroe-g16384-iskunvaimennin"},"modified":"2021-02-21T21:51:15","modified_gmt":"2021-02-21T21:51:15","slug":"monroe-g16384-iskunvaimennin","status":"publish","type":"product","link":"https:\/\/www.autonvaraosahaku.fi\/?product=monroe-g16384-iskunvaimennin","title":{"rendered":"MONROE G16384 Iskunvaimennin"},"content":{"rendered":"<p>Iskunvaimennin tyyppi: Kaasupaine; Iskunvaimennin malli: Joustintuki; Iskunvaimennusj\u00e4rjestelm\u00e4: Kaksiputki; Paino [kg]: 3,100; Reik\u00e4-\u00d8 [mm]: 30; suurin pituus [mm]: 476; v\u00e4h. pituus [mm]: 321; parilliset tuotenumerot: G16383; Pakkauspituus [cm]: 62; Pakkausleveys [cm]: 13,8; Pakkauskorkeus [mm]: 13,8; Tullitariffinumero: 87088035; Tappil\u00e4pimitta [mm]: 22; Asennuspuoli: Vorderachse; MAZDA: 2 DY; FORD: FIESTA V JH_, JD_; 1202475, 1206034, 1206036, 1216073, 1216074, 1227710, 1227712, 1308750, 1310093, 2S6118145AA, 2S6118145AB, 2S6118145AC, 2S6118146AA, 2S6118146AB, 2S6118146AC, 2S6118146AD, 2S6118K0001AF, 2S6118K0001AG, 2S6118K0001AH, 1308750, 3M7118146AC, 3M7118146AD, 3M7118K001AA, 3M7118K001AB, 3M7118K001AC, DDY23490Y, DDY23490YA; Iskarit,Iskunvaimennin<\/p>\n","protected":false},"excerpt":{"rendered":"<p>MONROE Iskunvaimentimet MONROE ORIGINAL (Gas Technology) G16384 Iskarit,Iskunvaimennin MAZDA,FORD,2 DY,FIESTA V JH_, JD_<\/p>\n","protected":false},"featured_media":0,"template":"","meta":{"site-sidebar-layout":"default","site-content-layout":"default","ast-global-header-display":"","ast-main-header-display":"","ast-hfb-above-header-display":"","ast-hfb-below-header-display":"","ast-hfb-mobile-header-display":"","site-post-title":"","ast-breadcrumbs-content":"","ast-featured-img":"","footer-sml-layout":"","theme-transparent-header-meta":"","adv-header-id-meta":"","stick-header-meta":"","header-above-stick-meta":"","header-main-stick-meta":"","header-below-stick-meta":""},"pwb-brand":[79],"product_cat":[80],"product_tag":[],"class_list":{"0":"post-94285","1":"product","2":"type-product","3":"status-publish","5":"pwb-brand-monroe","6":"product_cat-iskunvaimennin","7":"desktop-align-left","8":"tablet-align-left","9":"mobile-align-left","11":"first","12":"instock","13":"product-type-external"},"brands":[{"id":79,"name":"MONROE","slug":"monroe"}],"_links":{"self":[{"href":"https:\/\/www.autonvaraosahaku.fi\/index.php?rest_route=\/wp\/v2\/product\/94285","targetHints":{"allow":["GET"]}}],"collection":[{"href":"https:\/\/www.autonvaraosahaku.fi\/index.php?rest_route=\/wp\/v2\/product"}],"about":[{"href":"https:\/\/www.autonvaraosahaku.fi\/index.php?rest_route=\/wp\/v2\/types\/product"}],"wp:attachment":[{"href":"https:\/\/www.autonvaraosahaku.fi\/index.php?rest_route=%2Fwp%2Fv2%2Fmedia&parent=94285"}],"wp:term":[{"taxonomy":"pwb-brand","embeddable":true,"href":"https:\/\/www.autonvaraosahaku.fi\/index.php?rest_route=%2Fwp%2Fv2%2Fpwb-brand&post=94285"},{"taxonomy":"product_cat","embeddable":true,"href":"https:\/\/www.autonvaraosahaku.fi\/index.php?rest_route=%2Fwp%2Fv2%2Fproduct_cat&post=94285"},{"taxonomy":"product_tag","embeddable":true,"href":"https:\/\/www.autonvaraosahaku.fi\/index.php?rest_route=%2Fwp%2Fv2%2Fproduct_tag&post=94285"}],"curies":[{"name":"wp","href":"https:\/\/api.w.org\/{rel}","templated":true}]}}