{"id":94296,"date":"2021-02-21T21:51:18","date_gmt":"2021-02-21T21:51:18","guid":{"rendered":"https:\/\/www.autonvaraosahaku.fi\/?product=hjs-82-22-4310-pakoputken-asennussarja"},"modified":"2021-02-21T21:51:23","modified_gmt":"2021-02-21T21:51:23","slug":"hjs-82-22-4310-pakoputken-asennussarja","status":"publish","type":"product","link":"https:\/\/www.autonvaraosahaku.fi\/?product=hjs-82-22-4310-pakoputken-asennussarja","title":{"rendered":"HJS 82 22 4310 Pakoputken asennussarja"},"content":{"rendered":"<p>Pakoputkisto: takavaimentimelle; Vain jnk. yhteydess\u00e4: OE-Schalld\u00e4mpfer; Materiaali: Ruostumaton ter\u00e4s; Lis\u00e4tarvike\/lis\u00e4tieto: Asenna alkuper\u00e4inen vaimentimen pidike uudelleen; Moottorinumero: KF01 (TU3AE5); PEUGEOT: 206 Schr\u00e4gheck 2A\/C,206 CC 2D,206+ T3E; 1726GY, 1726GZ, 1726TP, 1726TQ, 1726WX, 1726X9, 1726XA, 1726Y0, 1726Y1, 1730EC, 1730EE, 1730GN, 1730GP, 1730LA, 1730LD; Pakoputken Kannatinkumi,Pidike, Vaimennin<\/p>\n","protected":false},"excerpt":{"rendered":"<p>HJS Pakoputken Kannatin 82 22 4310 Pakoputken Kannatinkumi,Pidike, Vaimennin PEUGEOT,206 Schr\u00e4gheck 2A\/C,206 CC 2D,206+ T3E<\/p>\n","protected":false},"featured_media":0,"template":"","meta":{"site-sidebar-layout":"default","site-content-layout":"default","ast-global-header-display":"","ast-main-header-display":"","ast-hfb-above-header-display":"","ast-hfb-below-header-display":"","ast-hfb-mobile-header-display":"","site-post-title":"","ast-breadcrumbs-content":"","ast-featured-img":"","footer-sml-layout":"","theme-transparent-header-meta":"","adv-header-id-meta":"","stick-header-meta":"","header-above-stick-meta":"","header-main-stick-meta":"","header-below-stick-meta":""},"pwb-brand":[344],"product_cat":[101],"product_tag":[],"class_list":{"0":"post-94296","1":"product","2":"type-product","3":"status-publish","5":"pwb-brand-hjs","6":"product_cat-pakoputken-asennussarja","7":"desktop-align-left","8":"tablet-align-left","9":"mobile-align-left","11":"first","12":"instock","13":"product-type-external"},"brands":[{"id":344,"name":"HJS","slug":"hjs"}],"_links":{"self":[{"href":"https:\/\/www.autonvaraosahaku.fi\/index.php?rest_route=\/wp\/v2\/product\/94296","targetHints":{"allow":["GET"]}}],"collection":[{"href":"https:\/\/www.autonvaraosahaku.fi\/index.php?rest_route=\/wp\/v2\/product"}],"about":[{"href":"https:\/\/www.autonvaraosahaku.fi\/index.php?rest_route=\/wp\/v2\/types\/product"}],"wp:attachment":[{"href":"https:\/\/www.autonvaraosahaku.fi\/index.php?rest_route=%2Fwp%2Fv2%2Fmedia&parent=94296"}],"wp:term":[{"taxonomy":"pwb-brand","embeddable":true,"href":"https:\/\/www.autonvaraosahaku.fi\/index.php?rest_route=%2Fwp%2Fv2%2Fpwb-brand&post=94296"},{"taxonomy":"product_cat","embeddable":true,"href":"https:\/\/www.autonvaraosahaku.fi\/index.php?rest_route=%2Fwp%2Fv2%2Fproduct_cat&post=94296"},{"taxonomy":"product_tag","embeddable":true,"href":"https:\/\/www.autonvaraosahaku.fi\/index.php?rest_route=%2Fwp%2Fv2%2Fproduct_tag&post=94296"}],"curies":[{"name":"wp","href":"https:\/\/api.w.org\/{rel}","templated":true}]}}