{"id":94313,"date":"2021-02-21T21:51:29","date_gmt":"2021-02-21T21:51:29","guid":{"rendered":"https:\/\/www.autonvaraosahaku.fi\/?product=spidan-21588-vetonivelen-suojakumi"},"modified":"2021-02-21T21:51:31","modified_gmt":"2021-02-21T21:51:31","slug":"spidan-21588-vetonivelen-suojakumi","status":"publish","type":"product","link":"https:\/\/www.autonvaraosahaku.fi\/?product=spidan-21588-vetonivelen-suojakumi","title":{"rendered":"SPIDAN 21588 Vetonivelen suojakumi"},"content":{"rendered":"<p>Sis\u00e4l\u00e4pimitta 1 [mm]: 25,5; Sis\u00e4l\u00e4pimitta 2 [mm]: 83; Korkeus (mm): 110,00; Korvaava tuote\/korvaava tiedote 2: mutterilla; OE-numerolle: 6Q0498203; Kierremitta: M16x1,5; Paljekumin materiaali: TPE (termoplastinen elastomeeri); Uusi osa: ; Asennuspuoli: radseitig; VW: POLO 9N_,POLO 6R, 6C,FOX 5Z1, 5Z3,POLO CLASSIC 6KV2,POLO Stufenheck 9A4,POLO Van 6R; AUDI: A2 8Z0; SKODA: FABIA Combi 6Y5,FABIA,FABIA 6Y2,FABIA Combi,ROOMSTER 5J,RAPID Spaceback NH1,FABIA Stufenheck 6Y3,ROOMSTER Praktik 5J,RAPID NH3,FABIA Praktik,FABIA NJ3,FABIA Kombi NJ5; SEAT: IBIZA IV 6L1,IBIZA V 6J5, 6P5,IBIZA V ST 6J8, 6P8,IBIZA V SPORTCOUPE 6J1, 6P1,CORDOBA 6L2,TOLEDO IV KG3; 6Q0498203, 6Q0498203D, 6QD498203, 6QD498203D, 6Q0498203, 6Q0498203D, 6QD498203, 6QD498203D, 6Q0498203, 6Q0498203D, 6QD498203, 6QD498203D, 6Q0498203, 6Q0498203D, 6QD498203, 6QD498203D<\/p>\n","protected":false},"excerpt":{"rendered":"<p>SPIDAN Paljekumisarja, Vetoakseli 21588  VW,AUDI,SKODA,POLO 9N_,POLO 6R, 6C,FOX 5Z1, 5Z3,POLO CLASSIC 6KV2,POLO Stufenheck 9A4,POLO Van 6R,A2 8Z0<\/p>\n","protected":false},"featured_media":0,"template":"","meta":{"site-sidebar-layout":"default","site-content-layout":"default","ast-global-header-display":"","ast-main-header-display":"","ast-hfb-above-header-display":"","ast-hfb-below-header-display":"","ast-hfb-mobile-header-display":"","site-post-title":"","ast-breadcrumbs-content":"","ast-featured-img":"","footer-sml-layout":"","theme-transparent-header-meta":"","adv-header-id-meta":"","stick-header-meta":"","header-above-stick-meta":"","header-main-stick-meta":"","header-below-stick-meta":""},"pwb-brand":[411],"product_cat":[42],"product_tag":[],"class_list":{"0":"post-94313","1":"product","2":"type-product","3":"status-publish","5":"pwb-brand-spidan","6":"product_cat-vetonivelen-suojakumi","7":"desktop-align-left","8":"tablet-align-left","9":"mobile-align-left","11":"first","12":"instock","13":"product-type-external"},"brands":[{"id":411,"name":"SPIDAN","slug":"spidan"}],"_links":{"self":[{"href":"https:\/\/www.autonvaraosahaku.fi\/index.php?rest_route=\/wp\/v2\/product\/94313","targetHints":{"allow":["GET"]}}],"collection":[{"href":"https:\/\/www.autonvaraosahaku.fi\/index.php?rest_route=\/wp\/v2\/product"}],"about":[{"href":"https:\/\/www.autonvaraosahaku.fi\/index.php?rest_route=\/wp\/v2\/types\/product"}],"wp:attachment":[{"href":"https:\/\/www.autonvaraosahaku.fi\/index.php?rest_route=%2Fwp%2Fv2%2Fmedia&parent=94313"}],"wp:term":[{"taxonomy":"pwb-brand","embeddable":true,"href":"https:\/\/www.autonvaraosahaku.fi\/index.php?rest_route=%2Fwp%2Fv2%2Fpwb-brand&post=94313"},{"taxonomy":"product_cat","embeddable":true,"href":"https:\/\/www.autonvaraosahaku.fi\/index.php?rest_route=%2Fwp%2Fv2%2Fproduct_cat&post=94313"},{"taxonomy":"product_tag","embeddable":true,"href":"https:\/\/www.autonvaraosahaku.fi\/index.php?rest_route=%2Fwp%2Fv2%2Fproduct_tag&post=94313"}],"curies":[{"name":"wp","href":"https:\/\/api.w.org\/{rel}","templated":true}]}}